{"id":1617,"date":"2023-11-17T12:28:50","date_gmt":"2023-11-17T11:28:50","guid":{"rendered":"https:\/\/produktpass-teppichboden.de\/laerm-geraeusche\/"},"modified":"2023-12-04T11:39:19","modified_gmt":"2023-12-04T10:39:19","slug":"lawaai-geluiden","status":"publish","type":"page","link":"https:\/\/gut-prodis.eu\/nl\/lawaai-geluiden\/","title":{"rendered":"lawaai-geluiden"},"content":{"rendered":"<p>[et_pb_section fb_built=&#8221;1&#8243; _builder_version=&#8221;4.23.1&#8243; _module_preset=&#8221;default&#8221; background_color=&#8221;rgba(10,0,0,0.28)&#8221; background_image=&#8221;https:\/\/produktpass-teppichboden.de\/wp-content\/uploads\/2023\/11\/GUT_Gemeinschaft_umweltfreundlicher_Teppichboeden_ev_header15.jpg&#8221; background_position=&#8221;bottom_center&#8221; background_vertical_offset=&#8221;21%&#8221; background_blend=&#8221;multiply&#8221; height=&#8221;32vh&#8221; height_tablet=&#8221;32vh&#8221; height_phone=&#8221;36vh&#8221; height_last_edited=&#8221;on|phone&#8221; custom_margin=&#8221;0px|0px|0px|0px|false|false&#8221; custom_padding=&#8221;0px|0px|0px|0px|false|false&#8221; locked=&#8221;off&#8221; global_colors_info=&#8221;{}&#8221;][et_pb_row column_structure=&#8221;1_2,1_2&#8243; _builder_version=&#8221;4.23.1&#8243; _module_preset=&#8221;default&#8221; max_width=&#8221;100%&#8221; min_height=&#8221;100%&#8221; height=&#8221;100%&#8221; max_height=&#8221;100%&#8221; locked=&#8221;off&#8221; global_colors_info=&#8221;{}&#8221;][et_pb_column type=&#8221;1_2&#8243; _builder_version=&#8221;4.22.1&#8243; _module_preset=&#8221;default&#8221; global_colors_info=&#8221;{}&#8221;][\/et_pb_column][et_pb_column type=&#8221;1_2&#8243; _builder_version=&#8221;4.22.1&#8243; _module_preset=&#8221;default&#8221; global_colors_info=&#8221;{}&#8221;][et_pb_text _builder_version=&#8221;4.23.1&#8243; _module_preset=&#8221;default&#8221; header_font=&#8221;|||on|||||&#8221; header_text_color=&#8221;#FFFFFF&#8221; header_line_height=&#8221;1.1em&#8221; custom_margin=&#8221;10vh||8px||false|false&#8221; custom_margin_tablet=&#8221;7vh||||false|false&#8221; custom_margin_phone=&#8221;7vh||||false|false&#8221; custom_margin_last_edited=&#8221;on|phone&#8221; hover_enabled=&#8221;0&#8243; global_colors_info=&#8221;{}&#8221; sticky_enabled=&#8221;0&#8243;]<\/p>\n<h1>Lawaai &amp; geluiden<\/h1>\n<p>[\/et_pb_text][et_pb_text _builder_version=&#8221;4.23.1&#8243; _module_preset=&#8221;default&#8221; text_font=&#8221;|||on|||||&#8221; text_text_color=&#8221;#FFFFFF&#8221; text_font_size=&#8221;24px&#8221; hover_enabled=&#8221;0&#8243; locked=&#8221;off&#8221; global_colors_info=&#8221;{}&#8221; sticky_enabled=&#8221;0&#8243;]<\/p>\n<p>Tapijt: de beste vloerbedekking om ongewenst geluid tegen te gaan<\/p>\n<p>[\/et_pb_text][\/et_pb_column][\/et_pb_row][\/et_pb_section][et_pb_section fb_built=&#8221;1&#8243; _builder_version=&#8221;4.23.1&#8243; _module_preset=&#8221;default&#8221; custom_margin=&#8221;||20px||false|false&#8221; global_colors_info=&#8221;{}&#8221;][et_pb_row _builder_version=&#8221;4.23.1&#8243; _module_preset=&#8221;default&#8221; custom_padding=&#8221;0px|||||&#8221; global_colors_info=&#8221;{}&#8221;][et_pb_column type=&#8221;4_4&#8243; _builder_version=&#8221;4.22.1&#8243; _module_preset=&#8221;default&#8221; global_colors_info=&#8221;{}&#8221;][et_pb_text _builder_version=&#8221;4.23.1&#8243; _module_preset=&#8221;default&#8221; text_line_height=&#8221;1.3em&#8221; hover_enabled=&#8221;0&#8243; global_colors_info=&#8221;{}&#8221; sticky_enabled=&#8221;0&#8243;]<\/p>\n<p>Lawaai en geluiden zijn een last in ons dagelijks leven. Leer meer over de voordelen van textiele vloerbedekking in woon- en werkruimtes om geluiden en lawaai te verminderen.<\/p>\n<p>[\/et_pb_text][\/et_pb_column][\/et_pb_row][et_pb_row _builder_version=&#8221;4.23.1&#8243; _module_preset=&#8221;default&#8221; custom_padding=&#8221;||0px||false|false&#8221; locked=&#8221;off&#8221; global_colors_info=&#8221;{}&#8221;][et_pb_column type=&#8221;4_4&#8243; _builder_version=&#8221;4.23.1&#8243; _module_preset=&#8221;default&#8221; global_colors_info=&#8221;{}&#8221;][et_pb_text _builder_version=&#8221;4.23.1&#8243; _module_preset=&#8221;default&#8221; header_font=&#8221;|||on|||||&#8221; header_3_font=&#8221;|600||on|||||&#8221; header_3_text_color=&#8221;#23295B&#8221; custom_margin=&#8221;||0px||false|false&#8221; hover_enabled=&#8221;0&#8243; locked=&#8221;off&#8221; global_colors_info=&#8221;{}&#8221; sticky_enabled=&#8221;0&#8243;]<\/p>\n<h3>Tapijt helpt om ongewenst geluid te voorkomen<\/h3>\n<p>[\/et_pb_text][et_pb_text _builder_version=&#8221;4.23.1&#8243; _module_preset=&#8221;default&#8221; hover_enabled=&#8221;0&#8243; global_colors_info=&#8221;{}&#8221; sticky_enabled=&#8221;0&#8243;]<\/p>\n<p>Noise is one of the most pervasive pollutants today. Noise from road traffic, airplanes, construction works creates the audible litter that is routinely transmitted through the air.<\/p>\n<ul>\n<li>Excessive noise levels affect mental concentration, becoming an obstacle to normal activity. At extreme levels, they generate pain and loss of hearing.<\/li>\n<li>Noise disturbs the sleep, reducing vitality and concentration. It creates stress, inducing hormonal change and increasing the production of cortisol and adrenalin.<\/li>\n<li>It leads to nervous, digestive and cardiovascular diseases. It reduces the hearing.<\/li>\n<li>A study conducted in Berlin has shown that the risk of heart failure is increased by 30% for people living in noisy streets. (Source: UBA, Press Release 19\/2004)<\/li>\n<\/ul>\n<p>[\/et_pb_text][\/et_pb_column][\/et_pb_row][et_pb_row _builder_version=&#8221;4.23.1&#8243; _module_preset=&#8221;default&#8221; custom_padding=&#8221;65px|||||&#8221; global_colors_info=&#8221;{}&#8221;][et_pb_column type=&#8221;4_4&#8243; _builder_version=&#8221;4.23.1&#8243; _module_preset=&#8221;default&#8221; global_colors_info=&#8221;{}&#8221;][et_pb_divider _builder_version=&#8221;4.23.1&#8243; _module_preset=&#8221;default&#8221; global_colors_info=&#8221;{}&#8221;][\/et_pb_divider][\/et_pb_column][\/et_pb_row][et_pb_row column_structure=&#8221;2_3,1_3&#8243; _builder_version=&#8221;4.23.1&#8243; _module_preset=&#8221;default&#8221; custom_padding=&#8221;0px||3px||false|false&#8221; locked=&#8221;off&#8221; global_colors_info=&#8221;{}&#8221;][et_pb_column type=&#8221;2_3&#8243; _builder_version=&#8221;4.23.1&#8243; _module_preset=&#8221;default&#8221; global_colors_info=&#8221;{}&#8221;][et_pb_text _builder_version=&#8221;4.23.1&#8243; _module_preset=&#8221;default&#8221; header_font=&#8221;|||on|||||&#8221; header_3_font=&#8221;|600||on|||||&#8221; header_3_text_color=&#8221;#23295B&#8221; custom_margin=&#8221;||0px||false|false&#8221; hover_enabled=&#8221;0&#8243; locked=&#8221;off&#8221; global_colors_info=&#8221;{}&#8221; sticky_enabled=&#8221;0&#8243;]<\/p>\n<h3>Hoe houd je je buren te vriend<\/h3>\n<p>[\/et_pb_text][et_pb_text _builder_version=&#8221;4.23.1&#8243; _module_preset=&#8221;default&#8221; hover_enabled=&#8221;0&#8243; global_colors_info=&#8221;{}&#8221; sticky_enabled=&#8221;0&#8243;]<\/p>\n<section id=\"section-id-1620380284152\" class=\"sppb-section\">\n<div class=\"sppb-row-container\">\n<div class=\"sppb-row\">\n<div id=\"column-wrap-id-1620380284150\" class=\"sppb-col-md-12\">\n<div id=\"column-id-1620380284150\" class=\"sppb-column\">\n<div class=\"sppb-column-addons\">\n<div id=\"sppb-addon-wrapper-1620380284178\" class=\"sppb-addon-wrapper\">\n<div id=\"sppb-addon-1620380284178\" class=\"clearfix \">\n<div class=\"sppb-addon sppb-addon-text-block sppb-text-center \">\n<div class=\"sppb-addon-content\">\n<div>\n<p>Burengeluid kan een probleem worden wanneer het buiten- sporige proporties aanneemt. Impactgeluid dat wordt ver- oorzaakt door voetstappen vormt een apart probleem, om- dat men al snel het gevoel krijgt dat het niet te vermijden valt. Men krijgt de indruk geen controle meer te hebben over de eigen omgeving, hoewel de bovenburen wellicht geen ab- normale activiteiten uitoefenen.<\/p>\n<p class=\"p1\">Impactgeluid dat wordt veroorzaakt door buren kan via verschillende mechanismen een indirecte katalysator worden voor een slechtere gezondheid. De impact op de gezondheid en het welzijn hangt af van de gevoeligheid en het gezondheidsprofiel van de betrokken persoon, de omstandigheden en perceptie van of controle over het geluidsprobleem.<span class=\"Apple-converted-space\">\u00a0<\/span><\/p>\n<\/div>\n<\/div>\n<\/div>\n<\/div>\n<\/div>\n<\/div>\n<\/div>\n<\/div>\n<\/div>\n<\/div>\n<\/section>\n<section id=\"section-id-1620384232079\" class=\"sppb-section\">\n<div class=\"sppb-row-container\">\n<div class=\"sppb-row\">\n<div id=\"column-wrap-id-1620384232080\" class=\"sppb-col-md-8\">\n<div id=\"column-id-1620384232080\" class=\"sppb-column\">\n<div class=\"sppb-column-addons\">\n<div id=\"sppb-addon-wrapper-1620384232081\" class=\"sppb-addon-wrapper\">\n<div id=\"sppb-addon-1620384232081\" class=\"clearfix \">\n<div class=\"sppb-addon sppb-addon-text-block sppb-text-center \">\n<div class=\"sppb-addon-content\">\n<div>\n<p class=\"p1\">Niet-auditieve gevolgen van huislawaai zijn:<span class=\"Apple-converted-space\">\u00a0<\/span><\/p>\n<ul>\n<li class=\"p3\">verstoorde slaap<span class=\"Apple-converted-space\">\u00a0<\/span><\/li>\n<li class=\"p3\">verstoorde activiteit<span class=\"Apple-converted-space\">\u00a0<\/span><\/li>\n<li class=\"p3\">ergernis<span class=\"Apple-converted-space\">\u00a0<\/span><\/li>\n<li class=\"p3\">emotionele reactie<span class=\"Apple-converted-space\">\u00a0<\/span><\/li>\n<\/ul>\n<p class=\"p2\">Activiteiten als rusten en televisie kijken\/radio luisteren worden het vaakst door lawaai verstoord, wat gevoelens van woede, depressie en angst kan veroorzaken. Geluidsoverdracht tussen buren doet de spanningen toenemen en kan leiden tot ruzie, soms zelfs tot fysiek geweld.<span class=\"Apple-converted-space\">\u00a0<\/span><\/p>\n<\/div>\n<\/div>\n<\/div>\n<\/div>\n<\/div>\n<\/div>\n<\/div>\n<\/div>\n<\/div>\n<\/div>\n<\/section>\n<p>[\/et_pb_text][\/et_pb_column][et_pb_column type=&#8221;1_3&#8243; _builder_version=&#8221;4.23.1&#8243; _module_preset=&#8221;default&#8221; global_colors_info=&#8221;{}&#8221;][et_pb_image src=&#8221;https:\/\/produktpass-teppichboden.de\/wp-content\/uploads\/2023\/11\/trittschall_teppichboden_gut_de.jpg&#8221; title_text=&#8221;trittschall_teppichboden_gut_de&#8221; align=&#8221;center&#8221; _builder_version=&#8221;4.23.1&#8243; _module_preset=&#8221;default&#8221; max_width=&#8221;80%&#8221; global_colors_info=&#8221;{}&#8221;][\/et_pb_image][\/et_pb_column][\/et_pb_row][et_pb_row _builder_version=&#8221;4.23.1&#8243; _module_preset=&#8221;default&#8221; custom_padding=&#8221;65px|||||&#8221; global_colors_info=&#8221;{}&#8221;][et_pb_column type=&#8221;4_4&#8243; _builder_version=&#8221;4.23.1&#8243; _module_preset=&#8221;default&#8221; global_colors_info=&#8221;{}&#8221;][et_pb_divider _builder_version=&#8221;4.23.1&#8243; _module_preset=&#8221;default&#8221; global_colors_info=&#8221;{}&#8221;][\/et_pb_divider][\/et_pb_column][\/et_pb_row][et_pb_row column_structure=&#8221;2_3,1_3&#8243; _builder_version=&#8221;4.23.1&#8243; _module_preset=&#8221;default&#8221; custom_padding=&#8221;0px||0px||false|false&#8221; locked=&#8221;off&#8221; global_colors_info=&#8221;{}&#8221;][et_pb_column type=&#8221;2_3&#8243; _builder_version=&#8221;4.23.1&#8243; _module_preset=&#8221;default&#8221; global_colors_info=&#8221;{}&#8221;][et_pb_text _builder_version=&#8221;4.23.1&#8243; _module_preset=&#8221;default&#8221; header_font=&#8221;|||on|||||&#8221; header_3_font=&#8221;|600||on|||||&#8221; header_3_text_color=&#8221;#23295B&#8221; custom_margin=&#8221;||0px||false|false&#8221; locked=&#8221;off&#8221; global_colors_info=&#8221;{}&#8221;]<\/p>\n<h3>Teppichboden verbessert Wahrnehmung von Behaglichkeit<\/h3>\n<p>[\/et_pb_text][et_pb_text _builder_version=&#8221;4.23.1&#8243; _module_preset=&#8221;default&#8221; global_colors_info=&#8221;{}&#8221;]<\/p>\n<p>Tats\u00e4chlich verbessert ein Teppichboden sowohl die physiologische als auch die psychologische Wahrnehmung von Behaglichkeit: In einem mit Teppichboden ausgelegten Raum f\u00fchlen sich Bewohner auch dann noch wohl, wenn die Zimmertemperatur 1 bis 2\u00b0C niedriger ist als in R\u00e4umen ohne Teppichboden. Die optimale Raumtemperatur richtet sich auch nach dem Verwendungszweck und den T\u00e4tigkeiten.<\/p>\n<p>Bei sitzender T\u00e4tigkeit und leichter Bekleidung sollte die Raumtemperatur nicht unter 20 \u00b0C und nicht \u00fcber 22 \u00b0C liegen. Bei erh\u00f6hter k\u00f6rperlicher T\u00e4tigkeit oder gut isolierender Kleidung kann die Raumtemperatur entsprechend abgesenkt werden.<\/p>\n<p>Aus bauphysikalischer Sicht gibt es einen klar definierten Bereich, in dem sich der Mensch in geschlossenen R\u00e4umen am wohlsten f\u00fchlt: dem \u201cBehaglichkeitsfeld\u201d! (siehe Abbildung)<\/p>\n<p>Dieses \u201cBehaglichkeitsfeld\u201d definiert sich durch die bereits erw\u00e4hnten optimalen Raumtemperaturen und der Temperatur der umschlie\u00dfenden Fl\u00e4chen.<\/p>\n<p>[\/et_pb_text][\/et_pb_column][et_pb_column type=&#8221;1_3&#8243; _builder_version=&#8221;4.23.1&#8243; _module_preset=&#8221;default&#8221; global_colors_info=&#8221;{}&#8221;][et_pb_image src=&#8221;https:\/\/produktpass-teppichboden.de\/wp-content\/uploads\/2023\/11\/leaflet-comfort-du-08-01-2015-lr-2_08.jpg&#8221; title_text=&#8221;leaflet-comfort-du-08-01-2015-lr-2_08&#8243; show_in_lightbox=&#8221;on&#8221; align=&#8221;center&#8221; _builder_version=&#8221;4.23.1&#8243; _module_preset=&#8221;default&#8221; max_width=&#8221;80%&#8221; global_colors_info=&#8221;{}&#8221;][\/et_pb_image][\/et_pb_column][\/et_pb_row][et_pb_row _builder_version=&#8221;4.23.1&#8243; _module_preset=&#8221;default&#8221; custom_padding=&#8221;65px|||||&#8221; global_colors_info=&#8221;{}&#8221;][et_pb_column type=&#8221;4_4&#8243; _builder_version=&#8221;4.23.1&#8243; _module_preset=&#8221;default&#8221; global_colors_info=&#8221;{}&#8221;][et_pb_divider _builder_version=&#8221;4.23.1&#8243; _module_preset=&#8221;default&#8221; global_colors_info=&#8221;{}&#8221;][\/et_pb_divider][\/et_pb_column][\/et_pb_row][et_pb_row _builder_version=&#8221;4.23.1&#8243; _module_preset=&#8221;default&#8221; custom_padding=&#8221;0px||55px||false|false&#8221; global_colors_info=&#8221;{}&#8221;][et_pb_column type=&#8221;4_4&#8243; _builder_version=&#8221;4.23.1&#8243; _module_preset=&#8221;default&#8221; global_colors_info=&#8221;{}&#8221;][et_pb_text _builder_version=&#8221;4.23.1&#8243; _module_preset=&#8221;default&#8221; header_font=&#8221;|||on|||||&#8221; header_3_font=&#8221;|600||on|||||&#8221; header_3_text_color=&#8221;#23295B&#8221; custom_margin=&#8221;||0px||false|false&#8221; locked=&#8221;off&#8221; global_colors_info=&#8221;{}&#8221;]<\/p>\n<h3>Download Informationsblatt: Wohlbefinden &amp; Komfort mit textilen Bodenbel\u00e4gen<\/h3>\n<p>[\/et_pb_text][et_pb_text _builder_version=&#8221;4.23.1&#8243; _module_preset=&#8221;default&#8221; global_colors_info=&#8221;{}&#8221;]Laden Sie sich hier unser Informationsblatt zu diesem Thema als PDF herunter.[\/et_pb_text][et_pb_button button_url=&#8221;https:\/\/produktpass-teppichboden.de\/wp-content\/uploads\/2023\/11\/komfortwohlbefinden_mit_teppichboeden_gut_gemeinschaft_-umweltfreundlicher_-teppichboden_de.pdf&#8221; url_new_window=&#8221;on&#8221; button_text=&#8221;Hier downloaden&#8221; button_alignment=&#8221;center&#8221; _builder_version=&#8221;4.23.1&#8243; _module_preset=&#8221;default&#8221; custom_button=&#8221;on&#8221; button_text_size=&#8221;18px&#8221; button_text_color=&#8221;#FFFFFF&#8221; button_bg_color=&#8221;#3FA535&#8243; button_border_width=&#8221;0px&#8221; button_border_color=&#8221;RGBA(255,255,255,0)&#8221; button_border_radius=&#8221;10px&#8221; button_font=&#8221;|||on|||||&#8221; button_use_icon=&#8221;off&#8221; custom_margin=&#8221;13px|||||&#8221; global_colors_info=&#8221;{}&#8221;][\/et_pb_button][\/et_pb_column][\/et_pb_row][\/et_pb_section]<\/p>\n","protected":false},"excerpt":{"rendered":"<p>Lawaai &amp; geluidenTapijt: de beste vloerbedekking om ongewenst geluid tegen te gaanLawaai en geluiden zijn een last in ons dagelijks leven. Leer meer over de voordelen van textiele vloerbedekking in woon- en werkruimtes om geluiden en lawaai te verminderen.Tapijt helpt om ongewenst geluid te voorkomenNoise is one of the most pervasive pollutants today. Noise from [&hellip;]<\/p>\n","protected":false},"author":2,"featured_media":0,"parent":0,"menu_order":0,"comment_status":"closed","ping_status":"closed","template":"","meta":{"_et_pb_use_builder":"on","_et_pb_old_content":"","_et_gb_content_width":"","footnotes":""},"dipi_cpt_category":[],"class_list":["post-1617","page","type-page","status-publish","hentry"],"yoast_head":"<!-- This site is optimized with the Yoast SEO plugin v27.3 - https:\/\/yoast.com\/product\/yoast-seo-wordpress\/ -->\n<title>lawaai-geluiden - Gemeinschaft umweltfreundlicher Teppichboden e.V. (GUT)<\/title>\n<meta name=\"robots\" content=\"index, follow, max-snippet:-1, max-image-preview:large, max-video-preview:-1\" \/>\n<link rel=\"canonical\" href=\"https:\/\/gut-prodis.eu\/nl\/lawaai-geluiden\/\" \/>\n<meta property=\"og:locale\" content=\"nl_NL\" \/>\n<meta property=\"og:type\" content=\"article\" \/>\n<meta property=\"og:title\" content=\"lawaai-geluiden - Gemeinschaft umweltfreundlicher Teppichboden e.V. (GUT)\" \/>\n<meta property=\"og:description\" content=\"Lawaai &amp; geluidenTapijt: de beste vloerbedekking om ongewenst geluid tegen te gaanLawaai en geluiden zijn een last in ons dagelijks leven. Leer meer over de voordelen van textiele vloerbedekking in woon- en werkruimtes om geluiden en lawaai te verminderen.Tapijt helpt om ongewenst geluid te voorkomenNoise is one of the most pervasive pollutants today. Noise from [&hellip;]\" \/>\n<meta property=\"og:url\" content=\"https:\/\/gut-prodis.eu\/nl\/lawaai-geluiden\/\" \/>\n<meta property=\"og:site_name\" content=\"Gemeinschaft umweltfreundlicher Teppichboden e.V. (GUT)\" \/>\n<meta property=\"article:modified_time\" content=\"2023-12-04T10:39:19+00:00\" \/>\n<meta name=\"twitter:label1\" content=\"Geschatte leestijd\" \/>\n\t<meta name=\"twitter:data1\" content=\"7 minuten\" \/>\n<script type=\"application\/ld+json\" class=\"yoast-schema-graph\">{\"@context\":\"https:\\\/\\\/schema.org\",\"@graph\":[{\"@type\":\"WebPage\",\"@id\":\"https:\\\/\\\/gut-prodis.eu\\\/nl\\\/lawaai-geluiden\\\/\",\"url\":\"https:\\\/\\\/gut-prodis.eu\\\/nl\\\/lawaai-geluiden\\\/\",\"name\":\"lawaai-geluiden - Gemeinschaft umweltfreundlicher Teppichboden e.V. (GUT)\",\"isPartOf\":{\"@id\":\"https:\\\/\\\/gut-prodis.eu\\\/nl\\\/#website\"},\"datePublished\":\"2023-11-17T11:28:50+00:00\",\"dateModified\":\"2023-12-04T10:39:19+00:00\",\"breadcrumb\":{\"@id\":\"https:\\\/\\\/gut-prodis.eu\\\/nl\\\/lawaai-geluiden\\\/#breadcrumb\"},\"inLanguage\":\"nl-NL\",\"potentialAction\":[{\"@type\":\"ReadAction\",\"target\":[\"https:\\\/\\\/gut-prodis.eu\\\/nl\\\/lawaai-geluiden\\\/\"]}]},{\"@type\":\"BreadcrumbList\",\"@id\":\"https:\\\/\\\/gut-prodis.eu\\\/nl\\\/lawaai-geluiden\\\/#breadcrumb\",\"itemListElement\":[{\"@type\":\"ListItem\",\"position\":1,\"name\":\"Startseite\",\"item\":\"https:\\\/\\\/gut-prodis.eu\\\/nl\\\/\"},{\"@type\":\"ListItem\",\"position\":2,\"name\":\"lawaai-geluiden\"}]},{\"@type\":\"WebSite\",\"@id\":\"https:\\\/\\\/gut-prodis.eu\\\/nl\\\/#website\",\"url\":\"https:\\\/\\\/gut-prodis.eu\\\/nl\\\/\",\"name\":\"Gemeinschaft umweltfreundlicher Teppichboden e.V. (GUT)\",\"description\":\"\",\"publisher\":{\"@id\":\"https:\\\/\\\/gut-prodis.eu\\\/nl\\\/#organization\"},\"potentialAction\":[{\"@type\":\"SearchAction\",\"target\":{\"@type\":\"EntryPoint\",\"urlTemplate\":\"https:\\\/\\\/gut-prodis.eu\\\/nl\\\/?s={search_term_string}\"},\"query-input\":{\"@type\":\"PropertyValueSpecification\",\"valueRequired\":true,\"valueName\":\"search_term_string\"}}],\"inLanguage\":\"nl-NL\"},{\"@type\":\"Organization\",\"@id\":\"https:\\\/\\\/gut-prodis.eu\\\/nl\\\/#organization\",\"name\":\"Gemeinschaft umweltfreundlicher Teppichboden e.V. (GUT)\",\"url\":\"https:\\\/\\\/gut-prodis.eu\\\/nl\\\/\",\"logo\":{\"@type\":\"ImageObject\",\"inLanguage\":\"nl-NL\",\"@id\":\"https:\\\/\\\/gut-prodis.eu\\\/nl\\\/#\\\/schema\\\/logo\\\/image\\\/\",\"url\":\"https:\\\/\\\/gut-prodis.eu\\\/wp-content\\\/uploads\\\/2023\\\/10\\\/gut-teppichboden-logo.svg\",\"contentUrl\":\"https:\\\/\\\/gut-prodis.eu\\\/wp-content\\\/uploads\\\/2023\\\/10\\\/gut-teppichboden-logo.svg\",\"width\":1,\"height\":1,\"caption\":\"Gemeinschaft umweltfreundlicher Teppichboden e.V. (GUT)\"},\"image\":{\"@id\":\"https:\\\/\\\/gut-prodis.eu\\\/nl\\\/#\\\/schema\\\/logo\\\/image\\\/\"},\"sameAs\":[\"https:\\\/\\\/www.linkedin.com\\\/company\\\/gut-ev\\\/\"]}]}<\/script>\n<!-- \/ Yoast SEO plugin. -->","yoast_head_json":{"title":"lawaai-geluiden - Gemeinschaft umweltfreundlicher Teppichboden e.V. (GUT)","robots":{"index":"index","follow":"follow","max-snippet":"max-snippet:-1","max-image-preview":"max-image-preview:large","max-video-preview":"max-video-preview:-1"},"canonical":"https:\/\/gut-prodis.eu\/nl\/lawaai-geluiden\/","og_locale":"nl_NL","og_type":"article","og_title":"lawaai-geluiden - Gemeinschaft umweltfreundlicher Teppichboden e.V. (GUT)","og_description":"Lawaai &amp; geluidenTapijt: de beste vloerbedekking om ongewenst geluid tegen te gaanLawaai en geluiden zijn een last in ons dagelijks leven. Leer meer over de voordelen van textiele vloerbedekking in woon- en werkruimtes om geluiden en lawaai te verminderen.Tapijt helpt om ongewenst geluid te voorkomenNoise is one of the most pervasive pollutants today. Noise from [&hellip;]","og_url":"https:\/\/gut-prodis.eu\/nl\/lawaai-geluiden\/","og_site_name":"Gemeinschaft umweltfreundlicher Teppichboden e.V. (GUT)","article_modified_time":"2023-12-04T10:39:19+00:00","twitter_misc":{"Geschatte leestijd":"7 minuten"},"schema":{"@context":"https:\/\/schema.org","@graph":[{"@type":"WebPage","@id":"https:\/\/gut-prodis.eu\/nl\/lawaai-geluiden\/","url":"https:\/\/gut-prodis.eu\/nl\/lawaai-geluiden\/","name":"lawaai-geluiden - Gemeinschaft umweltfreundlicher Teppichboden e.V. (GUT)","isPartOf":{"@id":"https:\/\/gut-prodis.eu\/nl\/#website"},"datePublished":"2023-11-17T11:28:50+00:00","dateModified":"2023-12-04T10:39:19+00:00","breadcrumb":{"@id":"https:\/\/gut-prodis.eu\/nl\/lawaai-geluiden\/#breadcrumb"},"inLanguage":"nl-NL","potentialAction":[{"@type":"ReadAction","target":["https:\/\/gut-prodis.eu\/nl\/lawaai-geluiden\/"]}]},{"@type":"BreadcrumbList","@id":"https:\/\/gut-prodis.eu\/nl\/lawaai-geluiden\/#breadcrumb","itemListElement":[{"@type":"ListItem","position":1,"name":"Startseite","item":"https:\/\/gut-prodis.eu\/nl\/"},{"@type":"ListItem","position":2,"name":"lawaai-geluiden"}]},{"@type":"WebSite","@id":"https:\/\/gut-prodis.eu\/nl\/#website","url":"https:\/\/gut-prodis.eu\/nl\/","name":"Gemeinschaft umweltfreundlicher Teppichboden e.V. (GUT)","description":"","publisher":{"@id":"https:\/\/gut-prodis.eu\/nl\/#organization"},"potentialAction":[{"@type":"SearchAction","target":{"@type":"EntryPoint","urlTemplate":"https:\/\/gut-prodis.eu\/nl\/?s={search_term_string}"},"query-input":{"@type":"PropertyValueSpecification","valueRequired":true,"valueName":"search_term_string"}}],"inLanguage":"nl-NL"},{"@type":"Organization","@id":"https:\/\/gut-prodis.eu\/nl\/#organization","name":"Gemeinschaft umweltfreundlicher Teppichboden e.V. (GUT)","url":"https:\/\/gut-prodis.eu\/nl\/","logo":{"@type":"ImageObject","inLanguage":"nl-NL","@id":"https:\/\/gut-prodis.eu\/nl\/#\/schema\/logo\/image\/","url":"https:\/\/gut-prodis.eu\/wp-content\/uploads\/2023\/10\/gut-teppichboden-logo.svg","contentUrl":"https:\/\/gut-prodis.eu\/wp-content\/uploads\/2023\/10\/gut-teppichboden-logo.svg","width":1,"height":1,"caption":"Gemeinschaft umweltfreundlicher Teppichboden e.V. (GUT)"},"image":{"@id":"https:\/\/gut-prodis.eu\/nl\/#\/schema\/logo\/image\/"},"sameAs":["https:\/\/www.linkedin.com\/company\/gut-ev\/"]}]}},"_links":{"self":[{"href":"https:\/\/gut-prodis.eu\/nl\/wp-json\/wp\/v2\/pages\/1617","targetHints":{"allow":["GET"]}}],"collection":[{"href":"https:\/\/gut-prodis.eu\/nl\/wp-json\/wp\/v2\/pages"}],"about":[{"href":"https:\/\/gut-prodis.eu\/nl\/wp-json\/wp\/v2\/types\/page"}],"author":[{"embeddable":true,"href":"https:\/\/gut-prodis.eu\/nl\/wp-json\/wp\/v2\/users\/2"}],"replies":[{"embeddable":true,"href":"https:\/\/gut-prodis.eu\/nl\/wp-json\/wp\/v2\/comments?post=1617"}],"version-history":[{"count":2,"href":"https:\/\/gut-prodis.eu\/nl\/wp-json\/wp\/v2\/pages\/1617\/revisions"}],"predecessor-version":[{"id":1623,"href":"https:\/\/gut-prodis.eu\/nl\/wp-json\/wp\/v2\/pages\/1617\/revisions\/1623"}],"wp:attachment":[{"href":"https:\/\/gut-prodis.eu\/nl\/wp-json\/wp\/v2\/media?parent=1617"}],"wp:term":[{"taxonomy":"dipi_cpt_category","embeddable":true,"href":"https:\/\/gut-prodis.eu\/nl\/wp-json\/wp\/v2\/dipi_cpt_category?post=1617"}],"curies":[{"name":"wp","href":"https:\/\/api.w.org\/{rel}","templated":true}]}}