{"id":1563,"date":"2023-11-17T12:28:01","date_gmt":"2023-11-17T11:28:01","guid":{"rendered":"https:\/\/produktpass-teppichboden.de\/feinstaub-hausstaub\/"},"modified":"2024-01-22T10:46:09","modified_gmt":"2024-01-22T09:46:09","slug":"fijnstof-huisstof","status":"publish","type":"page","link":"https:\/\/gut-prodis.eu\/nl\/fijnstof-huisstof\/","title":{"rendered":"fijnstof-huisstof"},"content":{"rendered":"<p>[et_pb_section fb_built=&#8221;1&#8243; _builder_version=&#8221;4.23.1&#8243; _module_preset=&#8221;default&#8221; background_color=&#8221;rgba(10,0,0,0.28)&#8221; background_image=&#8221;https:\/\/produktpass-teppichboden.de\/wp-content\/uploads\/2023\/11\/GUT_Gemeinschaft_umweltfreundlicher_Teppichboeden_ev_header1.jpg&#8221; background_position=&#8221;top_center&#8221; background_vertical_offset=&#8221;36%&#8221; background_blend=&#8221;multiply&#8221; height=&#8221;32vh&#8221; height_tablet=&#8221;32vh&#8221; height_phone=&#8221;36vh&#8221; height_last_edited=&#8221;on|phone&#8221; custom_margin=&#8221;0px|0px|0px|0px|false|false&#8221; custom_padding=&#8221;0px|0px|0px|0px|false|false&#8221; locked=&#8221;off&#8221; global_colors_info=&#8221;{}&#8221;][et_pb_row column_structure=&#8221;1_2,1_2&#8243; _builder_version=&#8221;4.23.1&#8243; _module_preset=&#8221;default&#8221; max_width=&#8221;100%&#8221; min_height=&#8221;100%&#8221; height=&#8221;100%&#8221; max_height=&#8221;100%&#8221; locked=&#8221;off&#8221; global_colors_info=&#8221;{}&#8221;][et_pb_column type=&#8221;1_2&#8243; _builder_version=&#8221;4.22.1&#8243; _module_preset=&#8221;default&#8221; global_colors_info=&#8221;{}&#8221;][\/et_pb_column][et_pb_column type=&#8221;1_2&#8243; _builder_version=&#8221;4.22.1&#8243; _module_preset=&#8221;default&#8221; global_colors_info=&#8221;{}&#8221;][et_pb_text _builder_version=&#8221;4.23.1&#8243; _module_preset=&#8221;default&#8221; header_font=&#8221;|||on|||||&#8221; header_text_color=&#8221;#FFFFFF&#8221; header_line_height=&#8221;1.1em&#8221; custom_margin=&#8221;10vh||8px||false|false&#8221; custom_margin_tablet=&#8221;7vh||||false|false&#8221; custom_margin_phone=&#8221;7vh||||false|false&#8221; custom_margin_last_edited=&#8221;on|phone&#8221; global_colors_info=&#8221;{}&#8221;]<\/p>\n<h1>Fijnstof in binnenlucht<\/h1>\n<p>[\/et_pb_text][\/et_pb_column][\/et_pb_row][\/et_pb_section][et_pb_section fb_built=&#8221;1&#8243; _builder_version=&#8221;4.23.1&#8243; _module_preset=&#8221;default&#8221; custom_margin=&#8221;||20px||false|false&#8221; global_colors_info=&#8221;{}&#8221;][et_pb_row _builder_version=&#8221;4.22.1&#8243; _module_preset=&#8221;default&#8221; custom_margin=&#8221;||0px||false|false&#8221; custom_padding=&#8221;0px||0px||false|false&#8221; global_colors_info=&#8221;{}&#8221;][et_pb_column type=&#8221;4_4&#8243; _builder_version=&#8221;4.22.1&#8243; _module_preset=&#8221;default&#8221; global_colors_info=&#8221;{}&#8221;][et_pb_text _builder_version=&#8221;4.23.1&#8243; _module_preset=&#8221;default&#8221; text_line_height=&#8221;1.3em&#8221; global_colors_info=&#8221;{}&#8221;]<\/p>\n<p>Fijnstof en endotoxinen (in de natuur voorkomende chemische verbindingen) zijn erg vervelend voor mensen met een allergie en kunnen tot verschillende ziektes leiden. Uit onderzoek blijkt dat het gebruik van textiele vloeren de hoeveelheid stofdeeltjes in de lucht verlaagt en er daardoor veel minder gevaar is. Lees meer over fijnstof, huisstof en de voordelen van tapijten.<\/p>\n<p>[\/et_pb_text][\/et_pb_column][\/et_pb_row][et_pb_row _builder_version=&#8221;4.23.1&#8243; _module_preset=&#8221;default&#8221; custom_padding=&#8221;50px|||||&#8221; locked=&#8221;off&#8221; global_colors_info=&#8221;{}&#8221;][et_pb_column type=&#8221;4_4&#8243; _builder_version=&#8221;4.23.1&#8243; _module_preset=&#8221;default&#8221; global_colors_info=&#8221;{}&#8221;][et_pb_text _builder_version=&#8221;4.23.1&#8243; _module_preset=&#8221;default&#8221; header_4_font=&#8221;|600|||||||&#8221; global_colors_info=&#8221;{}&#8221;]<\/p>\n<h4>Feinstaub in der Raumluft<\/h4>\n<p>Durch die Verwendung eines Teppichbodens wird das Risiko einer erh\u00f6hten Feinstaubbelastung in Innenr\u00e4umen, im Gegensatz zu einem glatten Boden, deutlich gemindert. Glatte und harte Oberfl\u00e4chen, wie Parkett, Laminat oder Fliesen, weisen keine Staubbindekapazit\u00e4t auf, sodass der Staub durch die Raumluft wirbelt. Teppichb\u00f6den k\u00f6nnen dies verhindern, indem der Staub in der textilen Oberfl\u00e4che, dem sogenannten Flor, gebunden wird. Auf diese Weise gelangt der Staub nicht in die Raumluft und kann dadurch nicht eingeatmet werden. Die Feinstaubkonzentration eines Innenraums mit Hartboden ist doppelt so hoch wie die in einem Innenraum, der mit Teppichboden ausgelegt ist.[\/et_pb_text][\/et_pb_column][\/et_pb_row][et_pb_row column_structure=&#8221;3_5,2_5&#8243; _builder_version=&#8221;4.23.1&#8243; _module_preset=&#8221;default&#8221; global_colors_info=&#8221;{}&#8221;][et_pb_column type=&#8221;3_5&#8243; _builder_version=&#8221;4.23.1&#8243; _module_preset=&#8221;default&#8221; global_colors_info=&#8221;{}&#8221;][et_pb_text _builder_version=&#8221;4.23.1&#8243; _module_preset=&#8221;default&#8221; header_4_font=&#8221;|600|||||||&#8221; global_colors_info=&#8221;{}&#8221;]<\/p>\n<h4>Fijnstof in binnenlucht<\/h4>\n<p>Door het gebruik van een tapijt is er aanzienlijk minder gevaar voor een verhoogde fijnstofconcentratie in binnenruimtes dan bij harde vloeren. Gladde en harde oppervlakken, zoals parket, laminaat of tegels, kunnen geen stof vasthouden, waardoor het stof door de binnenlucht dwarrelt. Met tapijten kan dit worden voorkomen doordat het stof in het textiele oppervlak, de zogenaamde polen, wordt vastgehouden. Op deze manier komt het stof niet in de binnenlucht terecht en het kan daardoor niet worden ingeademd. De fijnstofconcentratie in een binnenruimte met een harde vloer is twee keer zo hoog als in een binnenruimte waar tapijt is gelegd.<\/p>\n<p>[\/et_pb_text][\/et_pb_column][et_pb_column type=&#8221;2_5&#8243; _builder_version=&#8221;4.23.1&#8243; _module_preset=&#8221;default&#8221; global_colors_info=&#8221;{}&#8221;][et_pb_image src=&#8221;https:\/\/produktpass-teppichboden.de\/wp-content\/uploads\/2023\/11\/feinstaubkonzentration-nach-bodenbelagsart-gut.gif&#8221; title_text=&#8221;feinstaubkonzentration-nach-bodenbelagsart-gut&#8221; _builder_version=&#8221;4.23.1&#8243; _module_preset=&#8221;default&#8221; global_colors_info=&#8221;{}&#8221;][\/et_pb_image][et_pb_text _builder_version=&#8221;4.23.1&#8243; _module_preset=&#8221;default&#8221; global_colors_info=&#8221;{}&#8221;]<\/p>\n<p><em>Die Feinstaubkonzentration eines Innenraums mit Hartboden ist doppelt so hoch als in einem Innenraum mit Teppichboden.<\/em><\/p>\n<p>[\/et_pb_text][\/et_pb_column][\/et_pb_row][et_pb_row column_structure=&#8221;1_3,2_3&#8243; _builder_version=&#8221;4.23.1&#8243; _module_preset=&#8221;default&#8221; custom_padding=&#8221;||60px|||&#8221; global_colors_info=&#8221;{}&#8221;][et_pb_column type=&#8221;1_3&#8243; _builder_version=&#8221;4.23.1&#8243; _module_preset=&#8221;default&#8221; global_colors_info=&#8221;{}&#8221;][et_pb_image src=&#8221;https:\/\/produktpass-teppichboden.de\/wp-content\/uploads\/2023\/11\/hausstaubmilben-teppichboden-gut.jpg&#8221; title_text=&#8221;hausstaubmilben-teppichboden-gut&#8221; _builder_version=&#8221;4.23.1&#8243; _module_preset=&#8221;default&#8221; global_colors_info=&#8221;{}&#8221;][\/et_pb_image][\/et_pb_column][et_pb_column type=&#8221;2_3&#8243; _builder_version=&#8221;4.23.1&#8243; _module_preset=&#8221;default&#8221; global_colors_info=&#8221;{}&#8221;][et_pb_text _builder_version=&#8221;4.23.1&#8243; _module_preset=&#8221;default&#8221; header_4_font=&#8221;|600|||||||&#8221; global_colors_info=&#8221;{}&#8221;]<\/p>\n<h4>Feiten over huisstofmijt<\/h4>\n<p><strong>Tapijt is geen ideale leefomgeving voor de huisstofmijt<\/strong><\/p>\n<p>Huisstofmijt heeft voeding, vocht en warmte nodig om te overleven. De ideale leefomstandigheden zijn vooral in bedden te vinden, waar het vochtig, warm en donker is en de populatie zich snel kan vermeerderen. Er komen in matrassen ongeveer anderhalf keer zo veel huisstofmijtallergenen voor dan in de stof uit tapijten die bijvoorbeeld in slaapkamers liggen.<br \/>De huisstofmijt zelf vormt geen problemen voor mensen met een allergie. Het allergeen zit namelijk in hun fecali\u00ebn en kan met de lucht worden ingeademd en zo astma veroorzaken. Een tapijt is niet warm en vochtig, waardoor huisstofmijten hier niet kunnen overleven omdat ze zich dan niet kunnen vermeerderen. Maar huisstofmijten en allergenen kunnen zich wel in de lucht verspreiden en zo in het tapijt terechtkomen.<br \/>Door een goede ventilatie (gecontroleerde luchtvochtigheid), vooral in cruciale omgevingen zoals de slaapkamer, kan de ontwikkeling van de populatie huisstofmijten makkelijk onder controle worden gehouden. En door het tapijt regelmatig te stofzuigen, kunnen de vastgehouden allergeendeeltjes worden verwijderd.<\/p>\n<p>[\/et_pb_text][\/et_pb_column][\/et_pb_row][et_pb_row _builder_version=&#8221;4.23.1&#8243; _module_preset=&#8221;default&#8221; custom_padding=&#8221;||57px|||&#8221; global_colors_info=&#8221;{}&#8221;][et_pb_column type=&#8221;4_4&#8243; _builder_version=&#8221;4.23.1&#8243; _module_preset=&#8221;default&#8221; global_colors_info=&#8221;{}&#8221;][et_pb_text _builder_version=&#8221;4.23.1&#8243; _module_preset=&#8221;default&#8221; header_2_font=&#8221;|700||on|||||&#8221; header_2_text_color=&#8221;#23295B&#8221; header_3_font=&#8221;|700||on|||||&#8221; header_3_text_color=&#8221;#23295B&#8221; custom_margin=&#8221;||0px||false|false&#8221; global_colors_info=&#8221;{}&#8221;]<\/p>\n<h2 class=\"sppb-addon-title\">Huisstofmijten zijn bijna niet te vinden in kantoren<\/h2>\n<p>[\/et_pb_text][et_pb_text _builder_version=&#8221;4.23.1&#8243; _module_preset=&#8221;default&#8221; global_colors_info=&#8221;{}&#8221;]<\/p>\n<p>Uit een onderzoek waarbij het tapijt in 27 willekeurig gekozen kantoorruimtes met het tapijt in 30 slaapkamers is vergeleken, bedroeg de waarde voor het huisstofmijtallergeen 0,32 \u03bcg\/g in kantoorruimten tegenover 18,4 \u03bcg\/g in slaapkamers.<br \/><strong>Conclusie:<\/strong>\u00a0het is voor mensen met een allergie dus niet gevaarlijk om te werken in een kantoorruimte met tapijt.<\/p>\n<p>[\/et_pb_text][\/et_pb_column][\/et_pb_row][\/et_pb_section]<\/p>\n","protected":false},"excerpt":{"rendered":"<p>Fijnstof in binnenluchtFijnstof en endotoxinen (in de natuur voorkomende chemische verbindingen) zijn erg vervelend voor mensen met een allergie en kunnen tot verschillende ziektes leiden. Uit onderzoek blijkt dat het gebruik van textiele vloeren de hoeveelheid stofdeeltjes in de lucht verlaagt en er daardoor veel minder gevaar is. Lees meer over fijnstof, huisstof en de [&hellip;]<\/p>\n","protected":false},"author":2,"featured_media":0,"parent":0,"menu_order":0,"comment_status":"closed","ping_status":"closed","template":"","meta":{"_et_pb_use_builder":"on","_et_pb_old_content":"","_et_gb_content_width":"","footnotes":""},"dipi_cpt_category":[],"class_list":["post-1563","page","type-page","status-publish","hentry"],"yoast_head":"<!-- This site is optimized with the Yoast SEO plugin v27.4 - https:\/\/yoast.com\/product\/yoast-seo-wordpress\/ -->\n<title>Fijnstof &amp; huisstof \u2013 voordelen van tapijten<\/title>\n<meta name=\"description\" content=\"Textiele vloerbedekkingen helpen de fijnstofconcentratie te verlagen en hebben zo een positieve invloed op de binnenlucht.\" \/>\n<meta name=\"robots\" content=\"index, follow, max-snippet:-1, max-image-preview:large, max-video-preview:-1\" \/>\n<link rel=\"canonical\" href=\"https:\/\/gut-prodis.eu\/nl\/fijnstof-huisstof\/\" \/>\n<meta property=\"og:locale\" content=\"nl_NL\" \/>\n<meta property=\"og:type\" content=\"article\" \/>\n<meta property=\"og:title\" content=\"Fijnstof &amp; huisstof \u2013 voordelen van tapijten\" \/>\n<meta property=\"og:description\" content=\"Textiele vloerbedekkingen helpen de fijnstofconcentratie te verlagen en hebben zo een positieve invloed op de binnenlucht.\" \/>\n<meta property=\"og:url\" content=\"https:\/\/gut-prodis.eu\/nl\/fijnstof-huisstof\/\" \/>\n<meta property=\"og:site_name\" content=\"Gemeinschaft umweltfreundlicher Teppichboden e.V. (GUT)\" \/>\n<meta property=\"article:modified_time\" content=\"2024-01-22T09:46:09+00:00\" \/>\n<meta name=\"twitter:label1\" content=\"Geschatte leestijd\" \/>\n\t<meta name=\"twitter:data1\" content=\"5 minuten\" \/>\n<script type=\"application\/ld+json\" class=\"yoast-schema-graph\">{\"@context\":\"https:\\\/\\\/schema.org\",\"@graph\":[{\"@type\":\"WebPage\",\"@id\":\"https:\\\/\\\/gut-prodis.eu\\\/nl\\\/fijnstof-huisstof\\\/\",\"url\":\"https:\\\/\\\/gut-prodis.eu\\\/nl\\\/fijnstof-huisstof\\\/\",\"name\":\"Fijnstof & huisstof \u2013 voordelen van tapijten\",\"isPartOf\":{\"@id\":\"https:\\\/\\\/gut-prodis.eu\\\/nl\\\/#website\"},\"datePublished\":\"2023-11-17T11:28:01+00:00\",\"dateModified\":\"2024-01-22T09:46:09+00:00\",\"description\":\"Textiele vloerbedekkingen helpen de fijnstofconcentratie te verlagen en hebben zo een positieve invloed op de binnenlucht.\",\"breadcrumb\":{\"@id\":\"https:\\\/\\\/gut-prodis.eu\\\/nl\\\/fijnstof-huisstof\\\/#breadcrumb\"},\"inLanguage\":\"nl-NL\",\"potentialAction\":[{\"@type\":\"ReadAction\",\"target\":[\"https:\\\/\\\/gut-prodis.eu\\\/nl\\\/fijnstof-huisstof\\\/\"]}]},{\"@type\":\"BreadcrumbList\",\"@id\":\"https:\\\/\\\/gut-prodis.eu\\\/nl\\\/fijnstof-huisstof\\\/#breadcrumb\",\"itemListElement\":[{\"@type\":\"ListItem\",\"position\":1,\"name\":\"Startseite\",\"item\":\"https:\\\/\\\/gut-prodis.eu\\\/nl\\\/\"},{\"@type\":\"ListItem\",\"position\":2,\"name\":\"fijnstof-huisstof\"}]},{\"@type\":\"WebSite\",\"@id\":\"https:\\\/\\\/gut-prodis.eu\\\/nl\\\/#website\",\"url\":\"https:\\\/\\\/gut-prodis.eu\\\/nl\\\/\",\"name\":\"Gemeinschaft umweltfreundlicher Teppichboden e.V. (GUT)\",\"description\":\"\",\"publisher\":{\"@id\":\"https:\\\/\\\/gut-prodis.eu\\\/nl\\\/#organization\"},\"potentialAction\":[{\"@type\":\"SearchAction\",\"target\":{\"@type\":\"EntryPoint\",\"urlTemplate\":\"https:\\\/\\\/gut-prodis.eu\\\/nl\\\/?s={search_term_string}\"},\"query-input\":{\"@type\":\"PropertyValueSpecification\",\"valueRequired\":true,\"valueName\":\"search_term_string\"}}],\"inLanguage\":\"nl-NL\"},{\"@type\":\"Organization\",\"@id\":\"https:\\\/\\\/gut-prodis.eu\\\/nl\\\/#organization\",\"name\":\"Gemeinschaft umweltfreundlicher Teppichboden e.V. (GUT)\",\"url\":\"https:\\\/\\\/gut-prodis.eu\\\/nl\\\/\",\"logo\":{\"@type\":\"ImageObject\",\"inLanguage\":\"nl-NL\",\"@id\":\"https:\\\/\\\/gut-prodis.eu\\\/nl\\\/#\\\/schema\\\/logo\\\/image\\\/\",\"url\":\"https:\\\/\\\/gut-prodis.eu\\\/wp-content\\\/uploads\\\/2023\\\/10\\\/gut-teppichboden-logo.svg\",\"contentUrl\":\"https:\\\/\\\/gut-prodis.eu\\\/wp-content\\\/uploads\\\/2023\\\/10\\\/gut-teppichboden-logo.svg\",\"width\":1,\"height\":1,\"caption\":\"Gemeinschaft umweltfreundlicher Teppichboden e.V. (GUT)\"},\"image\":{\"@id\":\"https:\\\/\\\/gut-prodis.eu\\\/nl\\\/#\\\/schema\\\/logo\\\/image\\\/\"},\"sameAs\":[\"https:\\\/\\\/www.linkedin.com\\\/company\\\/gut-ev\\\/\"]}]}<\/script>\n<!-- \/ Yoast SEO plugin. -->","yoast_head_json":{"title":"Fijnstof & huisstof \u2013 voordelen van tapijten","description":"Textiele vloerbedekkingen helpen de fijnstofconcentratie te verlagen en hebben zo een positieve invloed op de binnenlucht.","robots":{"index":"index","follow":"follow","max-snippet":"max-snippet:-1","max-image-preview":"max-image-preview:large","max-video-preview":"max-video-preview:-1"},"canonical":"https:\/\/gut-prodis.eu\/nl\/fijnstof-huisstof\/","og_locale":"nl_NL","og_type":"article","og_title":"Fijnstof & huisstof \u2013 voordelen van tapijten","og_description":"Textiele vloerbedekkingen helpen de fijnstofconcentratie te verlagen en hebben zo een positieve invloed op de binnenlucht.","og_url":"https:\/\/gut-prodis.eu\/nl\/fijnstof-huisstof\/","og_site_name":"Gemeinschaft umweltfreundlicher Teppichboden e.V. (GUT)","article_modified_time":"2024-01-22T09:46:09+00:00","twitter_misc":{"Geschatte leestijd":"5 minuten"},"schema":{"@context":"https:\/\/schema.org","@graph":[{"@type":"WebPage","@id":"https:\/\/gut-prodis.eu\/nl\/fijnstof-huisstof\/","url":"https:\/\/gut-prodis.eu\/nl\/fijnstof-huisstof\/","name":"Fijnstof & huisstof \u2013 voordelen van tapijten","isPartOf":{"@id":"https:\/\/gut-prodis.eu\/nl\/#website"},"datePublished":"2023-11-17T11:28:01+00:00","dateModified":"2024-01-22T09:46:09+00:00","description":"Textiele vloerbedekkingen helpen de fijnstofconcentratie te verlagen en hebben zo een positieve invloed op de binnenlucht.","breadcrumb":{"@id":"https:\/\/gut-prodis.eu\/nl\/fijnstof-huisstof\/#breadcrumb"},"inLanguage":"nl-NL","potentialAction":[{"@type":"ReadAction","target":["https:\/\/gut-prodis.eu\/nl\/fijnstof-huisstof\/"]}]},{"@type":"BreadcrumbList","@id":"https:\/\/gut-prodis.eu\/nl\/fijnstof-huisstof\/#breadcrumb","itemListElement":[{"@type":"ListItem","position":1,"name":"Startseite","item":"https:\/\/gut-prodis.eu\/nl\/"},{"@type":"ListItem","position":2,"name":"fijnstof-huisstof"}]},{"@type":"WebSite","@id":"https:\/\/gut-prodis.eu\/nl\/#website","url":"https:\/\/gut-prodis.eu\/nl\/","name":"Gemeinschaft umweltfreundlicher Teppichboden e.V. (GUT)","description":"","publisher":{"@id":"https:\/\/gut-prodis.eu\/nl\/#organization"},"potentialAction":[{"@type":"SearchAction","target":{"@type":"EntryPoint","urlTemplate":"https:\/\/gut-prodis.eu\/nl\/?s={search_term_string}"},"query-input":{"@type":"PropertyValueSpecification","valueRequired":true,"valueName":"search_term_string"}}],"inLanguage":"nl-NL"},{"@type":"Organization","@id":"https:\/\/gut-prodis.eu\/nl\/#organization","name":"Gemeinschaft umweltfreundlicher Teppichboden e.V. (GUT)","url":"https:\/\/gut-prodis.eu\/nl\/","logo":{"@type":"ImageObject","inLanguage":"nl-NL","@id":"https:\/\/gut-prodis.eu\/nl\/#\/schema\/logo\/image\/","url":"https:\/\/gut-prodis.eu\/wp-content\/uploads\/2023\/10\/gut-teppichboden-logo.svg","contentUrl":"https:\/\/gut-prodis.eu\/wp-content\/uploads\/2023\/10\/gut-teppichboden-logo.svg","width":1,"height":1,"caption":"Gemeinschaft umweltfreundlicher Teppichboden e.V. (GUT)"},"image":{"@id":"https:\/\/gut-prodis.eu\/nl\/#\/schema\/logo\/image\/"},"sameAs":["https:\/\/www.linkedin.com\/company\/gut-ev\/"]}]}},"_links":{"self":[{"href":"https:\/\/gut-prodis.eu\/nl\/wp-json\/wp\/v2\/pages\/1563","targetHints":{"allow":["GET"]}}],"collection":[{"href":"https:\/\/gut-prodis.eu\/nl\/wp-json\/wp\/v2\/pages"}],"about":[{"href":"https:\/\/gut-prodis.eu\/nl\/wp-json\/wp\/v2\/types\/page"}],"author":[{"embeddable":true,"href":"https:\/\/gut-prodis.eu\/nl\/wp-json\/wp\/v2\/users\/2"}],"replies":[{"embeddable":true,"href":"https:\/\/gut-prodis.eu\/nl\/wp-json\/wp\/v2\/comments?post=1563"}],"version-history":[{"count":3,"href":"https:\/\/gut-prodis.eu\/nl\/wp-json\/wp\/v2\/pages\/1563\/revisions"}],"predecessor-version":[{"id":3960,"href":"https:\/\/gut-prodis.eu\/nl\/wp-json\/wp\/v2\/pages\/1563\/revisions\/3960"}],"wp:attachment":[{"href":"https:\/\/gut-prodis.eu\/nl\/wp-json\/wp\/v2\/media?parent=1563"}],"wp:term":[{"taxonomy":"dipi_cpt_category","embeddable":true,"href":"https:\/\/gut-prodis.eu\/nl\/wp-json\/wp\/v2\/dipi_cpt_category?post=1563"}],"curies":[{"name":"wp","href":"https:\/\/api.w.org\/{rel}","templated":true}]}}