{"id":1521,"date":"2023-11-17T12:22:47","date_gmt":"2023-11-17T11:22:47","guid":{"rendered":"https:\/\/produktpass-teppichboden.de\/epds-umweltproduktdeklarationen\/"},"modified":"2024-01-23T14:21:50","modified_gmt":"2024-01-23T13:21:50","slug":"epd-s-milieuproductverklaringen","status":"publish","type":"page","link":"https:\/\/gut-prodis.eu\/nl\/epd-s-milieuproductverklaringen\/","title":{"rendered":"EPDs Milieuproductverklaringen"},"content":{"rendered":"<p>[et_pb_section fb_built=&#8221;1&#8243; _builder_version=&#8221;4.23.1&#8243; _module_preset=&#8221;default&#8221; background_color=&#8221;rgba(10,0,0,0.28)&#8221; background_image=&#8221;https:\/\/produktpass-teppichboden.de\/wp-content\/uploads\/2023\/11\/GUT_Gemeinschaft_umweltfreundlicher_Teppichboeden_ev_header6.jpg&#8221; background_position=&#8221;bottom_center&#8221; background_vertical_offset=&#8221;46%&#8221; background_blend=&#8221;multiply&#8221; height=&#8221;32vh&#8221; height_tablet=&#8221;32vh&#8221; height_phone=&#8221;36vh&#8221; height_last_edited=&#8221;on|phone&#8221; custom_margin=&#8221;0px|0px|0px|0px|false|false&#8221; custom_padding=&#8221;0px|0px|0px|0px|false|false&#8221; locked=&#8221;off&#8221; global_colors_info=&#8221;{}&#8221;][et_pb_row column_structure=&#8221;1_2,1_2&#8243; _builder_version=&#8221;4.23.1&#8243; _module_preset=&#8221;default&#8221; max_width=&#8221;100%&#8221; min_height=&#8221;100%&#8221; height=&#8221;100%&#8221; max_height=&#8221;100%&#8221; locked=&#8221;off&#8221; global_colors_info=&#8221;{}&#8221;][et_pb_column type=&#8221;1_2&#8243; _builder_version=&#8221;4.22.1&#8243; _module_preset=&#8221;default&#8221; global_colors_info=&#8221;{}&#8221;][\/et_pb_column][et_pb_column type=&#8221;1_2&#8243; _builder_version=&#8221;4.22.1&#8243; _module_preset=&#8221;default&#8221; global_colors_info=&#8221;{}&#8221;][et_pb_text _builder_version=&#8221;4.23.1&#8243; _module_preset=&#8221;default&#8221; header_font=&#8221;|||on|||||&#8221; header_text_color=&#8221;#FFFFFF&#8221; header_line_height=&#8221;1.1em&#8221; custom_margin=&#8221;10vh||8px||false|false&#8221; custom_margin_tablet=&#8221;7vh||||false|false&#8221; custom_margin_phone=&#8221;7vh||||false|false&#8221; custom_margin_last_edited=&#8221;on|phone&#8221; global_colors_info=&#8221;{}&#8221;]<\/p>\n<h1>Milieuproductverklaringen (EPD&#8217;s)<\/h1>\n<p>[\/et_pb_text][et_pb_text _builder_version=&#8221;4.23.1&#8243; _module_preset=&#8221;default&#8221; text_font=&#8221;|||on|||||&#8221; text_text_color=&#8221;#FFFFFF&#8221; text_font_size=&#8221;24px&#8221; global_colors_info=&#8221;{}&#8221;]<\/p>\n<p>voor textiele vloerbedekkingen<\/p>\n<p>[\/et_pb_text][\/et_pb_column][\/et_pb_row][\/et_pb_section][et_pb_section fb_built=&#8221;1&#8243; _builder_version=&#8221;4.23.1&#8243; _module_preset=&#8221;default&#8221; custom_padding=&#8221;40px||20px||false|false&#8221; global_colors_info=&#8221;{}&#8221;][et_pb_row _builder_version=&#8221;4.22.1&#8243; _module_preset=&#8221;default&#8221; custom_margin=&#8221;||0px||false|false&#8221; custom_padding=&#8221;||0px||false|false&#8221; locked=&#8221;off&#8221; global_colors_info=&#8221;{}&#8221;][et_pb_column type=&#8221;4_4&#8243; _builder_version=&#8221;4.22.1&#8243; _module_preset=&#8221;default&#8221; global_colors_info=&#8221;{}&#8221;][et_pb_text _builder_version=&#8221;4.23.1&#8243; _module_preset=&#8221;default&#8221; text_font_size=&#8221;22px&#8221; text_line_height=&#8221;1.3em&#8221; global_colors_info=&#8221;{}&#8221;]<\/p>\n<p>EPD&#8217;s (Environmental Product Declarations = milieuverklaringen voor producten) geven informatie over de milieu-effecten van een bouwproduct. Transparant, onafhankelijk en duidelijk. Daarbij zijn EPD&#8217;s met het oog op de milieubalans van een textiele vloerbedekking waardevolle hulpmiddelen voor ontwerpers, architecten en opdrachtgevers.<\/p>\n<p>[\/et_pb_text][\/et_pb_column][\/et_pb_row][\/et_pb_section][et_pb_section fb_built=&#8221;1&#8243; _builder_version=&#8221;4.23.1&#8243; _module_preset=&#8221;default&#8221; custom_padding=&#8221;20px||20px||false|false&#8221; global_colors_info=&#8221;{}&#8221;][et_pb_row _builder_version=&#8221;4.23.1&#8243; _module_preset=&#8221;default&#8221; global_colors_info=&#8221;{}&#8221;][et_pb_column type=&#8221;4_4&#8243; _builder_version=&#8221;4.23.1&#8243; _module_preset=&#8221;default&#8221; global_colors_info=&#8221;{}&#8221;][et_pb_text _builder_version=&#8221;4.23.1&#8243; _module_preset=&#8221;default&#8221; header_2_font=&#8221;|700||on|||||&#8221; header_2_text_color=&#8221;#23295B&#8221; header_3_font=&#8221;|700||on|||||&#8221; header_3_text_color=&#8221;#23295B&#8221; custom_margin=&#8221;||0px||false|false&#8221; custom_padding=&#8221;||23px|||&#8221; global_colors_info=&#8221;{}&#8221;]<\/p>\n<h2 class=\"sppb-addon-title\">Wat is een EPD (Milieuproductverklaringen)?<\/h2>\n<p>[\/et_pb_text][et_pb_code _builder_version=&#8221;4.24.0&#8243; _module_preset=&#8221;default&#8221; max_width=&#8221;80%&#8221; module_alignment=&#8221;center&#8221; box_shadow_style=&#8221;preset1&#8243; global_colors_info=&#8221;{}&#8221; locked=&#8221;off&#8221;]<iframe loading=\"lazy\" width=\"560\" height=\"315\" src=\"https:\/\/www.youtube-nocookie.com\/embed\/v6sJrp443Hg?si=bpphsPhEypHyyIUR\" title=\"YouTube video player\" frameborder=\"0\" allow=\"accelerometer; autoplay; clipboard-write; encrypted-media; gyroscope; picture-in-picture; web-share\" allowfullscreen><\/iframe>[\/et_pb_code][et_pb_text _builder_version=&#8221;4.23.1&#8243; _module_preset=&#8221;default&#8221; header_2_font=&#8221;|700||on|||||&#8221; header_2_text_color=&#8221;#23295B&#8221; header_3_font=&#8221;|700||on|||||&#8221; header_3_text_color=&#8221;#23295B&#8221; custom_margin=&#8221;||0px||false|false&#8221; global_colors_info=&#8221;{}&#8221;]<\/p>\n<h2>Productgerelateerde milieuproductverklaringen<\/h2>\n<p>[\/et_pb_text][et_pb_text _builder_version=&#8221;4.23.1&#8243; _module_preset=&#8221;default&#8221; global_colors_info=&#8221;{}&#8221;]<\/p>\n<div>\n<p>Naast generieke EPD&#8217;s voor zogenaamde standaardproducten voor textiele vloerbedekking stelt de GUT-vereniging ook productspecifieke EPD&#8217;s voor fabrikanten op. Elke milieuproductverklaring is gebaseerd op hetzelfde geharmoniseerde PCR-document voor vloeren en daardoor kunnen de milieu-effecten van elk product op een transparante, onafhankelijke en duidelijke manier worden weergegeven. De EPD&#8217;s worden in het IBU-formaat opgesteld. Ze voldoen daarmee nu al aan de toekomstige EU-normen en kunnen in heel Europa worden gebruikt. De EPD&#8217;s kunnen voornamelijk worden gebruikt door ontwerpers, architecten, bouwbedrijven en andere experts om de duurzaamheid van gebouwen te beoordelen.<\/p>\n<\/div>\n<div>De GUT-vereniging stelt al sinds 2007 EPD&#8217;s op. Er zijn inmiddels al meer dan 250 EPD&#8217;s gepubliceerd die als basis zijn gebruikt voor vele rapporten met milieubalansgegevens over de gevolgen van verschillende grondstoffen, productieprocessen en afvoermethoden. Voor de Franse markt worden bovendien zogenaamde FDES-documenten (Fiche de D\u00e9claration Environnementale et Sanitaire = milieu- en gezondheidsverklaring) opgesteld.<\/div>\n<p>[\/et_pb_text][et_pb_text _builder_version=&#8221;4.23.1&#8243; _module_preset=&#8221;default&#8221; header_2_font=&#8221;|700||on|||||&#8221; header_2_text_color=&#8221;#23295B&#8221; header_3_font=&#8221;|700||on|||||&#8221; header_3_text_color=&#8221;#23295B&#8221; custom_margin=&#8221;||0px||false|false&#8221; global_colors_info=&#8221;{}&#8221;]<\/p>\n<h2>EPDs: Levenscyclusanalyses voor textiele vloerbedekkingen<\/h2>\n<p>[\/et_pb_text][et_pb_button button_url=&#8221;@ET-DC@eyJkeW5hbWljIjp0cnVlLCJjb250ZW50IjoicG9zdF9saW5rX3VybF9wYWdlIiwic2V0dGluZ3MiOnsicG9zdF9pZCI6IjE2MiIsImVuYWJsZV9odG1sIjoib2ZmIn19@&#8221; button_text=&#8221;EPDs: Download als PDF&#8221; _builder_version=&#8221;4.23.1&#8243; _dynamic_attributes=&#8221;button_url&#8221; _module_preset=&#8221;default&#8221; custom_button=&#8221;on&#8221; button_text_size=&#8221;18px&#8221; button_text_color=&#8221;#FFFFFF&#8221; button_bg_color=&#8221;#3FA535&#8243; button_border_width=&#8221;0px&#8221; button_border_color=&#8221;RGBA(255,255,255,0)&#8221; button_border_radius=&#8221;10px&#8221; button_font=&#8221;|||on|||||&#8221; button_use_icon=&#8221;off&#8221; global_colors_info=&#8221;{}&#8221;][\/et_pb_button][\/et_pb_column][\/et_pb_row][\/et_pb_section][et_pb_section fb_built=&#8221;1&#8243; _builder_version=&#8221;4.23.1&#8243; _module_preset=&#8221;default&#8221; global_colors_info=&#8221;{}&#8221;][et_pb_row _builder_version=&#8221;4.23.1&#8243; _module_preset=&#8221;default&#8221; global_colors_info=&#8221;{}&#8221;][et_pb_column type=&#8221;4_4&#8243; _builder_version=&#8221;4.23.1&#8243; _module_preset=&#8221;default&#8221; global_colors_info=&#8221;{}&#8221;][et_pb_text _builder_version=&#8221;4.23.1&#8243; _module_preset=&#8221;default&#8221; header_2_font=&#8221;|700||on|||||&#8221; header_2_text_color=&#8221;#23295B&#8221; header_3_font=&#8221;|700||on|||||&#8221; header_3_text_color=&#8221;#23295B&#8221; custom_margin=&#8221;||0px||false|false&#8221; global_colors_info=&#8221;{}&#8221;]<\/p>\n<h2 class=\"sppb-addon-title\">Hoe ontstaat een EPD?<\/h2>\n<p>[\/et_pb_text][et_pb_text _builder_version=&#8221;4.23.1&#8243; _module_preset=&#8221;default&#8221; text_font=&#8221;|||on|||||&#8221; text_font_size=&#8221;24px&#8221; global_colors_info=&#8221;{}&#8221;]<\/p>\n<p><strong>In drie stappen naar een milieuproductverklaring (EPD):\u00a0<\/strong><\/p>\n<p>[\/et_pb_text][\/et_pb_column][\/et_pb_row][et_pb_row column_structure=&#8221;3_5,2_5&#8243; _builder_version=&#8221;4.23.1&#8243; _module_preset=&#8221;default&#8221; global_colors_info=&#8221;{}&#8221;][et_pb_column type=&#8221;3_5&#8243; _builder_version=&#8221;4.23.1&#8243; _module_preset=&#8221;default&#8221; global_colors_info=&#8221;{}&#8221;][et_pb_text _builder_version=&#8221;4.23.1&#8243; _module_preset=&#8221;default&#8221; global_colors_info=&#8221;{}&#8221;]<\/p>\n<p><strong>Stap 1:<\/strong><br \/>In een productgroepenforum dat uit experts en fabrikanten bestaat, wordt een ontwerpdocument voor de PCR (Product Category Rules) opgesteld. De productgroep wordt gedefinieerd en de gebruikelijke gevolgen voor het milieu worden ge\u00efdentificeerd. Tegelijkertijd wordt het publiek over het nieuwe productgroepenforum ge\u00efnformeerd om al in de ontwerpfase de suggesties van andere ge\u00efnteresseerden mee te kunnen nemen. Het PCR-ontwerp wordt door een commissie van deskundigen op consistentie tussen de productgroepen en de volledigheid van de eisen voor de fabrikanten gecontroleerd. Als bij de aanvraag al een PCR-document voor de betreffende productgroep bestaat, kan deze stap worden overgeslagen.<\/p>\n<p><strong>Stap 2:<\/strong><br \/>Nu wordt de EPD opgesteld. Hiervoor verstrekt de fabrikant alle informatie die nodig is voor het PCR-document alsmede bewijzen van uitgevoerde tests. De testmethoden en methoden voor de milieubalansen zijn uniform in het PCR-document geregeld.<\/p>\n<p><strong>Stap 3:<\/strong><br \/>De EPD wordt door een commissie van deskundigen beoordeeld en daarna wordt elke individuele verklaring door onafhankelijke externe partijen geverifieerd om nog eens te garanderen dat de informatie in de verklaring objectief is en klopt. De programmahouder\u00a0<a href=\"https:\/\/ibu-epd.com\/en\/\" target=\"_blank\" rel=\"noopener noreferrer\">&#8216;IBU&#8217; (Institut f\u00fcr Bauen und Umwelt)<\/a>\u00a0heeft geen invloed op de resultaten van de verklaringen, maar publiceert alleen de EPD&#8217;s die door de commissie van deskundigen zijn geaccepteerd. Alle actueel geldige EPD&#8217;s (door IBU gepubliceerd) zijn te vinden op de IBU-<a href=\"https:\/\/ibu-epd.com\/en\/published-epds\/\" target=\"_blank\" rel=\"noopener noreferrer\">website en in de EPD-Online TOOL.<\/a>\u00a0Het enige wat u hiervoor hoeft te doen, is u gratis registeren.<\/p>\n<p>[\/et_pb_text][\/et_pb_column][et_pb_column type=&#8221;2_5&#8243; _builder_version=&#8221;4.23.1&#8243; _module_preset=&#8221;default&#8221; global_colors_info=&#8221;{}&#8221;][et_pb_image src=&#8221;https:\/\/produktpass-teppichboden.de\/wp-content\/uploads\/2023\/11\/GUT_Gemeinschaft_umweltfreundlicher_Teppichboeden_ev_nachhaltigkeit_EPD.gif&#8221; title_text=&#8221;GUT_Gemeinschaft_umweltfreundlicher_Teppichboeden_ev_nachhaltigkeit_EPD&#8221; _builder_version=&#8221;4.23.1&#8243; _module_preset=&#8221;default&#8221; box_shadow_style=&#8221;preset1&#8243; global_colors_info=&#8221;{}&#8221;][\/et_pb_image][et_pb_text _builder_version=&#8221;4.23.1&#8243; _module_preset=&#8221;default&#8221; global_colors_info=&#8221;{}&#8221;]<\/p>\n<p><em>Vereenvoudigd overzicht van de oprichting van een EPD<\/em><\/p>\n<p>[\/et_pb_text][\/et_pb_column][\/et_pb_row][\/et_pb_section][et_pb_section fb_built=&#8221;1&#8243; _builder_version=&#8221;4.23.1&#8243; _module_preset=&#8221;default&#8221; custom_margin=&#8221;0px||50px||false|false&#8221; custom_margin_tablet=&#8221;||100px||false|false&#8221; custom_margin_phone=&#8221;||100px||false|false&#8221; custom_margin_last_edited=&#8221;on|tablet&#8221; custom_padding=&#8221;0px||49px||false|false&#8221; global_colors_info=&#8221;{}&#8221;][et_pb_row _builder_version=&#8221;4.23.1&#8243; _module_preset=&#8221;default&#8221; custom_padding=&#8221;||0px|||&#8221; global_colors_info=&#8221;{}&#8221;][et_pb_column type=&#8221;4_4&#8243; _builder_version=&#8221;4.23.1&#8243; _module_preset=&#8221;default&#8221; global_colors_info=&#8221;{}&#8221;][et_pb_text _builder_version=&#8221;4.23.1&#8243; _module_preset=&#8221;default&#8221; header_2_font=&#8221;|700||on|||||&#8221; header_2_text_color=&#8221;#23295B&#8221; header_3_font=&#8221;|700||on|||||&#8221; header_3_text_color=&#8221;#23295B&#8221; custom_margin=&#8221;||0px||false|false&#8221; custom_padding=&#8221;||23px|||&#8221; global_colors_info=&#8221;{}&#8221;]<\/p>\n<h2 class=\"sppb-addon-title\">Eenvoudig uitgelegd: van EPD&#8217;s tot de duurzaamheid van gebouwen<\/h2>\n<p>[\/et_pb_text][et_pb_code _builder_version=&#8221;4.24.0&#8243; _module_preset=&#8221;default&#8221; global_colors_info=&#8221;{}&#8221; max_width=&#8221;80%&#8221; module_alignment=&#8221;center&#8221; box_shadow_style=&#8221;preset1&#8243; locked=&#8221;off&#8221;]<iframe loading=\"lazy\" width=\"560\" height=\"315\" src=\"https:\/\/www.youtube.com\/embed\/cUAfjQNVX_Q?si=7pWzZF7JNilLNrIl\" title=\"YouTube video player\" frameborder=\"0\" allow=\"accelerometer; autoplay; clipboard-write; encrypted-media; gyroscope; picture-in-picture; web-share\" allowfullscreen><\/iframe>[\/et_pb_code][et_pb_code _builder_version=&#8221;4.23.1&#8243; _module_preset=&#8221;default&#8221; global_colors_info=&#8221;{}&#8221;][\/et_pb_code][\/et_pb_column][\/et_pb_row][\/et_pb_section][et_pb_section fb_built=&#8221;1&#8243; _builder_version=&#8221;4.23.1&#8243; _module_preset=&#8221;default&#8221; custom_margin=&#8221;0px||50px||false|false&#8221; custom_margin_tablet=&#8221;||100px||false|false&#8221; custom_margin_phone=&#8221;||100px||false|false&#8221; custom_margin_last_edited=&#8221;on|tablet&#8221; custom_padding=&#8221;0px||49px||false|false&#8221; global_colors_info=&#8221;{}&#8221;][et_pb_row _builder_version=&#8221;4.23.1&#8243; _module_preset=&#8221;default&#8221; global_colors_info=&#8221;{}&#8221;][et_pb_column type=&#8221;4_4&#8243; _builder_version=&#8221;4.23.1&#8243; _module_preset=&#8221;default&#8221; global_colors_info=&#8221;{}&#8221;][et_pb_text _builder_version=&#8221;4.23.1&#8243; _module_preset=&#8221;default&#8221; header_2_font=&#8221;|700||on|||||&#8221; header_2_text_color=&#8221;#23295B&#8221; header_3_font=&#8221;|700||on|||||&#8221; header_3_text_color=&#8221;#23295B&#8221; custom_margin=&#8221;||0px||false|false&#8221; custom_padding=&#8221;||23px|||&#8221; global_colors_info=&#8221;{}&#8221;]<\/p>\n<h2>Antwoorden op de belangrijkste vragen over EPD&#8217;s voor vloerbedekkingen<\/h2>\n<p>[\/et_pb_text][et_pb_text _builder_version=&#8221;4.23.1&#8243; _module_preset=&#8221;default&#8221; global_colors_info=&#8221;{}&#8221;]<\/p>\n<p>&lt;iframe width=&#8221;560&#8243; height=&#8221;315&#8243; src=&#8221;https:\/\/www.youtube.com\/embed\/cUAfjQNVX_Q?si=7pWzZF7JNilLNrIl&#8221; title=&#8221;YouTube video player&#8221; frameborder=&#8221;0&#8243; allow=&#8221;accelerometer; autoplay; clipboard-write; encrypted-media; gyroscope; picture-in-picture; web-share&#8221; allowfullscreen&gt;&lt;\/iframe&gt;<\/p>\n<p>[\/et_pb_text][\/et_pb_column][\/et_pb_row][et_pb_row _builder_version=&#8221;4.23.1&#8243; _module_preset=&#8221;default&#8221; global_colors_info=&#8221;{}&#8221;][et_pb_column type=&#8221;4_4&#8243; _builder_version=&#8221;4.23.1&#8243; _module_preset=&#8221;default&#8221; global_colors_info=&#8221;{}&#8221;][dipi_faq faq_categories=&#8221;8&#8243; _builder_version=&#8221;4.23.1&#8243; _module_preset=&#8221;default&#8221; title_closed_font=&#8221;|600|||||||&#8221; title_closed_text_color=&#8221;#23295B&#8221; title_closed_font_size=&#8221;26px&#8221; title_closed_font_size_tablet=&#8221;26px&#8221; title_closed_font_size_phone=&#8221;24px&#8221; title_closed_font_size_last_edited=&#8221;on|phone&#8221; global_colors_info=&#8221;{}&#8221;][\/dipi_faq][\/et_pb_column][\/et_pb_row][\/et_pb_section]<\/p>\n","protected":false},"excerpt":{"rendered":"<p>Milieuproductverklaringen (EPD&#8217;s)voor textiele vloerbedekkingenEPD&#8217;s (Environmental Product Declarations = milieuverklaringen voor producten) geven informatie over de milieu-effecten van een bouwproduct. Transparant, onafhankelijk en duidelijk. Daarbij zijn EPD&#8217;s met het oog op de milieubalans van een textiele vloerbedekking waardevolle hulpmiddelen voor ontwerpers, architecten en opdrachtgevers.Wat is een EPD (Milieuproductverklaringen)?Productgerelateerde milieuproductverklaringenNaast generieke EPD&#8217;s voor zogenaamde standaardproducten voor textiele [&hellip;]<\/p>\n","protected":false},"author":2,"featured_media":0,"parent":0,"menu_order":0,"comment_status":"closed","ping_status":"closed","template":"","meta":{"_et_pb_use_builder":"on","_et_pb_old_content":"","_et_gb_content_width":"","footnotes":""},"dipi_cpt_category":[],"class_list":["post-1521","page","type-page","status-publish","hentry"],"yoast_head":"<!-- This site is optimized with the Yoast SEO plugin v27.3 - https:\/\/yoast.com\/product\/yoast-seo-wordpress\/ -->\n<title>Milieuproductverklaringen \u2013 EPD&#039;s text vloerbedekkingen<\/title>\n<meta name=\"description\" content=\"EPD&#039;s geven informatie over de milieu-effecten van een bouwproduct. Transparant, onafhankelijk en duidelijk.\" \/>\n<meta name=\"robots\" content=\"index, follow, max-snippet:-1, max-image-preview:large, max-video-preview:-1\" \/>\n<link rel=\"canonical\" href=\"https:\/\/gut-prodis.eu\/nl\/epd-s-milieuproductverklaringen\/\" \/>\n<meta property=\"og:locale\" content=\"nl_NL\" \/>\n<meta property=\"og:type\" content=\"article\" \/>\n<meta property=\"og:title\" content=\"Milieuproductverklaringen \u2013 EPD&#039;s text vloerbedekkingen\" \/>\n<meta property=\"og:description\" content=\"EPD&#039;s geven informatie over de milieu-effecten van een bouwproduct. Transparant, onafhankelijk en duidelijk.\" \/>\n<meta property=\"og:url\" content=\"https:\/\/gut-prodis.eu\/nl\/epd-s-milieuproductverklaringen\/\" \/>\n<meta property=\"og:site_name\" content=\"Gemeinschaft umweltfreundlicher Teppichboden e.V. (GUT)\" \/>\n<meta property=\"article:modified_time\" content=\"2024-01-23T13:21:50+00:00\" \/>\n<meta name=\"twitter:label1\" content=\"Geschatte leestijd\" \/>\n\t<meta name=\"twitter:data1\" content=\"8 minuten\" \/>\n<script type=\"application\/ld+json\" class=\"yoast-schema-graph\">{\"@context\":\"https:\\\/\\\/schema.org\",\"@graph\":[{\"@type\":\"WebPage\",\"@id\":\"https:\\\/\\\/gut-prodis.eu\\\/nl\\\/epd-s-milieuproductverklaringen\\\/\",\"url\":\"https:\\\/\\\/gut-prodis.eu\\\/nl\\\/epd-s-milieuproductverklaringen\\\/\",\"name\":\"Milieuproductverklaringen \u2013 EPD's text vloerbedekkingen\",\"isPartOf\":{\"@id\":\"https:\\\/\\\/gut-prodis.eu\\\/nl\\\/#website\"},\"datePublished\":\"2023-11-17T11:22:47+00:00\",\"dateModified\":\"2024-01-23T13:21:50+00:00\",\"description\":\"EPD's geven informatie over de milieu-effecten van een bouwproduct. Transparant, onafhankelijk en duidelijk.\",\"breadcrumb\":{\"@id\":\"https:\\\/\\\/gut-prodis.eu\\\/nl\\\/epd-s-milieuproductverklaringen\\\/#breadcrumb\"},\"inLanguage\":\"nl-NL\",\"potentialAction\":[{\"@type\":\"ReadAction\",\"target\":[\"https:\\\/\\\/gut-prodis.eu\\\/nl\\\/epd-s-milieuproductverklaringen\\\/\"]}]},{\"@type\":\"BreadcrumbList\",\"@id\":\"https:\\\/\\\/gut-prodis.eu\\\/nl\\\/epd-s-milieuproductverklaringen\\\/#breadcrumb\",\"itemListElement\":[{\"@type\":\"ListItem\",\"position\":1,\"name\":\"Startseite\",\"item\":\"https:\\\/\\\/gut-prodis.eu\\\/nl\\\/\"},{\"@type\":\"ListItem\",\"position\":2,\"name\":\"EPDs Milieuproductverklaringen\"}]},{\"@type\":\"WebSite\",\"@id\":\"https:\\\/\\\/gut-prodis.eu\\\/nl\\\/#website\",\"url\":\"https:\\\/\\\/gut-prodis.eu\\\/nl\\\/\",\"name\":\"Gemeinschaft umweltfreundlicher Teppichboden e.V. (GUT)\",\"description\":\"\",\"publisher\":{\"@id\":\"https:\\\/\\\/gut-prodis.eu\\\/nl\\\/#organization\"},\"potentialAction\":[{\"@type\":\"SearchAction\",\"target\":{\"@type\":\"EntryPoint\",\"urlTemplate\":\"https:\\\/\\\/gut-prodis.eu\\\/nl\\\/?s={search_term_string}\"},\"query-input\":{\"@type\":\"PropertyValueSpecification\",\"valueRequired\":true,\"valueName\":\"search_term_string\"}}],\"inLanguage\":\"nl-NL\"},{\"@type\":\"Organization\",\"@id\":\"https:\\\/\\\/gut-prodis.eu\\\/nl\\\/#organization\",\"name\":\"Gemeinschaft umweltfreundlicher Teppichboden e.V. (GUT)\",\"url\":\"https:\\\/\\\/gut-prodis.eu\\\/nl\\\/\",\"logo\":{\"@type\":\"ImageObject\",\"inLanguage\":\"nl-NL\",\"@id\":\"https:\\\/\\\/gut-prodis.eu\\\/nl\\\/#\\\/schema\\\/logo\\\/image\\\/\",\"url\":\"https:\\\/\\\/gut-prodis.eu\\\/wp-content\\\/uploads\\\/2023\\\/10\\\/gut-teppichboden-logo.svg\",\"contentUrl\":\"https:\\\/\\\/gut-prodis.eu\\\/wp-content\\\/uploads\\\/2023\\\/10\\\/gut-teppichboden-logo.svg\",\"width\":1,\"height\":1,\"caption\":\"Gemeinschaft umweltfreundlicher Teppichboden e.V. (GUT)\"},\"image\":{\"@id\":\"https:\\\/\\\/gut-prodis.eu\\\/nl\\\/#\\\/schema\\\/logo\\\/image\\\/\"},\"sameAs\":[\"https:\\\/\\\/www.linkedin.com\\\/company\\\/gut-ev\\\/\"]}]}<\/script>\n<!-- \/ Yoast SEO plugin. -->","yoast_head_json":{"title":"Milieuproductverklaringen \u2013 EPD's text vloerbedekkingen","description":"EPD's geven informatie over de milieu-effecten van een bouwproduct. Transparant, onafhankelijk en duidelijk.","robots":{"index":"index","follow":"follow","max-snippet":"max-snippet:-1","max-image-preview":"max-image-preview:large","max-video-preview":"max-video-preview:-1"},"canonical":"https:\/\/gut-prodis.eu\/nl\/epd-s-milieuproductverklaringen\/","og_locale":"nl_NL","og_type":"article","og_title":"Milieuproductverklaringen \u2013 EPD's text vloerbedekkingen","og_description":"EPD's geven informatie over de milieu-effecten van een bouwproduct. Transparant, onafhankelijk en duidelijk.","og_url":"https:\/\/gut-prodis.eu\/nl\/epd-s-milieuproductverklaringen\/","og_site_name":"Gemeinschaft umweltfreundlicher Teppichboden e.V. (GUT)","article_modified_time":"2024-01-23T13:21:50+00:00","twitter_misc":{"Geschatte leestijd":"8 minuten"},"schema":{"@context":"https:\/\/schema.org","@graph":[{"@type":"WebPage","@id":"https:\/\/gut-prodis.eu\/nl\/epd-s-milieuproductverklaringen\/","url":"https:\/\/gut-prodis.eu\/nl\/epd-s-milieuproductverklaringen\/","name":"Milieuproductverklaringen \u2013 EPD's text vloerbedekkingen","isPartOf":{"@id":"https:\/\/gut-prodis.eu\/nl\/#website"},"datePublished":"2023-11-17T11:22:47+00:00","dateModified":"2024-01-23T13:21:50+00:00","description":"EPD's geven informatie over de milieu-effecten van een bouwproduct. Transparant, onafhankelijk en duidelijk.","breadcrumb":{"@id":"https:\/\/gut-prodis.eu\/nl\/epd-s-milieuproductverklaringen\/#breadcrumb"},"inLanguage":"nl-NL","potentialAction":[{"@type":"ReadAction","target":["https:\/\/gut-prodis.eu\/nl\/epd-s-milieuproductverklaringen\/"]}]},{"@type":"BreadcrumbList","@id":"https:\/\/gut-prodis.eu\/nl\/epd-s-milieuproductverklaringen\/#breadcrumb","itemListElement":[{"@type":"ListItem","position":1,"name":"Startseite","item":"https:\/\/gut-prodis.eu\/nl\/"},{"@type":"ListItem","position":2,"name":"EPDs Milieuproductverklaringen"}]},{"@type":"WebSite","@id":"https:\/\/gut-prodis.eu\/nl\/#website","url":"https:\/\/gut-prodis.eu\/nl\/","name":"Gemeinschaft umweltfreundlicher Teppichboden e.V. (GUT)","description":"","publisher":{"@id":"https:\/\/gut-prodis.eu\/nl\/#organization"},"potentialAction":[{"@type":"SearchAction","target":{"@type":"EntryPoint","urlTemplate":"https:\/\/gut-prodis.eu\/nl\/?s={search_term_string}"},"query-input":{"@type":"PropertyValueSpecification","valueRequired":true,"valueName":"search_term_string"}}],"inLanguage":"nl-NL"},{"@type":"Organization","@id":"https:\/\/gut-prodis.eu\/nl\/#organization","name":"Gemeinschaft umweltfreundlicher Teppichboden e.V. (GUT)","url":"https:\/\/gut-prodis.eu\/nl\/","logo":{"@type":"ImageObject","inLanguage":"nl-NL","@id":"https:\/\/gut-prodis.eu\/nl\/#\/schema\/logo\/image\/","url":"https:\/\/gut-prodis.eu\/wp-content\/uploads\/2023\/10\/gut-teppichboden-logo.svg","contentUrl":"https:\/\/gut-prodis.eu\/wp-content\/uploads\/2023\/10\/gut-teppichboden-logo.svg","width":1,"height":1,"caption":"Gemeinschaft umweltfreundlicher Teppichboden e.V. (GUT)"},"image":{"@id":"https:\/\/gut-prodis.eu\/nl\/#\/schema\/logo\/image\/"},"sameAs":["https:\/\/www.linkedin.com\/company\/gut-ev\/"]}]}},"_links":{"self":[{"href":"https:\/\/gut-prodis.eu\/nl\/wp-json\/wp\/v2\/pages\/1521","targetHints":{"allow":["GET"]}}],"collection":[{"href":"https:\/\/gut-prodis.eu\/nl\/wp-json\/wp\/v2\/pages"}],"about":[{"href":"https:\/\/gut-prodis.eu\/nl\/wp-json\/wp\/v2\/types\/page"}],"author":[{"embeddable":true,"href":"https:\/\/gut-prodis.eu\/nl\/wp-json\/wp\/v2\/users\/2"}],"replies":[{"embeddable":true,"href":"https:\/\/gut-prodis.eu\/nl\/wp-json\/wp\/v2\/comments?post=1521"}],"version-history":[{"count":3,"href":"https:\/\/gut-prodis.eu\/nl\/wp-json\/wp\/v2\/pages\/1521\/revisions"}],"predecessor-version":[{"id":4070,"href":"https:\/\/gut-prodis.eu\/nl\/wp-json\/wp\/v2\/pages\/1521\/revisions\/4070"}],"wp:attachment":[{"href":"https:\/\/gut-prodis.eu\/nl\/wp-json\/wp\/v2\/media?parent=1521"}],"wp:term":[{"taxonomy":"dipi_cpt_category","embeddable":true,"href":"https:\/\/gut-prodis.eu\/nl\/wp-json\/wp\/v2\/dipi_cpt_category?post=1521"}],"curies":[{"name":"wp","href":"https:\/\/api.w.org\/{rel}","templated":true}]}}