{"id":4471,"date":"2025-06-23T15:14:36","date_gmt":"2025-06-23T13:14:36","guid":{"rendered":"https:\/\/gut-prodis.eu\/interreg-echt\/"},"modified":"2025-06-23T16:41:39","modified_gmt":"2025-06-23T14:41:39","slug":"interreg-echt","status":"publish","type":"page","link":"https:\/\/gut-prodis.eu\/fr\/interreg-echt\/","title":{"rendered":"Interreg ECHT"},"content":{"rendered":"<p>[et_pb_section fb_built=\u00a0\u00bb1&Prime; admin_label=\u00a0\u00bbsection\u00a0\u00bb _builder_version=\u00a0\u00bb4.16&Prime; custom_padding=\u00a0\u00bb41px|||||\u00a0\u00bb global_colors_info=\u00a0\u00bb{}\u00a0\u00bb][et_pb_row admin_label=\u00a0\u00bbrang\u00e9e\u00a0\u00bb _builder_version=\u00a0\u00bb4.16&Prime; background_size=\u00a0\u00bbinitial\u00a0\u00bb background_position=\u00a0\u00bbtop_left\u00a0\u00bb background_repeat=\u00a0\u00bbrepeat\u00a0\u00bb custom_padding=\u00a0\u00bb60px||50px|||\u00a0\u00bb global_colors_info=\u00a0\u00bb{}\u00a0\u00bb][et_pb_column type=\u00a0\u00bb4_4&Prime; _builder_version=\u00a0\u00bb4.16&Prime; custom_padding=\u00a0\u00bb|||\u00a0\u00bb global_colors_info=\u00a0\u00bb{}\u00a0\u00bb custom_padding__hover=\u00a0\u00bb|||\u00a0\u00bb][et_pb_text admin_label=\u00a0\u00bbText\u00a0\u00bb _builder_version=\u00a0\u00bb4.27.4&Prime; background_size=\u00a0\u00bbinitial\u00a0\u00bb background_position=\u00a0\u00bbtop_left\u00a0\u00bb background_repeat=\u00a0\u00bbrepeat\u00a0\u00bb global_colors_info=\u00a0\u00bb{}\u00a0\u00bb]<\/p>\n<h1>Participation au projet Interreg \u00ab ECHT \u00bb<\/h1>\n<p>La Communaut\u00e9 des Rev\u00eatements de Sol \u00c9cologiques (GUT) est un partenaire officiel du projet de recherche et de mise en \u0153uvre transnational \u00ab ECHT \u00bb (Enable Digital Product Passports with Chemicals Traceability for a Circular Economy), r\u00e9alis\u00e9 dans le cadre du programme de financement europ\u00e9en Interreg North-West Europe (NWE).<\/p>\n<p>[\/et_pb_text][et_pb_text admin_label=\u00a0\u00bbText\u00a0\u00bb _builder_version=\u00a0\u00bb4.27.4&Prime; background_size=\u00a0\u00bbinitial\u00a0\u00bb background_position=\u00a0\u00bbtop_left\u00a0\u00bb background_repeat=\u00a0\u00bbrepeat\u00a0\u00bb hover_enabled=\u00a0\u00bb0&Prime; global_colors_info=\u00a0\u00bb{}\u00a0\u00bb sticky_enabled=\u00a0\u00bb0&Prime;]<\/p>\n<h2>Objectifs du projet<\/h2>\n<p>Le projet ECHT vise \u00e0 renforcer significativement l&rsquo;\u00e9conomie circulaire dans les secteurs du textile et des rev\u00eatements de sol par l&rsquo;introduction de passeports produits num\u00e9riques pour la tra\u00e7abilit\u00e9 des produits chimiques. Face aux exigences r\u00e9glementaires croissantes, notamment dans le cadre du Pacte vert europ\u00e9en, de la strat\u00e9gie europ\u00e9enne pour les textiles et du r\u00e8glement sur l&rsquo;\u00e9coconception (ESPR) envisag\u00e9, la documentation transparente des produits chimiques utilis\u00e9s tout au long du cycle de vie du produit gagne consid\u00e9rablement en importance.<\/p>\n<h3>Axes principaux du projet<\/h3>\n<p>ECHT d\u00e9veloppe des approches innovantes pour rendre la tra\u00e7abilit\u00e9 des produits chimiques praticable, en particulier pour les petites et moyennes entreprises (PME). L&rsquo;accent est mis sur :<\/p>\n<ul>\n<li>Cr\u00e9ation de passeports produits num\u00e9riques (Digital Product Passports, DPP)<\/li>\n<li>\u00c9laboration de plans d&rsquo;action pour l&rsquo;industrie textile et des rev\u00eatements de sol ainsi que pour les d\u00e9cideurs politiques<\/li>\n<li>Mise en place d&rsquo;une plateforme de connaissances pour promouvoir de nouveaux mod\u00e8les commerciaux orient\u00e9s vers l&rsquo;\u00e9conomie circulaire<\/li>\n<li>Soutien aux PME dans la mise en \u0153uvre des exigences r\u00e9glementaires et des mesures de durabilit\u00e9 suppl\u00e9mentaires<\/li>\n<\/ul>\n<h3>Collaboration avec ECRA<\/h3>\n<p>La GUT collabore \u00e9troitement avec l&rsquo;ECRA (<a href=\"https:\/\/ecra.eu\/\" target=\"_blank\" rel=\"noopener\">European Carpet and Rug Association<\/a>), l&rsquo;association repr\u00e9sentant les int\u00e9r\u00eats des fabricants europ\u00e9ens de tapis et de moquettes, afin de repr\u00e9senter efficacement le contenu technique et les objectifs strat\u00e9giques au sein du projet. Cette coop\u00e9ration permet une mise en \u0153uvre efficace et pratique des r\u00e9sultats du projet, en particulier dans le domaine des rev\u00eatements de sol et des tapis.<\/p>\n<h3>Dur\u00e9e et financement du projet<\/h3>\n<p>ECHT se d\u00e9roule du d\u00e9but de 2024 \u00e0 la fin de 2026. Le budget total du projet s&rsquo;\u00e9l\u00e8ve \u00e0 environ 2,1 millions d&rsquo;euros, dont environ 1,2 million d&rsquo;euros sont fournis par le programme de financement europ\u00e9en Interreg NWE.<\/p>\n<p>Ce projet est financ\u00e9 par Interreg North-West Europe.<\/p>\n<p>[\/et_pb_text][\/et_pb_column][\/et_pb_row][et_pb_row column_structure=\u00a0\u00bb2_3,1_3&Prime; _builder_version=\u00a0\u00bb4.27.4&Prime; _module_preset=\u00a0\u00bbdefault\u00a0\u00bb global_colors_info=\u00a0\u00bb{}\u00a0\u00bb][et_pb_column type=\u00a0\u00bb2_3&Prime; _builder_version=\u00a0\u00bb4.27.4&Prime; _module_preset=\u00a0\u00bbdefault\u00a0\u00bb global_colors_info=\u00a0\u00bb{}\u00a0\u00bb][et_pb_text admin_label=\u00a0\u00bbText\u00a0\u00bb _builder_version=\u00a0\u00bb4.27.4&Prime; background_size=\u00a0\u00bbinitial\u00a0\u00bb background_position=\u00a0\u00bbtop_left\u00a0\u00bb background_repeat=\u00a0\u00bbrepeat\u00a0\u00bb global_colors_info=\u00a0\u00bb{}\u00a0\u00bb]<\/p>\n<h3>Liens<\/h3>\n<ul class=\"styled-list\">\n<li>\n<div class=\"styled-list-content\"><span class=\"link-external\"><a title=\"Acc\u00e9der au \u00ab site web du projet Interreg ECHT \u00bb\" href=\"https:\/\/echt.nweurope.eu\/\" target=\"_blank\" rel=\"noopener\">Site web du projet Interreg ECHT<\/a><\/span><\/div>\n<\/li>\n<li>\n<div class=\"styled-list-content\"><span class=\"link-external\"><a title=\"Acc\u00e9der \u00e0 \u00ab Interreg North-West Europe \u00bb\" href=\"https:\/\/www.nweurope.eu\/\" target=\"_blank\" rel=\"noopener\">Interreg North-West Europe<\/a><\/span><\/div>\n<\/li>\n<\/ul>\n<p>[\/et_pb_text][\/et_pb_column][et_pb_column type=\u00a0\u00bb1_3&Prime; _builder_version=\u00a0\u00bb4.27.4&Prime; _module_preset=\u00a0\u00bbdefault\u00a0\u00bb global_colors_info=\u00a0\u00bb{}\u00a0\u00bb][et_pb_image src=\u00a0\u00bbhttps:\/\/gut-prodis.eu\/wp-content\/uploads\/2025\/06\/interreg.png\u00a0\u00bb title_text=\u00a0\u00bbinterreg\u00a0\u00bb _builder_version=\u00a0\u00bb4.27.4&Prime; _module_preset=\u00a0\u00bbdefault\u00a0\u00bb global_colors_info=\u00a0\u00bb{}\u00a0\u00bb][\/et_pb_image][\/et_pb_column][\/et_pb_row][\/et_pb_section]<\/p>\n","protected":false},"excerpt":{"rendered":"<p>Participation au projet Interreg \u00ab ECHT \u00bb La Communaut\u00e9 des Rev\u00eatements de Sol \u00c9cologiques (GUT) est un partenaire officiel du projet de recherche et de mise en \u0153uvre transnational \u00ab ECHT \u00bb (Enable Digital Product Passports with Chemicals Traceability for a Circular Economy), r\u00e9alis\u00e9 dans le cadre du programme de financement europ\u00e9en Interreg North-West Europe [&hellip;]<\/p>\n","protected":false},"author":1,"featured_media":0,"parent":0,"menu_order":0,"comment_status":"closed","ping_status":"closed","template":"","meta":{"_et_pb_use_builder":"on","_et_pb_old_content":"","_et_gb_content_width":"","footnotes":""},"dipi_cpt_category":[],"class_list":["post-4471","page","type-page","status-publish","hentry"],"yoast_head":"<!-- This site is optimized with the Yoast SEO plugin v27.4 - https:\/\/yoast.com\/product\/yoast-seo-wordpress\/ -->\n<title>Interreg ECHT - Gemeinschaft umweltfreundlicher Teppichboden e.V. (GUT)<\/title>\n<meta name=\"robots\" content=\"index, follow, max-snippet:-1, max-image-preview:large, max-video-preview:-1\" \/>\n<link rel=\"canonical\" href=\"https:\/\/gut-prodis.eu\/fr\/interreg-echt\/\" \/>\n<meta property=\"og:locale\" content=\"fr_FR\" \/>\n<meta property=\"og:type\" content=\"article\" \/>\n<meta property=\"og:title\" content=\"Interreg ECHT - Gemeinschaft umweltfreundlicher Teppichboden e.V. (GUT)\" \/>\n<meta property=\"og:description\" content=\"Participation au projet Interreg \u00ab ECHT \u00bb La Communaut\u00e9 des Rev\u00eatements de Sol \u00c9cologiques (GUT) est un partenaire officiel du projet de recherche et de mise en \u0153uvre transnational \u00ab ECHT \u00bb (Enable Digital Product Passports with Chemicals Traceability for a Circular Economy), r\u00e9alis\u00e9 dans le cadre du programme de financement europ\u00e9en Interreg North-West Europe [&hellip;]\" \/>\n<meta property=\"og:url\" content=\"https:\/\/gut-prodis.eu\/fr\/interreg-echt\/\" \/>\n<meta property=\"og:site_name\" content=\"Gemeinschaft umweltfreundlicher Teppichboden e.V. (GUT)\" \/>\n<meta property=\"article:modified_time\" content=\"2025-06-23T14:41:39+00:00\" \/>\n<meta name=\"twitter:label1\" content=\"Dur\u00e9e de lecture estim\u00e9e\" \/>\n\t<meta name=\"twitter:data1\" content=\"3 minutes\" \/>\n<script type=\"application\/ld+json\" class=\"yoast-schema-graph\">{\"@context\":\"https:\\\/\\\/schema.org\",\"@graph\":[{\"@type\":\"WebPage\",\"@id\":\"https:\\\/\\\/gut-prodis.eu\\\/fr\\\/interreg-echt\\\/\",\"url\":\"https:\\\/\\\/gut-prodis.eu\\\/fr\\\/interreg-echt\\\/\",\"name\":\"Interreg ECHT - Gemeinschaft umweltfreundlicher Teppichboden e.V. (GUT)\",\"isPartOf\":{\"@id\":\"https:\\\/\\\/gut-prodis.eu\\\/fr\\\/#website\"},\"datePublished\":\"2025-06-23T13:14:36+00:00\",\"dateModified\":\"2025-06-23T14:41:39+00:00\",\"breadcrumb\":{\"@id\":\"https:\\\/\\\/gut-prodis.eu\\\/fr\\\/interreg-echt\\\/#breadcrumb\"},\"inLanguage\":\"fr-FR\",\"potentialAction\":[{\"@type\":\"ReadAction\",\"target\":[\"https:\\\/\\\/gut-prodis.eu\\\/fr\\\/interreg-echt\\\/\"]}]},{\"@type\":\"BreadcrumbList\",\"@id\":\"https:\\\/\\\/gut-prodis.eu\\\/fr\\\/interreg-echt\\\/#breadcrumb\",\"itemListElement\":[{\"@type\":\"ListItem\",\"position\":1,\"name\":\"Startseite\",\"item\":\"https:\\\/\\\/gut-prodis.eu\\\/fr\\\/\"},{\"@type\":\"ListItem\",\"position\":2,\"name\":\"Interreg ECHT\"}]},{\"@type\":\"WebSite\",\"@id\":\"https:\\\/\\\/gut-prodis.eu\\\/fr\\\/#website\",\"url\":\"https:\\\/\\\/gut-prodis.eu\\\/fr\\\/\",\"name\":\"Gemeinschaft umweltfreundlicher Teppichboden e.V. (GUT)\",\"description\":\"\",\"publisher\":{\"@id\":\"https:\\\/\\\/gut-prodis.eu\\\/fr\\\/#organization\"},\"potentialAction\":[{\"@type\":\"SearchAction\",\"target\":{\"@type\":\"EntryPoint\",\"urlTemplate\":\"https:\\\/\\\/gut-prodis.eu\\\/fr\\\/?s={search_term_string}\"},\"query-input\":{\"@type\":\"PropertyValueSpecification\",\"valueRequired\":true,\"valueName\":\"search_term_string\"}}],\"inLanguage\":\"fr-FR\"},{\"@type\":\"Organization\",\"@id\":\"https:\\\/\\\/gut-prodis.eu\\\/fr\\\/#organization\",\"name\":\"Gemeinschaft umweltfreundlicher Teppichboden e.V. (GUT)\",\"url\":\"https:\\\/\\\/gut-prodis.eu\\\/fr\\\/\",\"logo\":{\"@type\":\"ImageObject\",\"inLanguage\":\"fr-FR\",\"@id\":\"https:\\\/\\\/gut-prodis.eu\\\/fr\\\/#\\\/schema\\\/logo\\\/image\\\/\",\"url\":\"https:\\\/\\\/gut-prodis.eu\\\/wp-content\\\/uploads\\\/2023\\\/10\\\/gut-teppichboden-logo.svg\",\"contentUrl\":\"https:\\\/\\\/gut-prodis.eu\\\/wp-content\\\/uploads\\\/2023\\\/10\\\/gut-teppichboden-logo.svg\",\"width\":1,\"height\":1,\"caption\":\"Gemeinschaft umweltfreundlicher Teppichboden e.V. (GUT)\"},\"image\":{\"@id\":\"https:\\\/\\\/gut-prodis.eu\\\/fr\\\/#\\\/schema\\\/logo\\\/image\\\/\"},\"sameAs\":[\"https:\\\/\\\/www.linkedin.com\\\/company\\\/gut-ev\\\/\"]}]}<\/script>\n<!-- \/ Yoast SEO plugin. -->","yoast_head_json":{"title":"Interreg ECHT - Gemeinschaft umweltfreundlicher Teppichboden e.V. (GUT)","robots":{"index":"index","follow":"follow","max-snippet":"max-snippet:-1","max-image-preview":"max-image-preview:large","max-video-preview":"max-video-preview:-1"},"canonical":"https:\/\/gut-prodis.eu\/fr\/interreg-echt\/","og_locale":"fr_FR","og_type":"article","og_title":"Interreg ECHT - Gemeinschaft umweltfreundlicher Teppichboden e.V. (GUT)","og_description":"Participation au projet Interreg \u00ab ECHT \u00bb La Communaut\u00e9 des Rev\u00eatements de Sol \u00c9cologiques (GUT) est un partenaire officiel du projet de recherche et de mise en \u0153uvre transnational \u00ab ECHT \u00bb (Enable Digital Product Passports with Chemicals Traceability for a Circular Economy), r\u00e9alis\u00e9 dans le cadre du programme de financement europ\u00e9en Interreg North-West Europe [&hellip;]","og_url":"https:\/\/gut-prodis.eu\/fr\/interreg-echt\/","og_site_name":"Gemeinschaft umweltfreundlicher Teppichboden e.V. (GUT)","article_modified_time":"2025-06-23T14:41:39+00:00","twitter_misc":{"Dur\u00e9e de lecture estim\u00e9e":"3 minutes"},"schema":{"@context":"https:\/\/schema.org","@graph":[{"@type":"WebPage","@id":"https:\/\/gut-prodis.eu\/fr\/interreg-echt\/","url":"https:\/\/gut-prodis.eu\/fr\/interreg-echt\/","name":"Interreg ECHT - Gemeinschaft umweltfreundlicher Teppichboden e.V. (GUT)","isPartOf":{"@id":"https:\/\/gut-prodis.eu\/fr\/#website"},"datePublished":"2025-06-23T13:14:36+00:00","dateModified":"2025-06-23T14:41:39+00:00","breadcrumb":{"@id":"https:\/\/gut-prodis.eu\/fr\/interreg-echt\/#breadcrumb"},"inLanguage":"fr-FR","potentialAction":[{"@type":"ReadAction","target":["https:\/\/gut-prodis.eu\/fr\/interreg-echt\/"]}]},{"@type":"BreadcrumbList","@id":"https:\/\/gut-prodis.eu\/fr\/interreg-echt\/#breadcrumb","itemListElement":[{"@type":"ListItem","position":1,"name":"Startseite","item":"https:\/\/gut-prodis.eu\/fr\/"},{"@type":"ListItem","position":2,"name":"Interreg ECHT"}]},{"@type":"WebSite","@id":"https:\/\/gut-prodis.eu\/fr\/#website","url":"https:\/\/gut-prodis.eu\/fr\/","name":"Gemeinschaft umweltfreundlicher Teppichboden e.V. (GUT)","description":"","publisher":{"@id":"https:\/\/gut-prodis.eu\/fr\/#organization"},"potentialAction":[{"@type":"SearchAction","target":{"@type":"EntryPoint","urlTemplate":"https:\/\/gut-prodis.eu\/fr\/?s={search_term_string}"},"query-input":{"@type":"PropertyValueSpecification","valueRequired":true,"valueName":"search_term_string"}}],"inLanguage":"fr-FR"},{"@type":"Organization","@id":"https:\/\/gut-prodis.eu\/fr\/#organization","name":"Gemeinschaft umweltfreundlicher Teppichboden e.V. (GUT)","url":"https:\/\/gut-prodis.eu\/fr\/","logo":{"@type":"ImageObject","inLanguage":"fr-FR","@id":"https:\/\/gut-prodis.eu\/fr\/#\/schema\/logo\/image\/","url":"https:\/\/gut-prodis.eu\/wp-content\/uploads\/2023\/10\/gut-teppichboden-logo.svg","contentUrl":"https:\/\/gut-prodis.eu\/wp-content\/uploads\/2023\/10\/gut-teppichboden-logo.svg","width":1,"height":1,"caption":"Gemeinschaft umweltfreundlicher Teppichboden e.V. (GUT)"},"image":{"@id":"https:\/\/gut-prodis.eu\/fr\/#\/schema\/logo\/image\/"},"sameAs":["https:\/\/www.linkedin.com\/company\/gut-ev\/"]}]}},"_links":{"self":[{"href":"https:\/\/gut-prodis.eu\/fr\/wp-json\/wp\/v2\/pages\/4471","targetHints":{"allow":["GET"]}}],"collection":[{"href":"https:\/\/gut-prodis.eu\/fr\/wp-json\/wp\/v2\/pages"}],"about":[{"href":"https:\/\/gut-prodis.eu\/fr\/wp-json\/wp\/v2\/types\/page"}],"author":[{"embeddable":true,"href":"https:\/\/gut-prodis.eu\/fr\/wp-json\/wp\/v2\/users\/1"}],"replies":[{"embeddable":true,"href":"https:\/\/gut-prodis.eu\/fr\/wp-json\/wp\/v2\/comments?post=4471"}],"version-history":[{"count":3,"href":"https:\/\/gut-prodis.eu\/fr\/wp-json\/wp\/v2\/pages\/4471\/revisions"}],"predecessor-version":[{"id":4483,"href":"https:\/\/gut-prodis.eu\/fr\/wp-json\/wp\/v2\/pages\/4471\/revisions\/4483"}],"wp:attachment":[{"href":"https:\/\/gut-prodis.eu\/fr\/wp-json\/wp\/v2\/media?parent=4471"}],"wp:term":[{"taxonomy":"dipi_cpt_category","embeddable":true,"href":"https:\/\/gut-prodis.eu\/fr\/wp-json\/wp\/v2\/dipi_cpt_category?post=4471"}],"curies":[{"name":"wp","href":"https:\/\/api.w.org\/{rel}","templated":true}]}}