{"id":1593,"date":"2023-11-17T12:16:02","date_gmt":"2023-11-17T11:16:02","guid":{"rendered":"https:\/\/produktpass-teppichboden.de\/voc-emissionen\/"},"modified":"2024-07-29T16:01:20","modified_gmt":"2024-07-29T14:01:20","slug":"test-d-emissions","status":"publish","type":"page","link":"https:\/\/gut-prodis.eu\/fr\/test-d-emissions\/","title":{"rendered":"test-d-emissions"},"content":{"rendered":"<p>[et_pb_section fb_built=\u00a0\u00bb1&Prime; _builder_version=\u00a0\u00bb4.23.1&Prime; _module_preset=\u00a0\u00bbdefault\u00a0\u00bb background_color=\u00a0\u00bbrgba(10,0,0,0.28)\u00a0\u00bb background_image=\u00a0\u00bbhttps:\/\/produktpass-teppichboden.de\/wp-content\/uploads\/2023\/11\/GUT_Gemeinschaft_umweltfreundlicher_Teppichboeden_ev_header4.jpg\u00a0\u00bb background_blend=\u00a0\u00bbmultiply\u00a0\u00bb height=\u00a0\u00bb32vh\u00a0\u00bb height_tablet=\u00a0\u00bb32vh\u00a0\u00bb height_phone=\u00a0\u00bb36vh\u00a0\u00bb height_last_edited=\u00a0\u00bbon|phone\u00a0\u00bb custom_margin=\u00a0\u00bb0px|0px|0px|0px|false|false\u00a0\u00bb custom_padding=\u00a0\u00bb0px|0px|0px|0px|false|false\u00a0\u00bb global_colors_info=\u00a0\u00bb{}\u00a0\u00bb][et_pb_row column_structure=\u00a0\u00bb1_2,1_2&Prime; _builder_version=\u00a0\u00bb4.23.1&Prime; _module_preset=\u00a0\u00bbdefault\u00a0\u00bb max_width=\u00a0\u00bb100%\u00a0\u00bb min_height=\u00a0\u00bb100%\u00a0\u00bb height=\u00a0\u00bb100%\u00a0\u00bb max_height=\u00a0\u00bb100%\u00a0\u00bb locked=\u00a0\u00bboff\u00a0\u00bb global_colors_info=\u00a0\u00bb{}\u00a0\u00bb][et_pb_column type=\u00a0\u00bb1_2&Prime; _builder_version=\u00a0\u00bb4.22.1&Prime; _module_preset=\u00a0\u00bbdefault\u00a0\u00bb global_colors_info=\u00a0\u00bb{}\u00a0\u00bb][\/et_pb_column][et_pb_column type=\u00a0\u00bb1_2&Prime; _builder_version=\u00a0\u00bb4.22.1&Prime; _module_preset=\u00a0\u00bbdefault\u00a0\u00bb global_colors_info=\u00a0\u00bb{}\u00a0\u00bb][et_pb_text _builder_version=\u00a0\u00bb4.23.1&Prime; _module_preset=\u00a0\u00bbdefault\u00a0\u00bb header_font=\u00a0\u00bb|||on|||||\u00a0\u00bb header_text_color=\u00a0\u00bb#FFFFFF\u00a0\u00bb header_line_height=\u00a0\u00bb1.1em\u00a0\u00bb custom_margin=\u00a0\u00bb10vh||8px||false|false\u00a0\u00bb custom_margin_tablet=\u00a0\u00bb7vh||||false|false\u00a0\u00bb custom_margin_phone=\u00a0\u00bb7vh||||false|false\u00a0\u00bb custom_margin_last_edited=\u00a0\u00bbon|phone\u00a0\u00bb global_colors_info=\u00a0\u00bb{}\u00a0\u00bb]<\/p>\n<h1>Test d\u2019\u00e9missions<\/h1>\n<p>[\/et_pb_text][et_pb_text _builder_version=\u00a0\u00bb4.23.1&Prime; _module_preset=\u00a0\u00bbdefault\u00a0\u00bb text_font=\u00a0\u00bb|||on|||||\u00a0\u00bb text_text_color=\u00a0\u00bb#FFFFFF\u00a0\u00bb text_font_size=\u00a0\u00bb24px\u00a0\u00bb global_colors_info=\u00a0\u00bb{}\u00a0\u00bb]<\/p>\n<p>de compos\u00e9s organiques volatils<br \/>dans les rev\u00eatements de sol textiles<\/p>\n<p>[\/et_pb_text][\/et_pb_column][\/et_pb_row][\/et_pb_section][et_pb_section fb_built=\u00a0\u00bb1&Prime; _builder_version=\u00a0\u00bb4.22.1&Prime; _module_preset=\u00a0\u00bbdefault\u00a0\u00bb custom_padding=\u00a0\u00bb||4px|||\u00a0\u00bb global_colors_info=\u00a0\u00bb{}\u00a0\u00bb][et_pb_row _builder_version=\u00a0\u00bb4.22.1&Prime; _module_preset=\u00a0\u00bbdefault\u00a0\u00bb custom_margin=\u00a0\u00bb||0px||false|false\u00a0\u00bb custom_padding=\u00a0\u00bb0px||0px||false|false\u00a0\u00bb global_colors_info=\u00a0\u00bb{}\u00a0\u00bb][et_pb_column type=\u00a0\u00bb4_4&Prime; _builder_version=\u00a0\u00bb4.22.1&Prime; _module_preset=\u00a0\u00bbdefault\u00a0\u00bb global_colors_info=\u00a0\u00bb{}\u00a0\u00bb][et_pb_text _builder_version=\u00a0\u00bb4.23.1&Prime; _module_preset=\u00a0\u00bbdefault\u00a0\u00bb text_line_height=\u00a0\u00bb1.3em\u00a0\u00bb global_colors_info=\u00a0\u00bb{}\u00a0\u00bb]<\/p>\n<p>L\u2019effet collat\u00e9ral de l\u2019am\u00e9lioration de l\u2019isolation des b\u00e2timents est un \u00e9change plus faible entre l\u2019air int\u00e9rieur vici\u00e9 et l&rsquo;air ext\u00e9rieur frais, ce qui augmenterait la pollution de l&rsquo;air int\u00e9rieur si on ne limitait pas les \u00e9missions \u00e0 la source. L\u2019\u00e9valuation des \u00e9missions des rev\u00eatements de sol textiles est une partie int\u00e9grante du test de produit complet de la Gemeinschaft umweltfreundlicher Teppichboden e.V. (Association des moquettes respectueuses de l\u2019environnement). D\u00e9couvrez ici de nombreuses informations d\u00e9taill\u00e9es sur ce th\u00e8me.<\/p>\n<p>[\/et_pb_text][\/et_pb_column][\/et_pb_row][et_pb_row column_structure=\u00a0\u00bb1_3,2_3&Prime; _builder_version=\u00a0\u00bb4.23.1&Prime; _module_preset=\u00a0\u00bbdefault\u00a0\u00bb global_colors_info=\u00a0\u00bb{}\u00a0\u00bb][et_pb_column type=\u00a0\u00bb1_3&Prime; _builder_version=\u00a0\u00bb4.23.1&Prime; _module_preset=\u00a0\u00bbdefault\u00a0\u00bb global_colors_info=\u00a0\u00bb{}\u00a0\u00bb][et_pb_text _builder_version=\u00a0\u00bb4.23.1&Prime; _module_preset=\u00a0\u00bbdefault\u00a0\u00bb header_4_font=\u00a0\u00bb|600|||||||\u00a0\u00bb global_colors_info=\u00a0\u00bb{}\u00a0\u00bb]<\/p>\n<h4 class=\"sppb-addon-title\">Les rev\u00eatements de sol textiles doivent pr\u00e9senter un faible taux d&rsquo;\u00e9missions<\/h4>\n<p>[\/et_pb_text][\/et_pb_column][et_pb_column type=\u00a0\u00bb2_3&Prime; _builder_version=\u00a0\u00bb4.23.1&Prime; _module_preset=\u00a0\u00bbdefault\u00a0\u00bb global_colors_info=\u00a0\u00bb{}\u00a0\u00bb][et_pb_text _builder_version=\u00a0\u00bb4.23.1&Prime; _module_preset=\u00a0\u00bbdefault\u00a0\u00bb custom_margin=\u00a0\u00bb-18px|||||\u00a0\u00bb global_colors_info=\u00a0\u00bb{}\u00a0\u00bb]<\/p>\n<p>Un m\u00e9lange complexe de fibres, de particules, de radon, de substances microbiologiques, d&rsquo;allerg\u00e8nes, de fum\u00e9e de tabac et d&rsquo;autres produits de combustion peut \u00eatre \u00e0 l\u2019origine de la pollution de l\u2019air int\u00e9rieur. L\u2019air int\u00e9rieur est cependant \u00e9galement contamin\u00e9 par des \u00e9missions de formald\u00e9hyde et de COV, tels que l&rsquo;ac\u00e9tone, le benz\u00e8ne, le tolu\u00e8ne, le cyclohexane, le n-hexane et d&rsquo;autres solvants, qui peuvent provenir de mat\u00e9riaux de construction tels que, entre autres, les peintures, les colles, les meubles ainsi que d\u2019articles de design ou de mode. L\u2019\u00e9volution permanente de l\u2019optimisation de l\u2019isolation des b\u00e2timents a conduit \u00e0 une r\u00e9duction consid\u00e9rable des \u00e9changes entre l\u2019air int\u00e9rieur vici\u00e9 et l&rsquo;air ext\u00e9rieur frais et, en cons\u00e9quence, \u00e0 une croissance des polluants dans les pi\u00e8ces int\u00e9rieures. L\u2019utilisation de mat\u00e9riaux de construction certifi\u00e9s pauvres en \u00e9missions tout au long de leur cycle de traitement et de vie devient ainsi de plus en plus importante. Occupant g\u00e9n\u00e9ralement la plus grande surface individuelle d&rsquo;une pi\u00e8ce, les rev\u00eatements de sol repr\u00e9sentent dans ce contexte un facteur particuli\u00e8rement important, surtout si leur pose est r\u00e9cente. Le rev\u00eatement de sol en question, mais aussi les produits utilis\u00e9s pour sa pose (colles), doivent ainsi toujours \u00eatre class\u00e9s \u00ab\u00a0\u00e0 tr\u00e8s faible \u00e9mission\u00a0\u00bb.<\/p>\n<p>[\/et_pb_text][\/et_pb_column][\/et_pb_row][et_pb_row column_structure=\u00a0\u00bb1_3,2_3&Prime; _builder_version=\u00a0\u00bb4.23.1&Prime; _module_preset=\u00a0\u00bbdefault\u00a0\u00bb global_colors_info=\u00a0\u00bb{}\u00a0\u00bb][et_pb_column type=\u00a0\u00bb1_3&Prime; _builder_version=\u00a0\u00bb4.23.1&Prime; _module_preset=\u00a0\u00bbdefault\u00a0\u00bb global_colors_info=\u00a0\u00bb{}\u00a0\u00bb][et_pb_text _builder_version=\u00a0\u00bb4.23.1&Prime; _module_preset=\u00a0\u00bbdefault\u00a0\u00bb header_4_font=\u00a0\u00bb|600|||||||\u00a0\u00bb global_colors_info=\u00a0\u00bb{}\u00a0\u00bb]<\/p>\n<h4>Les rev\u00eatements de sol certifi\u00e9s par GUT sont pauvres en \u00e9missions<\/h4>\n<p>[\/et_pb_text][\/et_pb_column][et_pb_column type=\u00a0\u00bb2_3&Prime; _builder_version=\u00a0\u00bb4.23.1&Prime; _module_preset=\u00a0\u00bbdefault\u00a0\u00bb global_colors_info=\u00a0\u00bb{}\u00a0\u00bb][et_pb_text _builder_version=\u00a0\u00bb4.23.1&Prime; _module_preset=\u00a0\u00bbdefault\u00a0\u00bb custom_margin=\u00a0\u00bb-18px|||||\u00a0\u00bb global_colors_info=\u00a0\u00bb{}\u00a0\u00bb]<\/p>\n<p>Si vous achetez un rev\u00eatement de sol textile portant le label GUT, vous \u00eates du bon c\u00f4t\u00e9, car les moquettes test\u00e9es par l\u2019association GUT sont class\u00e9es \u00ab\u00a0\u00e0 tr\u00e8s faible \u00e9mission\u00a0\u00bb\u00a0: Ils remplissent en r\u00e8gle g\u00e9n\u00e9rale les conditions s\u00e9v\u00e8res que les principaux syst\u00e8mes de certification des b\u00e2timents imposent \u00e0 la qualit\u00e9 de l\u2019air int\u00e9rieur. Qu\u2019il s\u2019agisse de votre sph\u00e8re priv\u00e9e ou du secteur commercial, vous prendrez toujours une bonne d\u00e9cision si vous choisissez un rev\u00eatement de sol textile portant le label GUT. Vous trouverez ci-dessous une liste des valeurs limites qui doivent \u00eatre respect\u00e9es dans le cadre du test d&rsquo;\u00e9missions GUT pour les moquettes.<\/p>\n<p>[\/et_pb_text][\/et_pb_column][\/et_pb_row][\/et_pb_section][et_pb_section fb_built=\u00a0\u00bb1&Prime; _builder_version=\u00a0\u00bb4.23.1&Prime; _module_preset=\u00a0\u00bbdefault\u00a0\u00bb custom_margin=\u00a0\u00bb0px||50px||false|false\u00a0\u00bb custom_margin_tablet=\u00a0\u00bb0px||4px||false|false\u00a0\u00bb custom_margin_phone=\u00a0\u00bb0px||28px||false|false\u00a0\u00bb custom_margin_last_edited=\u00a0\u00bbon|tablet\u00a0\u00bb custom_padding=\u00a0\u00bb0px||49px||false|false\u00a0\u00bb global_colors_info=\u00a0\u00bb{}\u00a0\u00bb][et_pb_row _builder_version=\u00a0\u00bb4.22.1&Prime; _module_preset=\u00a0\u00bbdefault\u00a0\u00bb custom_margin=\u00a0\u00bb||0px||false|false\u00a0\u00bb custom_padding=\u00a0\u00bb||0px||false|false\u00a0\u00bb global_colors_info=\u00a0\u00bb{}\u00a0\u00bb][et_pb_column type=\u00a0\u00bb4_4&Prime; _builder_version=\u00a0\u00bb4.22.1&Prime; _module_preset=\u00a0\u00bbdefault\u00a0\u00bb global_colors_info=\u00a0\u00bb{}\u00a0\u00bb][et_pb_text _builder_version=\u00a0\u00bb4.23.1&Prime; _module_preset=\u00a0\u00bbdefault\u00a0\u00bb header_2_font=\u00a0\u00bb|700||on|||||\u00a0\u00bb header_2_text_color=\u00a0\u00bb#23295B\u00a0\u00bb header_3_font=\u00a0\u00bb|700||on|||||\u00a0\u00bb header_3_text_color=\u00a0\u00bb#23295B\u00a0\u00bb custom_margin=\u00a0\u00bb||0px||false|false\u00a0\u00bb custom_padding=\u00a0\u00bb||21px|||\u00a0\u00bb global_colors_info=\u00a0\u00bb{}\u00a0\u00bb]<\/p>\n<h2>Valeurs limites GUT pour les \u00e9missions de COV<\/h2>\n<p>[\/et_pb_text][et_pb_text _builder_version=\u00a0\u00bb4.23.1&Prime; _module_preset=\u00a0\u00bbdefault\u00a0\u00bb global_colors_info=\u00a0\u00bb{}\u00a0\u00bb]<\/p>\n<p>Valeurs limites pour les \u00e9missions de COV apr\u00e8s 3 et 28 jours<\/p>\n<p>[\/et_pb_text][et_pb_image src=\u00a0\u00bbhttps:\/\/gut-prodis.eu\/wp-content\/uploads\/2024\/07\/VOC_table_2024-1.png\u00a0\u00bb title_text=\u00a0\u00bbVOC_table_2024&Prime; _builder_version=\u00a0\u00bb4.27.0&Prime; _module_preset=\u00a0\u00bbdefault\u00a0\u00bb max_width=\u00a0\u00bb60%\u00a0\u00bb module_alignment=\u00a0\u00bbcenter\u00a0\u00bb global_colors_info=\u00a0\u00bb{}\u00a0\u00bb][\/et_pb_image][\/et_pb_column][\/et_pb_row][\/et_pb_section][et_pb_section fb_built=\u00a0\u00bb1&Prime; _builder_version=\u00a0\u00bb4.23.1&Prime; _module_preset=\u00a0\u00bbdefault\u00a0\u00bb custom_margin=\u00a0\u00bb0px||50px||false|false\u00a0\u00bb custom_margin_tablet=\u00a0\u00bb||100px||false|false\u00a0\u00bb custom_margin_phone=\u00a0\u00bb||100px||false|false\u00a0\u00bb custom_margin_last_edited=\u00a0\u00bbon|tablet\u00a0\u00bb custom_padding=\u00a0\u00bb0px||49px||false|false\u00a0\u00bb global_colors_info=\u00a0\u00bb{}\u00a0\u00bb][et_pb_row _builder_version=\u00a0\u00bb4.22.1&Prime; _module_preset=\u00a0\u00bbdefault\u00a0\u00bb custom_margin=\u00a0\u00bb||0px||false|false\u00a0\u00bb custom_padding=\u00a0\u00bb0px||0px||false|false\u00a0\u00bb global_colors_info=\u00a0\u00bb{}\u00a0\u00bb][et_pb_column type=\u00a0\u00bb4_4&Prime; _builder_version=\u00a0\u00bb4.22.1&Prime; _module_preset=\u00a0\u00bbdefault\u00a0\u00bb global_colors_info=\u00a0\u00bb{}\u00a0\u00bb][et_pb_text _builder_version=\u00a0\u00bb4.23.1&Prime; _module_preset=\u00a0\u00bbdefault\u00a0\u00bb header_2_font=\u00a0\u00bb|700||on|||||\u00a0\u00bb header_2_text_color=\u00a0\u00bb#23295B\u00a0\u00bb header_3_font=\u00a0\u00bb|700||on|||||\u00a0\u00bb header_3_text_color=\u00a0\u00bb#23295B\u00a0\u00bb custom_margin=\u00a0\u00bb||0px||false|false\u00a0\u00bb custom_padding=\u00a0\u00bb||21px|||\u00a0\u00bb global_colors_info=\u00a0\u00bb{}\u00a0\u00bb]<\/p>\n<h2>Comment sont test\u00e9s les produits de construction en mati\u00e8re d&rsquo;\u00e9missions?<\/h2>\n<p>[\/et_pb_text][\/et_pb_column][\/et_pb_row][et_pb_row column_structure=\u00a0\u00bb3_5,2_5&Prime; _builder_version=\u00a0\u00bb4.22.1&Prime; _module_preset=\u00a0\u00bbdefault\u00a0\u00bb custom_margin=\u00a0\u00bb|auto|31px|auto|false|false\u00a0\u00bb custom_padding=\u00a0\u00bb||0px||false|false\u00a0\u00bb global_colors_info=\u00a0\u00bb{}\u00a0\u00bb][et_pb_column type=\u00a0\u00bb3_5&Prime; _builder_version=\u00a0\u00bb4.22.1&Prime; _module_preset=\u00a0\u00bbdefault\u00a0\u00bb global_colors_info=\u00a0\u00bb{}\u00a0\u00bb][et_pb_text _builder_version=\u00a0\u00bb4.23.1&Prime; _module_preset=\u00a0\u00bbdefault\u00a0\u00bb header_2_font=\u00a0\u00bb|700||on|||||\u00a0\u00bb header_2_text_color=\u00a0\u00bb#23295B\u00a0\u00bb header_3_font=\u00a0\u00bb|700||on|||||\u00a0\u00bb header_3_text_color=\u00a0\u00bb#23295B\u00a0\u00bb custom_margin=\u00a0\u00bb||0px||false|false\u00a0\u00bb custom_padding=\u00a0\u00bb||21px|||\u00a0\u00bb global_colors_info=\u00a0\u00bb{}\u00a0\u00bb]<\/p>\n<div><strong>La m\u00e9thode de la chambre d\u2019essai<\/strong><\/div>\n<div>\u00a0<\/div>\n<div>\u00c9tablie depuis de nombreuses ann\u00e9es, la m\u00e9thode de la chambre d&rsquo;essai repr\u00e9sente aujourd\u2019hui un proc\u00e9d\u00e9 standardis\u00e9 pour la d\u00e9termination des \u00e9missions de produits de construction. La m\u00e9thode est d\u00e9taill\u00e9e par la norme EN\u00a016516, qui est bas\u00e9e sur une s\u00e9rie de normes ant\u00e9rieures telles que, entre autres, la s\u00e9rie ISO\u00a016000.<\/div>\n<div>L\u2019\u00e9valuation des \u00e9missions de COV s\u2019effectue dans le cadre du test de produit GUT sur la base de la proc\u00e9dure de test AgBB \u00e9labor\u00e9e jadis par le Comit\u00e9 d\u2019\u00e9valuation sanitaire des produits de construction et qui repose elle-m\u00eame sur le rapport de recherche europ\u00e9en du groupe de travail\u00a0<a href=\"https:\/\/gut-prodis.eu\/download\/69\/sonstiges\/4452\/eca_report18.pdf?lang=en\" target=\"_blank\" rel=\"noopener noreferrer\">\u00ab\u00a0Indoor Air Quality and its Impact on Man &#8211; Evaluation of VOC Emissions from Building Products, Solid Flooring Materials\u00a0\u00bb<\/a>. Le syst\u00e8me GUT utilise les valeurs limites LCI harmonis\u00e9es au niveau europ\u00e9en (concentration limite d\u2019int\u00e9r\u00eat) pour l\u2019\u00e9valuation des \u00e9missions de COV. Si de telles valeurs venaient \u00e0 manquer, le syst\u00e8me se reporterait sur les valeurs NIK correspondantes de l\u2019AgBB si elles sont disponibles. Les valeurs LCI ont \u00e9t\u00e9 \u00e9labor\u00e9es sur la base d\u2019une analyse rigoureuse des risques avec la prise en compte des exigences particuli\u00e8res requises dans les locaux occup\u00e9s par des personnes \u00e2g\u00e9es ou malades et par des enfants en bas \u00e2ge.<\/div>\n<div><a href=\"https:\/\/www.umweltbundesamt.de\/en\/topics\/health\/commissions-working-groups\/committee-for-health-related-evaluation-of-building\" target=\"_blank\" rel=\"noopener noreferrer\">Les informations d\u00e9taill\u00e9es sur ce concept peuvent \u00eatre consult\u00e9es sur les sites web correspondants de l&rsquo;Office f\u00e9d\u00e9ral de l&rsquo;environnement.<\/a><\/div>\n<p>[\/et_pb_text][\/et_pb_column][et_pb_column type=\u00a0\u00bb2_5&Prime; _builder_version=\u00a0\u00bb4.22.1&Prime; _module_preset=\u00a0\u00bbdefault\u00a0\u00bb global_colors_info=\u00a0\u00bb{}\u00a0\u00bb][et_pb_image src=\u00a0\u00bbhttps:\/\/produktpass-teppichboden.de\/wp-content\/uploads\/2023\/11\/GUT_Gemeinschaft_umweltfreundlicher_Teppichboeden_ev_emissionspruefung_pruefkammer.png\u00a0\u00bb title_text=\u00a0\u00bbGUT_Gemeinschaft_umweltfreundlicher_Teppichboeden_ev_emissionspruefung_pruefkammer\u00a0\u00bb show_bottom_space=\u00a0\u00bboff\u00a0\u00bb align=\u00a0\u00bbcenter\u00a0\u00bb _builder_version=\u00a0\u00bb4.23.1&Prime; _module_preset=\u00a0\u00bbdefault\u00a0\u00bb custom_margin=\u00a0\u00bb||20px||false|false\u00a0\u00bb global_colors_info=\u00a0\u00bb{}\u00a0\u00bb][\/et_pb_image][et_pb_text _builder_version=\u00a0\u00bb4.23.1&Prime; _module_preset=\u00a0\u00bbdefault\u00a0\u00bb global_colors_info=\u00a0\u00bb{}\u00a0\u00bb]<\/p>\n<p style=\"text-align: center\"><em>Chambre en acier inoxydable pour la d\u00e9termination des \u00e9missions de COV<\/em><\/p>\n<p>[\/et_pb_text][\/et_pb_column][\/et_pb_row][\/et_pb_section]<\/p>\n","protected":false},"excerpt":{"rendered":"<p>Test d\u2019\u00e9missionsde compos\u00e9s organiques volatilsdans les rev\u00eatements de sol textilesL\u2019effet collat\u00e9ral de l\u2019am\u00e9lioration de l\u2019isolation des b\u00e2timents est un \u00e9change plus faible entre l\u2019air int\u00e9rieur vici\u00e9 et l&rsquo;air ext\u00e9rieur frais, ce qui augmenterait la pollution de l&rsquo;air int\u00e9rieur si on ne limitait pas les \u00e9missions \u00e0 la source. L\u2019\u00e9valuation des \u00e9missions des rev\u00eatements de sol [&hellip;]<\/p>\n","protected":false},"author":2,"featured_media":0,"parent":0,"menu_order":0,"comment_status":"closed","ping_status":"closed","template":"","meta":{"_et_pb_use_builder":"on","_et_pb_old_content":"","_et_gb_content_width":"","footnotes":""},"dipi_cpt_category":[],"class_list":["post-1593","page","type-page","status-publish","hentry"],"yoast_head":"<!-- This site is optimized with the Yoast SEO plugin v27.4 - https:\/\/yoast.com\/product\/yoast-seo-wordpress\/ -->\n<title>Test d\u2019\u00e9missions\u00a0: COV dans les rev\u00eatements de sol textiles<\/title>\n<meta name=\"description\" content=\"L\u2019\u00e9valuation des \u00e9missions des rev\u00eatements de sol textiles est une partie int\u00e9grante du test de produit complet de l\u2019association GUT. En savoir plus\" \/>\n<meta name=\"robots\" content=\"index, follow, max-snippet:-1, max-image-preview:large, max-video-preview:-1\" \/>\n<link rel=\"canonical\" href=\"https:\/\/gut-prodis.eu\/fr\/test-d-emissions\/\" \/>\n<meta property=\"og:locale\" content=\"fr_FR\" \/>\n<meta property=\"og:type\" content=\"article\" \/>\n<meta property=\"og:title\" content=\"Test d\u2019\u00e9missions\u00a0: COV dans les rev\u00eatements de sol textiles\" \/>\n<meta property=\"og:description\" content=\"L\u2019\u00e9valuation des \u00e9missions des rev\u00eatements de sol textiles est une partie int\u00e9grante du test de produit complet de l\u2019association GUT. En savoir plus\" \/>\n<meta property=\"og:url\" content=\"https:\/\/gut-prodis.eu\/fr\/test-d-emissions\/\" \/>\n<meta property=\"og:site_name\" content=\"Gemeinschaft umweltfreundlicher Teppichboden e.V. (GUT)\" \/>\n<meta property=\"article:modified_time\" content=\"2024-07-29T14:01:20+00:00\" \/>\n<meta name=\"twitter:label1\" content=\"Dur\u00e9e de lecture estim\u00e9e\" \/>\n\t<meta name=\"twitter:data1\" content=\"8 minutes\" \/>\n<script type=\"application\/ld+json\" class=\"yoast-schema-graph\">{\"@context\":\"https:\\\/\\\/schema.org\",\"@graph\":[{\"@type\":\"WebPage\",\"@id\":\"https:\\\/\\\/gut-prodis.eu\\\/fr\\\/test-d-emissions\\\/\",\"url\":\"https:\\\/\\\/gut-prodis.eu\\\/fr\\\/test-d-emissions\\\/\",\"name\":\"Test d\u2019\u00e9missions\u00a0: COV dans les rev\u00eatements de sol textiles\",\"isPartOf\":{\"@id\":\"https:\\\/\\\/gut-prodis.eu\\\/fr\\\/#website\"},\"datePublished\":\"2023-11-17T11:16:02+00:00\",\"dateModified\":\"2024-07-29T14:01:20+00:00\",\"description\":\"L\u2019\u00e9valuation des \u00e9missions des rev\u00eatements de sol textiles est une partie int\u00e9grante du test de produit complet de l\u2019association GUT. En savoir plus\",\"breadcrumb\":{\"@id\":\"https:\\\/\\\/gut-prodis.eu\\\/fr\\\/test-d-emissions\\\/#breadcrumb\"},\"inLanguage\":\"fr-FR\",\"potentialAction\":[{\"@type\":\"ReadAction\",\"target\":[\"https:\\\/\\\/gut-prodis.eu\\\/fr\\\/test-d-emissions\\\/\"]}]},{\"@type\":\"BreadcrumbList\",\"@id\":\"https:\\\/\\\/gut-prodis.eu\\\/fr\\\/test-d-emissions\\\/#breadcrumb\",\"itemListElement\":[{\"@type\":\"ListItem\",\"position\":1,\"name\":\"Startseite\",\"item\":\"https:\\\/\\\/gut-prodis.eu\\\/fr\\\/\"},{\"@type\":\"ListItem\",\"position\":2,\"name\":\"test-d-emissions\"}]},{\"@type\":\"WebSite\",\"@id\":\"https:\\\/\\\/gut-prodis.eu\\\/fr\\\/#website\",\"url\":\"https:\\\/\\\/gut-prodis.eu\\\/fr\\\/\",\"name\":\"Gemeinschaft umweltfreundlicher Teppichboden e.V. (GUT)\",\"description\":\"\",\"publisher\":{\"@id\":\"https:\\\/\\\/gut-prodis.eu\\\/fr\\\/#organization\"},\"potentialAction\":[{\"@type\":\"SearchAction\",\"target\":{\"@type\":\"EntryPoint\",\"urlTemplate\":\"https:\\\/\\\/gut-prodis.eu\\\/fr\\\/?s={search_term_string}\"},\"query-input\":{\"@type\":\"PropertyValueSpecification\",\"valueRequired\":true,\"valueName\":\"search_term_string\"}}],\"inLanguage\":\"fr-FR\"},{\"@type\":\"Organization\",\"@id\":\"https:\\\/\\\/gut-prodis.eu\\\/fr\\\/#organization\",\"name\":\"Gemeinschaft umweltfreundlicher Teppichboden e.V. (GUT)\",\"url\":\"https:\\\/\\\/gut-prodis.eu\\\/fr\\\/\",\"logo\":{\"@type\":\"ImageObject\",\"inLanguage\":\"fr-FR\",\"@id\":\"https:\\\/\\\/gut-prodis.eu\\\/fr\\\/#\\\/schema\\\/logo\\\/image\\\/\",\"url\":\"https:\\\/\\\/gut-prodis.eu\\\/wp-content\\\/uploads\\\/2023\\\/10\\\/gut-teppichboden-logo.svg\",\"contentUrl\":\"https:\\\/\\\/gut-prodis.eu\\\/wp-content\\\/uploads\\\/2023\\\/10\\\/gut-teppichboden-logo.svg\",\"width\":1,\"height\":1,\"caption\":\"Gemeinschaft umweltfreundlicher Teppichboden e.V. (GUT)\"},\"image\":{\"@id\":\"https:\\\/\\\/gut-prodis.eu\\\/fr\\\/#\\\/schema\\\/logo\\\/image\\\/\"},\"sameAs\":[\"https:\\\/\\\/www.linkedin.com\\\/company\\\/gut-ev\\\/\"]}]}<\/script>\n<!-- \/ Yoast SEO plugin. -->","yoast_head_json":{"title":"Test d\u2019\u00e9missions\u00a0: COV dans les rev\u00eatements de sol textiles","description":"L\u2019\u00e9valuation des \u00e9missions des rev\u00eatements de sol textiles est une partie int\u00e9grante du test de produit complet de l\u2019association GUT. En savoir plus","robots":{"index":"index","follow":"follow","max-snippet":"max-snippet:-1","max-image-preview":"max-image-preview:large","max-video-preview":"max-video-preview:-1"},"canonical":"https:\/\/gut-prodis.eu\/fr\/test-d-emissions\/","og_locale":"fr_FR","og_type":"article","og_title":"Test d\u2019\u00e9missions\u00a0: COV dans les rev\u00eatements de sol textiles","og_description":"L\u2019\u00e9valuation des \u00e9missions des rev\u00eatements de sol textiles est une partie int\u00e9grante du test de produit complet de l\u2019association GUT. En savoir plus","og_url":"https:\/\/gut-prodis.eu\/fr\/test-d-emissions\/","og_site_name":"Gemeinschaft umweltfreundlicher Teppichboden e.V. (GUT)","article_modified_time":"2024-07-29T14:01:20+00:00","twitter_misc":{"Dur\u00e9e de lecture estim\u00e9e":"8 minutes"},"schema":{"@context":"https:\/\/schema.org","@graph":[{"@type":"WebPage","@id":"https:\/\/gut-prodis.eu\/fr\/test-d-emissions\/","url":"https:\/\/gut-prodis.eu\/fr\/test-d-emissions\/","name":"Test d\u2019\u00e9missions\u00a0: COV dans les rev\u00eatements de sol textiles","isPartOf":{"@id":"https:\/\/gut-prodis.eu\/fr\/#website"},"datePublished":"2023-11-17T11:16:02+00:00","dateModified":"2024-07-29T14:01:20+00:00","description":"L\u2019\u00e9valuation des \u00e9missions des rev\u00eatements de sol textiles est une partie int\u00e9grante du test de produit complet de l\u2019association GUT. En savoir plus","breadcrumb":{"@id":"https:\/\/gut-prodis.eu\/fr\/test-d-emissions\/#breadcrumb"},"inLanguage":"fr-FR","potentialAction":[{"@type":"ReadAction","target":["https:\/\/gut-prodis.eu\/fr\/test-d-emissions\/"]}]},{"@type":"BreadcrumbList","@id":"https:\/\/gut-prodis.eu\/fr\/test-d-emissions\/#breadcrumb","itemListElement":[{"@type":"ListItem","position":1,"name":"Startseite","item":"https:\/\/gut-prodis.eu\/fr\/"},{"@type":"ListItem","position":2,"name":"test-d-emissions"}]},{"@type":"WebSite","@id":"https:\/\/gut-prodis.eu\/fr\/#website","url":"https:\/\/gut-prodis.eu\/fr\/","name":"Gemeinschaft umweltfreundlicher Teppichboden e.V. (GUT)","description":"","publisher":{"@id":"https:\/\/gut-prodis.eu\/fr\/#organization"},"potentialAction":[{"@type":"SearchAction","target":{"@type":"EntryPoint","urlTemplate":"https:\/\/gut-prodis.eu\/fr\/?s={search_term_string}"},"query-input":{"@type":"PropertyValueSpecification","valueRequired":true,"valueName":"search_term_string"}}],"inLanguage":"fr-FR"},{"@type":"Organization","@id":"https:\/\/gut-prodis.eu\/fr\/#organization","name":"Gemeinschaft umweltfreundlicher Teppichboden e.V. (GUT)","url":"https:\/\/gut-prodis.eu\/fr\/","logo":{"@type":"ImageObject","inLanguage":"fr-FR","@id":"https:\/\/gut-prodis.eu\/fr\/#\/schema\/logo\/image\/","url":"https:\/\/gut-prodis.eu\/wp-content\/uploads\/2023\/10\/gut-teppichboden-logo.svg","contentUrl":"https:\/\/gut-prodis.eu\/wp-content\/uploads\/2023\/10\/gut-teppichboden-logo.svg","width":1,"height":1,"caption":"Gemeinschaft umweltfreundlicher Teppichboden e.V. (GUT)"},"image":{"@id":"https:\/\/gut-prodis.eu\/fr\/#\/schema\/logo\/image\/"},"sameAs":["https:\/\/www.linkedin.com\/company\/gut-ev\/"]}]}},"_links":{"self":[{"href":"https:\/\/gut-prodis.eu\/fr\/wp-json\/wp\/v2\/pages\/1593","targetHints":{"allow":["GET"]}}],"collection":[{"href":"https:\/\/gut-prodis.eu\/fr\/wp-json\/wp\/v2\/pages"}],"about":[{"href":"https:\/\/gut-prodis.eu\/fr\/wp-json\/wp\/v2\/types\/page"}],"author":[{"embeddable":true,"href":"https:\/\/gut-prodis.eu\/fr\/wp-json\/wp\/v2\/users\/2"}],"replies":[{"embeddable":true,"href":"https:\/\/gut-prodis.eu\/fr\/wp-json\/wp\/v2\/comments?post=1593"}],"version-history":[{"count":3,"href":"https:\/\/gut-prodis.eu\/fr\/wp-json\/wp\/v2\/pages\/1593\/revisions"}],"predecessor-version":[{"id":4407,"href":"https:\/\/gut-prodis.eu\/fr\/wp-json\/wp\/v2\/pages\/1593\/revisions\/4407"}],"wp:attachment":[{"href":"https:\/\/gut-prodis.eu\/fr\/wp-json\/wp\/v2\/media?parent=1593"}],"wp:term":[{"taxonomy":"dipi_cpt_category","embeddable":true,"href":"https:\/\/gut-prodis.eu\/fr\/wp-json\/wp\/v2\/dipi_cpt_category?post=1593"}],"curies":[{"name":"wp","href":"https:\/\/api.w.org\/{rel}","templated":true}]}}