{"id":1565,"date":"2023-11-17T12:28:01","date_gmt":"2023-11-17T11:28:01","guid":{"rendered":"https:\/\/produktpass-teppichboden.de\/feinstaub-hausstaub\/"},"modified":"2024-01-22T10:48:14","modified_gmt":"2024-01-22T09:48:14","slug":"poussieres-fines-domestiques","status":"publish","type":"page","link":"https:\/\/gut-prodis.eu\/fr\/poussieres-fines-domestiques\/","title":{"rendered":"poussieres-fines-domestiques"},"content":{"rendered":"<p>[et_pb_section fb_built=\u00a0\u00bb1&Prime; _builder_version=\u00a0\u00bb4.23.1&Prime; _module_preset=\u00a0\u00bbdefault\u00a0\u00bb background_color=\u00a0\u00bbrgba(10,0,0,0.28)\u00a0\u00bb background_image=\u00a0\u00bbhttps:\/\/produktpass-teppichboden.de\/wp-content\/uploads\/2023\/11\/GUT_Gemeinschaft_umweltfreundlicher_Teppichboeden_ev_header1.jpg\u00a0\u00bb background_position=\u00a0\u00bbtop_center\u00a0\u00bb background_vertical_offset=\u00a0\u00bb36%\u00a0\u00bb background_blend=\u00a0\u00bbmultiply\u00a0\u00bb height=\u00a0\u00bb32vh\u00a0\u00bb height_tablet=\u00a0\u00bb32vh\u00a0\u00bb height_phone=\u00a0\u00bb36vh\u00a0\u00bb height_last_edited=\u00a0\u00bbon|phone\u00a0\u00bb custom_margin=\u00a0\u00bb0px|0px|0px|0px|false|false\u00a0\u00bb custom_padding=\u00a0\u00bb0px|0px|0px|0px|false|false\u00a0\u00bb locked=\u00a0\u00bboff\u00a0\u00bb global_colors_info=\u00a0\u00bb{}\u00a0\u00bb][et_pb_row column_structure=\u00a0\u00bb1_2,1_2&Prime; _builder_version=\u00a0\u00bb4.23.1&Prime; _module_preset=\u00a0\u00bbdefault\u00a0\u00bb max_width=\u00a0\u00bb100%\u00a0\u00bb min_height=\u00a0\u00bb100%\u00a0\u00bb height=\u00a0\u00bb100%\u00a0\u00bb max_height=\u00a0\u00bb100%\u00a0\u00bb locked=\u00a0\u00bboff\u00a0\u00bb global_colors_info=\u00a0\u00bb{}\u00a0\u00bb][et_pb_column type=\u00a0\u00bb1_2&Prime; _builder_version=\u00a0\u00bb4.22.1&Prime; _module_preset=\u00a0\u00bbdefault\u00a0\u00bb global_colors_info=\u00a0\u00bb{}\u00a0\u00bb][\/et_pb_column][et_pb_column type=\u00a0\u00bb1_2&Prime; _builder_version=\u00a0\u00bb4.22.1&Prime; _module_preset=\u00a0\u00bbdefault\u00a0\u00bb global_colors_info=\u00a0\u00bb{}\u00a0\u00bb][et_pb_text _builder_version=\u00a0\u00bb4.23.1&Prime; _module_preset=\u00a0\u00bbdefault\u00a0\u00bb header_font=\u00a0\u00bb|||on|||||\u00a0\u00bb header_text_color=\u00a0\u00bb#FFFFFF\u00a0\u00bb header_line_height=\u00a0\u00bb1.1em\u00a0\u00bb custom_margin=\u00a0\u00bb10vh||8px||false|false\u00a0\u00bb custom_margin_tablet=\u00a0\u00bb7vh||||false|false\u00a0\u00bb custom_margin_phone=\u00a0\u00bb7vh||||false|false\u00a0\u00bb custom_margin_last_edited=\u00a0\u00bbon|phone\u00a0\u00bb global_colors_info=\u00a0\u00bb{}\u00a0\u00bb]<\/p>\n<h1>Poussi\u00e8res fines \u00e0 l\u2019int\u00e9rieur des b\u00e2timents<\/h1>\n<p>[\/et_pb_text][\/et_pb_column][\/et_pb_row][\/et_pb_section][et_pb_section fb_built=\u00a0\u00bb1&Prime; _builder_version=\u00a0\u00bb4.23.1&Prime; _module_preset=\u00a0\u00bbdefault\u00a0\u00bb custom_margin=\u00a0\u00bb||20px||false|false\u00a0\u00bb global_colors_info=\u00a0\u00bb{}\u00a0\u00bb][et_pb_row _builder_version=\u00a0\u00bb4.22.1&Prime; _module_preset=\u00a0\u00bbdefault\u00a0\u00bb custom_margin=\u00a0\u00bb||0px||false|false\u00a0\u00bb custom_padding=\u00a0\u00bb0px||0px||false|false\u00a0\u00bb global_colors_info=\u00a0\u00bb{}\u00a0\u00bb][et_pb_column type=\u00a0\u00bb4_4&Prime; _builder_version=\u00a0\u00bb4.22.1&Prime; _module_preset=\u00a0\u00bbdefault\u00a0\u00bb global_colors_info=\u00a0\u00bb{}\u00a0\u00bb][et_pb_text _builder_version=\u00a0\u00bb4.23.1&Prime; _module_preset=\u00a0\u00bbdefault\u00a0\u00bb text_line_height=\u00a0\u00bb1.3em\u00a0\u00bb global_colors_info=\u00a0\u00bb{}\u00a0\u00bb]<\/p>\n<p>Les poussi\u00e8res fines et les endotoxines (compos\u00e9s chimiques pr\u00e9sents dans la nature) repr\u00e9sentent un grand risque sanitaire pour les personnes allergiques et peuvent \u00eatre \u00e0 l&rsquo;origine de diverses maladies. Des \u00e9tudes montrent qu\u2019en pr\u00e9sence de rev\u00eatements de sol textiles, on retrouve moins de particules de poussi\u00e8re dans la zone de respiration, ce qui r\u00e9duit consid\u00e9rablement les risques pour la sant\u00e9. D\u00e9couvrez davantage d\u2019informations sur les poussi\u00e8res fines et domestiques ainsi que sur les avantages des moquettes.<\/p>\n<p>[\/et_pb_text][\/et_pb_column][\/et_pb_row][et_pb_row column_structure=\u00a0\u00bb3_5,2_5&Prime; _builder_version=\u00a0\u00bb4.23.1&Prime; _module_preset=\u00a0\u00bbdefault\u00a0\u00bb global_colors_info=\u00a0\u00bb{}\u00a0\u00bb][et_pb_column type=\u00a0\u00bb3_5&Prime; _builder_version=\u00a0\u00bb4.23.1&Prime; _module_preset=\u00a0\u00bbdefault\u00a0\u00bb global_colors_info=\u00a0\u00bb{}\u00a0\u00bb][et_pb_text _builder_version=\u00a0\u00bb4.23.1&Prime; _module_preset=\u00a0\u00bbdefault\u00a0\u00bb header_4_font=\u00a0\u00bb|600|||||||\u00a0\u00bb global_colors_info=\u00a0\u00bb{}\u00a0\u00bb]<\/p>\n<h4>Concentration de poussi\u00e8res fines dans l\u2019air int\u00e9rieur<\/h4>\n<p>La concentration moyenne de particules de poussi\u00e8res fines dans les pi\u00e8ces \u00e9quip\u00e9es de rev\u00eatements de sol durs est deux fois plus \u00e9lev\u00e9e que dans celles \u00e9quip\u00e9es de moquettes.<br \/>La valeur limite pour les particules de poussi\u00e8re fines fix\u00e9e en Allemagne de 50\u00a0\u03bcg\/m3, qui s&rsquo;applique cependant \u00e0 l&rsquo;ext\u00e9rieur, est ainsi souvent d\u00e9pass\u00e9e. Le choix d&rsquo;une moquette qui lie la poussi\u00e8re et emp\u00eache ainsi une haute concentration dans l\u2019air ambiant est une mesure de pr\u00e9caution importante pour les personnes sensibles dont le syst\u00e8me bronchique est affaibli. Un nettoyage minutieux et r\u00e9gulier et\/ou le passage de l\u2019aspirateur sont vivement recommand\u00e9s pour \u00e9liminer de mani\u00e8re fiable les particules de poussi\u00e8res fines qui se sont accumul\u00e9es dans la moquette.<\/p>\n<p>[\/et_pb_text][\/et_pb_column][et_pb_column type=\u00a0\u00bb2_5&Prime; _builder_version=\u00a0\u00bb4.23.1&Prime; _module_preset=\u00a0\u00bbdefault\u00a0\u00bb global_colors_info=\u00a0\u00bb{}\u00a0\u00bb][et_pb_image src=\u00a0\u00bbhttps:\/\/produktpass-teppichboden.de\/wp-content\/uploads\/2023\/11\/feinstaubkonzentration-nach-bodenbelagsart-gut.gif\u00a0\u00bb title_text=\u00a0\u00bbfeinstaubkonzentration-nach-bodenbelagsart-gut\u00a0\u00bb _builder_version=\u00a0\u00bb4.23.1&Prime; _module_preset=\u00a0\u00bbdefault\u00a0\u00bb global_colors_info=\u00a0\u00bb{}\u00a0\u00bb][\/et_pb_image][et_pb_text _builder_version=\u00a0\u00bb4.23.1&Prime; _module_preset=\u00a0\u00bbdefault\u00a0\u00bb global_colors_info=\u00a0\u00bb{}\u00a0\u00bb]<\/p>\n<p><em>La concentration de poussi\u00e8re fine dans un int\u00e9rieur avec un sol dur est deux fois plus \u00e9lev\u00e9e que dans un int\u00e9rieur avec de la moquette.<\/em><\/p>\n<p>[\/et_pb_text][\/et_pb_column][\/et_pb_row][et_pb_row column_structure=\u00a0\u00bb1_3,2_3&Prime; _builder_version=\u00a0\u00bb4.23.1&Prime; _module_preset=\u00a0\u00bbdefault\u00a0\u00bb custom_padding=\u00a0\u00bb||60px|||\u00a0\u00bb global_colors_info=\u00a0\u00bb{}\u00a0\u00bb][et_pb_column type=\u00a0\u00bb1_3&Prime; _builder_version=\u00a0\u00bb4.23.1&Prime; _module_preset=\u00a0\u00bbdefault\u00a0\u00bb global_colors_info=\u00a0\u00bb{}\u00a0\u00bb][et_pb_image src=\u00a0\u00bbhttps:\/\/produktpass-teppichboden.de\/wp-content\/uploads\/2023\/11\/hausstaubmilben-teppichboden-gut.jpg\u00a0\u00bb title_text=\u00a0\u00bbhausstaubmilben-teppichboden-gut\u00a0\u00bb _builder_version=\u00a0\u00bb4.23.1&Prime; _module_preset=\u00a0\u00bbdefault\u00a0\u00bb global_colors_info=\u00a0\u00bb{}\u00a0\u00bb][\/et_pb_image][\/et_pb_column][et_pb_column type=\u00a0\u00bb2_3&Prime; _builder_version=\u00a0\u00bb4.23.1&Prime; _module_preset=\u00a0\u00bbdefault\u00a0\u00bb global_colors_info=\u00a0\u00bb{}\u00a0\u00bb][et_pb_text _builder_version=\u00a0\u00bb4.23.1&Prime; _module_preset=\u00a0\u00bbdefault\u00a0\u00bb header_4_font=\u00a0\u00bb|600|||||||\u00a0\u00bb global_colors_info=\u00a0\u00bb{}\u00a0\u00bb]<\/p>\n<h4>Faits sur les acariens domestiques<\/h4>\n<p><strong>La moquette n\u2019est pas un espace vital id\u00e9al pour les acariens domestiques<\/strong><\/p>\n<p>N\u00e9cessitant de la nourriture, de l\u2019humidit\u00e9 et de la chaleur pour survivre, les acariens domestiques trouvent surtout les conditions de vie id\u00e9ales dans les lits. Ils y trouvent de l&rsquo;humidit\u00e9, de la chaleur ainsi que l&rsquo;obscurit\u00e9, ce qui est tr\u00e8s favorable \u00e0 la croissance de la population d&rsquo;acariens. La pr\u00e9sence d&rsquo;allerg\u00e8nes d&rsquo;acariens domestiques dans les matelas est 1,5\u00a0fois plus \u00e9lev\u00e9e que dans la poussi\u00e8re des moquettes de chambres \u00e0 coucher, par exemple.<br \/>L&rsquo;acarien domestique lui-m\u00eame ne repr\u00e9sente pas un probl\u00e8me pour les asthmatiques, mais par contre les allerg\u00e8nes pr\u00e9sents dans ses boulettes d\u2019excr\u00e9ments qui peuvent \u00eatre inhal\u00e9es avec l\u2019air ambiant en provoquant ainsi de l&rsquo;asthme. N\u2019offrant pas assez de chaleur et d&rsquo;humidit\u00e9, la moquette n\u2019est pas un habitat id\u00e9al et, en cons\u00e9quence, ni un lieu de reproduction pour les acariens. La circulation de l\u2019air peut cependant y repr\u00e9senter une source de d\u00e9position d\u2019acariens et de leurs allerg\u00e8nes.<br \/>Le d\u00e9veloppement de la population d\u2019acariens domestiques peut cependant \u00eatre ma\u00eetris\u00e9 de mani\u00e8re simple par une bonne ventilation (contr\u00f4le de l&rsquo;humidit\u00e9), notamment dans les zones critiques comme les chambres \u00e0 coucher. Le passage r\u00e9gulier de l&rsquo;aspirateur sur la moquette permet d\u2019\u00e9liminer les particules allerg\u00e8nes emprisonn\u00e9es dans le velours.<\/p>\n<p>[\/et_pb_text][\/et_pb_column][\/et_pb_row][et_pb_row _builder_version=\u00a0\u00bb4.23.1&Prime; _module_preset=\u00a0\u00bbdefault\u00a0\u00bb custom_padding=\u00a0\u00bb||57px|||\u00a0\u00bb global_colors_info=\u00a0\u00bb{}\u00a0\u00bb][et_pb_column type=\u00a0\u00bb4_4&Prime; _builder_version=\u00a0\u00bb4.23.1&Prime; _module_preset=\u00a0\u00bbdefault\u00a0\u00bb global_colors_info=\u00a0\u00bb{}\u00a0\u00bb][et_pb_text _builder_version=\u00a0\u00bb4.23.1&Prime; _module_preset=\u00a0\u00bbdefault\u00a0\u00bb header_2_font=\u00a0\u00bb|700||on|||||\u00a0\u00bb header_2_text_color=\u00a0\u00bb#23295B\u00a0\u00bb header_3_font=\u00a0\u00bb|700||on|||||\u00a0\u00bb header_3_text_color=\u00a0\u00bb#23295B\u00a0\u00bb custom_margin=\u00a0\u00bb||0px||false|false\u00a0\u00bb global_colors_info=\u00a0\u00bb{}\u00a0\u00bb]<\/p>\n<h2 class=\"sppb-addon-title\">Les acariens domestiques sont quasi inexistants dans les bureaux<\/h2>\n<p>[\/et_pb_text][et_pb_text _builder_version=\u00a0\u00bb4.23.1&Prime; _module_preset=\u00a0\u00bbdefault\u00a0\u00bb global_colors_info=\u00a0\u00bb{}\u00a0\u00bb]<\/p>\n<p>Une \u00e9tude comparative entre les moquettes de 27\u00a0bureaux choisis de mani\u00e8re al\u00e9atoire et de 30\u00a0chambres \u00e0 coucher s\u2019est achev\u00e9e avec des r\u00e9sultats de concentrations d&rsquo;allerg\u00e8nes d\u2019acariens domestiques de 0,32\u00a0\u03bcg\/g dans les bureaux contre 18,4\u00a0\u03bcg\/g dans les chambres \u00e0 coucher.<br \/>On peut donc conclure que la pr\u00e9sence dans des bureaux \u00e9quip\u00e9s de moquette ne pr\u00e9sente aucun risque pour les personnes allergiques.<\/p>\n<p>[\/et_pb_text][\/et_pb_column][\/et_pb_row][\/et_pb_section]<\/p>\n","protected":false},"excerpt":{"rendered":"<p>Poussi\u00e8res fines \u00e0 l\u2019int\u00e9rieur des b\u00e2timentsLes poussi\u00e8res fines et les endotoxines (compos\u00e9s chimiques pr\u00e9sents dans la nature) repr\u00e9sentent un grand risque sanitaire pour les personnes allergiques et peuvent \u00eatre \u00e0 l&rsquo;origine de diverses maladies. Des \u00e9tudes montrent qu\u2019en pr\u00e9sence de rev\u00eatements de sol textiles, on retrouve moins de particules de poussi\u00e8re dans la zone de [&hellip;]<\/p>\n","protected":false},"author":2,"featured_media":0,"parent":0,"menu_order":0,"comment_status":"closed","ping_status":"closed","template":"","meta":{"_et_pb_use_builder":"on","_et_pb_old_content":"","_et_gb_content_width":"","footnotes":""},"dipi_cpt_category":[],"class_list":["post-1565","page","type-page","status-publish","hentry"],"yoast_head":"<!-- This site is optimized with the Yoast SEO plugin v27.4 - https:\/\/yoast.com\/product\/yoast-seo-wordpress\/ -->\n<title>Poussi\u00e8res fines domestiques - Avantages des moquettes<\/title>\n<meta name=\"description\" content=\"En contribuant \u00e0 la r\u00e9duction de la concentration des poussi\u00e8res fines, les rev\u00eatements de sol textiles ont un effet positif sur l&#039;air int\u00e9rieur.\" \/>\n<meta name=\"robots\" content=\"index, follow, max-snippet:-1, max-image-preview:large, max-video-preview:-1\" \/>\n<link rel=\"canonical\" href=\"https:\/\/gut-prodis.eu\/fr\/poussieres-fines-domestiques\/\" \/>\n<meta property=\"og:locale\" content=\"fr_FR\" \/>\n<meta property=\"og:type\" content=\"article\" \/>\n<meta property=\"og:title\" content=\"Poussi\u00e8res fines domestiques - Avantages des moquettes\" \/>\n<meta property=\"og:description\" content=\"En contribuant \u00e0 la r\u00e9duction de la concentration des poussi\u00e8res fines, les rev\u00eatements de sol textiles ont un effet positif sur l&#039;air int\u00e9rieur.\" \/>\n<meta property=\"og:url\" content=\"https:\/\/gut-prodis.eu\/fr\/poussieres-fines-domestiques\/\" \/>\n<meta property=\"og:site_name\" content=\"Gemeinschaft umweltfreundlicher Teppichboden e.V. (GUT)\" \/>\n<meta property=\"article:modified_time\" content=\"2024-01-22T09:48:14+00:00\" \/>\n<meta name=\"twitter:label1\" content=\"Dur\u00e9e de lecture estim\u00e9e\" \/>\n\t<meta name=\"twitter:data1\" content=\"6 minutes\" \/>\n<script type=\"application\/ld+json\" class=\"yoast-schema-graph\">{\"@context\":\"https:\\\/\\\/schema.org\",\"@graph\":[{\"@type\":\"WebPage\",\"@id\":\"https:\\\/\\\/gut-prodis.eu\\\/fr\\\/poussieres-fines-domestiques\\\/\",\"url\":\"https:\\\/\\\/gut-prodis.eu\\\/fr\\\/poussieres-fines-domestiques\\\/\",\"name\":\"Poussi\u00e8res fines domestiques - Avantages des moquettes\",\"isPartOf\":{\"@id\":\"https:\\\/\\\/gut-prodis.eu\\\/fr\\\/#website\"},\"datePublished\":\"2023-11-17T11:28:01+00:00\",\"dateModified\":\"2024-01-22T09:48:14+00:00\",\"description\":\"En contribuant \u00e0 la r\u00e9duction de la concentration des poussi\u00e8res fines, les rev\u00eatements de sol textiles ont un effet positif sur l'air int\u00e9rieur.\",\"breadcrumb\":{\"@id\":\"https:\\\/\\\/gut-prodis.eu\\\/fr\\\/poussieres-fines-domestiques\\\/#breadcrumb\"},\"inLanguage\":\"fr-FR\",\"potentialAction\":[{\"@type\":\"ReadAction\",\"target\":[\"https:\\\/\\\/gut-prodis.eu\\\/fr\\\/poussieres-fines-domestiques\\\/\"]}]},{\"@type\":\"BreadcrumbList\",\"@id\":\"https:\\\/\\\/gut-prodis.eu\\\/fr\\\/poussieres-fines-domestiques\\\/#breadcrumb\",\"itemListElement\":[{\"@type\":\"ListItem\",\"position\":1,\"name\":\"Startseite\",\"item\":\"https:\\\/\\\/gut-prodis.eu\\\/fr\\\/\"},{\"@type\":\"ListItem\",\"position\":2,\"name\":\"poussieres-fines-domestiques\"}]},{\"@type\":\"WebSite\",\"@id\":\"https:\\\/\\\/gut-prodis.eu\\\/fr\\\/#website\",\"url\":\"https:\\\/\\\/gut-prodis.eu\\\/fr\\\/\",\"name\":\"Gemeinschaft umweltfreundlicher Teppichboden e.V. (GUT)\",\"description\":\"\",\"publisher\":{\"@id\":\"https:\\\/\\\/gut-prodis.eu\\\/fr\\\/#organization\"},\"potentialAction\":[{\"@type\":\"SearchAction\",\"target\":{\"@type\":\"EntryPoint\",\"urlTemplate\":\"https:\\\/\\\/gut-prodis.eu\\\/fr\\\/?s={search_term_string}\"},\"query-input\":{\"@type\":\"PropertyValueSpecification\",\"valueRequired\":true,\"valueName\":\"search_term_string\"}}],\"inLanguage\":\"fr-FR\"},{\"@type\":\"Organization\",\"@id\":\"https:\\\/\\\/gut-prodis.eu\\\/fr\\\/#organization\",\"name\":\"Gemeinschaft umweltfreundlicher Teppichboden e.V. (GUT)\",\"url\":\"https:\\\/\\\/gut-prodis.eu\\\/fr\\\/\",\"logo\":{\"@type\":\"ImageObject\",\"inLanguage\":\"fr-FR\",\"@id\":\"https:\\\/\\\/gut-prodis.eu\\\/fr\\\/#\\\/schema\\\/logo\\\/image\\\/\",\"url\":\"https:\\\/\\\/gut-prodis.eu\\\/wp-content\\\/uploads\\\/2023\\\/10\\\/gut-teppichboden-logo.svg\",\"contentUrl\":\"https:\\\/\\\/gut-prodis.eu\\\/wp-content\\\/uploads\\\/2023\\\/10\\\/gut-teppichboden-logo.svg\",\"width\":1,\"height\":1,\"caption\":\"Gemeinschaft umweltfreundlicher Teppichboden e.V. (GUT)\"},\"image\":{\"@id\":\"https:\\\/\\\/gut-prodis.eu\\\/fr\\\/#\\\/schema\\\/logo\\\/image\\\/\"},\"sameAs\":[\"https:\\\/\\\/www.linkedin.com\\\/company\\\/gut-ev\\\/\"]}]}<\/script>\n<!-- \/ Yoast SEO plugin. -->","yoast_head_json":{"title":"Poussi\u00e8res fines domestiques - Avantages des moquettes","description":"En contribuant \u00e0 la r\u00e9duction de la concentration des poussi\u00e8res fines, les rev\u00eatements de sol textiles ont un effet positif sur l'air int\u00e9rieur.","robots":{"index":"index","follow":"follow","max-snippet":"max-snippet:-1","max-image-preview":"max-image-preview:large","max-video-preview":"max-video-preview:-1"},"canonical":"https:\/\/gut-prodis.eu\/fr\/poussieres-fines-domestiques\/","og_locale":"fr_FR","og_type":"article","og_title":"Poussi\u00e8res fines domestiques - Avantages des moquettes","og_description":"En contribuant \u00e0 la r\u00e9duction de la concentration des poussi\u00e8res fines, les rev\u00eatements de sol textiles ont un effet positif sur l'air int\u00e9rieur.","og_url":"https:\/\/gut-prodis.eu\/fr\/poussieres-fines-domestiques\/","og_site_name":"Gemeinschaft umweltfreundlicher Teppichboden e.V. (GUT)","article_modified_time":"2024-01-22T09:48:14+00:00","twitter_misc":{"Dur\u00e9e de lecture estim\u00e9e":"6 minutes"},"schema":{"@context":"https:\/\/schema.org","@graph":[{"@type":"WebPage","@id":"https:\/\/gut-prodis.eu\/fr\/poussieres-fines-domestiques\/","url":"https:\/\/gut-prodis.eu\/fr\/poussieres-fines-domestiques\/","name":"Poussi\u00e8res fines domestiques - Avantages des moquettes","isPartOf":{"@id":"https:\/\/gut-prodis.eu\/fr\/#website"},"datePublished":"2023-11-17T11:28:01+00:00","dateModified":"2024-01-22T09:48:14+00:00","description":"En contribuant \u00e0 la r\u00e9duction de la concentration des poussi\u00e8res fines, les rev\u00eatements de sol textiles ont un effet positif sur l'air int\u00e9rieur.","breadcrumb":{"@id":"https:\/\/gut-prodis.eu\/fr\/poussieres-fines-domestiques\/#breadcrumb"},"inLanguage":"fr-FR","potentialAction":[{"@type":"ReadAction","target":["https:\/\/gut-prodis.eu\/fr\/poussieres-fines-domestiques\/"]}]},{"@type":"BreadcrumbList","@id":"https:\/\/gut-prodis.eu\/fr\/poussieres-fines-domestiques\/#breadcrumb","itemListElement":[{"@type":"ListItem","position":1,"name":"Startseite","item":"https:\/\/gut-prodis.eu\/fr\/"},{"@type":"ListItem","position":2,"name":"poussieres-fines-domestiques"}]},{"@type":"WebSite","@id":"https:\/\/gut-prodis.eu\/fr\/#website","url":"https:\/\/gut-prodis.eu\/fr\/","name":"Gemeinschaft umweltfreundlicher Teppichboden e.V. (GUT)","description":"","publisher":{"@id":"https:\/\/gut-prodis.eu\/fr\/#organization"},"potentialAction":[{"@type":"SearchAction","target":{"@type":"EntryPoint","urlTemplate":"https:\/\/gut-prodis.eu\/fr\/?s={search_term_string}"},"query-input":{"@type":"PropertyValueSpecification","valueRequired":true,"valueName":"search_term_string"}}],"inLanguage":"fr-FR"},{"@type":"Organization","@id":"https:\/\/gut-prodis.eu\/fr\/#organization","name":"Gemeinschaft umweltfreundlicher Teppichboden e.V. (GUT)","url":"https:\/\/gut-prodis.eu\/fr\/","logo":{"@type":"ImageObject","inLanguage":"fr-FR","@id":"https:\/\/gut-prodis.eu\/fr\/#\/schema\/logo\/image\/","url":"https:\/\/gut-prodis.eu\/wp-content\/uploads\/2023\/10\/gut-teppichboden-logo.svg","contentUrl":"https:\/\/gut-prodis.eu\/wp-content\/uploads\/2023\/10\/gut-teppichboden-logo.svg","width":1,"height":1,"caption":"Gemeinschaft umweltfreundlicher Teppichboden e.V. (GUT)"},"image":{"@id":"https:\/\/gut-prodis.eu\/fr\/#\/schema\/logo\/image\/"},"sameAs":["https:\/\/www.linkedin.com\/company\/gut-ev\/"]}]}},"_links":{"self":[{"href":"https:\/\/gut-prodis.eu\/fr\/wp-json\/wp\/v2\/pages\/1565","targetHints":{"allow":["GET"]}}],"collection":[{"href":"https:\/\/gut-prodis.eu\/fr\/wp-json\/wp\/v2\/pages"}],"about":[{"href":"https:\/\/gut-prodis.eu\/fr\/wp-json\/wp\/v2\/types\/page"}],"author":[{"embeddable":true,"href":"https:\/\/gut-prodis.eu\/fr\/wp-json\/wp\/v2\/users\/2"}],"replies":[{"embeddable":true,"href":"https:\/\/gut-prodis.eu\/fr\/wp-json\/wp\/v2\/comments?post=1565"}],"version-history":[{"count":3,"href":"https:\/\/gut-prodis.eu\/fr\/wp-json\/wp\/v2\/pages\/1565\/revisions"}],"predecessor-version":[{"id":3962,"href":"https:\/\/gut-prodis.eu\/fr\/wp-json\/wp\/v2\/pages\/1565\/revisions\/3962"}],"wp:attachment":[{"href":"https:\/\/gut-prodis.eu\/fr\/wp-json\/wp\/v2\/media?parent=1565"}],"wp:term":[{"taxonomy":"dipi_cpt_category","embeddable":true,"href":"https:\/\/gut-prodis.eu\/fr\/wp-json\/wp\/v2\/dipi_cpt_category?post=1565"}],"curies":[{"name":"wp","href":"https:\/\/api.w.org\/{rel}","templated":true}]}}