{"id":1538,"date":"2023-11-17T12:27:09","date_gmt":"2023-11-17T11:27:09","guid":{"rendered":"https:\/\/produktpass-teppichboden.de\/kreislaufwirtschaft\/"},"modified":"2024-01-22T11:15:46","modified_gmt":"2024-01-22T10:15:46","slug":"economie-circulaire","status":"publish","type":"page","link":"https:\/\/gut-prodis.eu\/fr\/economie-circulaire\/","title":{"rendered":"economie-circulaire"},"content":{"rendered":"<p>[et_pb_section fb_built=\u00a0\u00bb1&Prime; _builder_version=\u00a0\u00bb4.23.1&Prime; _module_preset=\u00a0\u00bbdefault\u00a0\u00bb background_color=\u00a0\u00bbrgba(10,0,0,0.28)\u00a0\u00bb background_image=\u00a0\u00bbhttps:\/\/produktpass-teppichboden.de\/wp-content\/uploads\/2023\/11\/GUT_Gemeinschaft_umweltfreundlicher_Teppichboeden_ev_header4.jpg\u00a0\u00bb background_blend=\u00a0\u00bbmultiply\u00a0\u00bb height=\u00a0\u00bb32vh\u00a0\u00bb height_tablet=\u00a0\u00bb32vh\u00a0\u00bb height_phone=\u00a0\u00bb36vh\u00a0\u00bb height_last_edited=\u00a0\u00bbon|phone\u00a0\u00bb custom_margin=\u00a0\u00bb0px|0px|0px|0px|false|false\u00a0\u00bb custom_padding=\u00a0\u00bb0px|0px|0px|0px|false|false\u00a0\u00bb locked=\u00a0\u00bboff\u00a0\u00bb global_colors_info=\u00a0\u00bb{}\u00a0\u00bb][et_pb_row column_structure=\u00a0\u00bb1_2,1_2&Prime; _builder_version=\u00a0\u00bb4.23.1&Prime; _module_preset=\u00a0\u00bbdefault\u00a0\u00bb max_width=\u00a0\u00bb100%\u00a0\u00bb min_height=\u00a0\u00bb100%\u00a0\u00bb height=\u00a0\u00bb100%\u00a0\u00bb max_height=\u00a0\u00bb100%\u00a0\u00bb locked=\u00a0\u00bboff\u00a0\u00bb global_colors_info=\u00a0\u00bb{}\u00a0\u00bb][et_pb_column type=\u00a0\u00bb1_2&Prime; _builder_version=\u00a0\u00bb4.22.1&Prime; _module_preset=\u00a0\u00bbdefault\u00a0\u00bb global_colors_info=\u00a0\u00bb{}\u00a0\u00bb][\/et_pb_column][et_pb_column type=\u00a0\u00bb1_2&Prime; _builder_version=\u00a0\u00bb4.22.1&Prime; _module_preset=\u00a0\u00bbdefault\u00a0\u00bb global_colors_info=\u00a0\u00bb{}\u00a0\u00bb][et_pb_text _builder_version=\u00a0\u00bb4.23.1&Prime; _module_preset=\u00a0\u00bbdefault\u00a0\u00bb header_font=\u00a0\u00bb|||on|||||\u00a0\u00bb header_text_color=\u00a0\u00bb#FFFFFF\u00a0\u00bb header_line_height=\u00a0\u00bb1.1em\u00a0\u00bb custom_margin=\u00a0\u00bb10vh||8px||false|false\u00a0\u00bb custom_margin_tablet=\u00a0\u00bb7vh||||false|false\u00a0\u00bb custom_margin_phone=\u00a0\u00bb7vh||||false|false\u00a0\u00bb custom_margin_last_edited=\u00a0\u00bbon|phone\u00a0\u00bb global_colors_info=\u00a0\u00bb{}\u00a0\u00bb]<\/p>\n<h1>L\u2019\u00e9conomie circulaire<\/h1>\n<p>[\/et_pb_text][et_pb_text _builder_version=\u00a0\u00bb4.23.1&Prime; _module_preset=\u00a0\u00bbdefault\u00a0\u00bb text_font=\u00a0\u00bb|||on|||||\u00a0\u00bb text_text_color=\u00a0\u00bb#FFFFFF\u00a0\u00bb text_font_size=\u00a0\u00bb24px\u00a0\u00bb global_colors_info=\u00a0\u00bb{}\u00a0\u00bb]<\/p>\n<p>dans l&rsquo;industrie des rev\u00eatements de sol textiles<\/p>\n<p>[\/et_pb_text][\/et_pb_column][\/et_pb_row][\/et_pb_section][et_pb_section fb_built=\u00a0\u00bb1&Prime; _builder_version=\u00a0\u00bb4.22.1&Prime; _module_preset=\u00a0\u00bbdefault\u00a0\u00bb global_colors_info=\u00a0\u00bb{}\u00a0\u00bb][et_pb_row _builder_version=\u00a0\u00bb4.22.1&Prime; _module_preset=\u00a0\u00bbdefault\u00a0\u00bb custom_margin=\u00a0\u00bb||0px||false|false\u00a0\u00bb custom_padding=\u00a0\u00bb0px||0px||false|false\u00a0\u00bb global_colors_info=\u00a0\u00bb{}\u00a0\u00bb][et_pb_column type=\u00a0\u00bb4_4&Prime; _builder_version=\u00a0\u00bb4.22.1&Prime; _module_preset=\u00a0\u00bbdefault\u00a0\u00bb global_colors_info=\u00a0\u00bb{}\u00a0\u00bb][et_pb_text _builder_version=\u00a0\u00bb4.23.1&Prime; _module_preset=\u00a0\u00bbdefault\u00a0\u00bb text_line_height=\u00a0\u00bb1.3em\u00a0\u00bb global_colors_info=\u00a0\u00bb{}\u00a0\u00bb]<\/p>\n<p>\u00c9viter les d\u00e9chets, m\u00e9nager les ressources et r\u00e9duire les gaz \u00e0 effet de serre nuisibles au climat sont des d\u00e9fis qu\u2019on retrouve aussi dans l\u2019industrie des moquettes. L\u2019association GUT soutient le processus de migration vers une \u00e9conomie circulaire dans l&rsquo;industrie des rev\u00eatements de sol textiles. D\u00e9couvrez ici de nombreuses informations sur notre approche et sur le mod\u00e8le de l&rsquo;\u00e9conomie circulaire en g\u00e9n\u00e9ral.<\/p>\n<p>[\/et_pb_text][\/et_pb_column][\/et_pb_row][et_pb_row column_structure=\u00a0\u00bb1_3,2_3&Prime; _builder_version=\u00a0\u00bb4.23.1&Prime; _module_preset=\u00a0\u00bbdefault\u00a0\u00bb global_colors_info=\u00a0\u00bb{}\u00a0\u00bb][et_pb_column type=\u00a0\u00bb1_3&Prime; _builder_version=\u00a0\u00bb4.23.1&Prime; _module_preset=\u00a0\u00bbdefault\u00a0\u00bb global_colors_info=\u00a0\u00bb{}\u00a0\u00bb][et_pb_text _builder_version=\u00a0\u00bb4.23.1&Prime; _module_preset=\u00a0\u00bbdefault\u00a0\u00bb header_4_font=\u00a0\u00bb|600|||||||\u00a0\u00bb custom_margin=\u00a0\u00bb||0px||false|false\u00a0\u00bb custom_padding=\u00a0\u00bb||0px||false|false\u00a0\u00bb global_colors_info=\u00a0\u00bb{}\u00a0\u00bb]<\/p>\n<h4>Que signifie \u00e9conomie circulaire?<\/h4>\n<p>[\/et_pb_text][\/et_pb_column][et_pb_column type=\u00a0\u00bb2_3&Prime; _builder_version=\u00a0\u00bb4.23.1&Prime; _module_preset=\u00a0\u00bbdefault\u00a0\u00bb global_colors_info=\u00a0\u00bb{}\u00a0\u00bb][et_pb_text _builder_version=\u00a0\u00bb4.23.1&Prime; _module_preset=\u00a0\u00bbdefault\u00a0\u00bb custom_padding=\u00a0\u00bb0px||||false|false\u00a0\u00bb global_colors_info=\u00a0\u00bb{}\u00a0\u00bb]<\/p>\n<p>Le principe du recyclage est connu et mis en \u0153uvre depuis longtemps, mais \u00e0 eux seuls, le reconditionnement et\/ou la r\u00e9utilisation de produits qui ne sont plus n\u00e9cessaires et le traitement des d\u00e9chets en g\u00e9n\u00e9ral ne peuvent pas influencer durablement les probl\u00e8mes mondiaux des pertes de ressources et du changement climatique. Le principe de l&rsquo;\u00e9conomie circulaire traite ces probl\u00e8mes de mani\u00e8re plus approfondie en d\u00e9crivant un concept efficient. Outre le recyclage, on y retrouve les principes suivants au premier plan\u00a0:<\/p>\n<\/p>\n<ul>\n<li>CONCEPTION\u00a0: Conception du produit efficiente en termes de mat\u00e9riaux et utilisation de mat\u00e9riaux facilement recyclables<\/li>\n<li>PRODUCTION ET DISTRIBUTION\u00a0: Fabrication \u00e0 haute efficience \u00e9nerg\u00e9tique et distribution \u00e9conome en ressources<\/li>\n<li>UTILISATION DU PRODUIT\u00a0: Allongement de la dur\u00e9e d&rsquo;utilisation des produits<\/li>\n<li>RECYCLAGE\u00a0: Collecte et recyclage des d\u00e9chets<\/li>\n<li>MATIERES PREMIERES\u00a0: R\u00e9utilisation de mat\u00e9riaux recycl\u00e9s (ou renouvelables)<br \/>Ces principes et r\u00e9f\u00e9rentiels pour les diff\u00e9rentes phases du cycle de vie d&rsquo;un produit cr\u00e9ent pour les produits un circuit ferm\u00e9 durable et efficient, qui m\u00e9nage ainsi les ressources et l&rsquo;environnement. C&rsquo;est ce qu&rsquo;on appelle l\u2019\u00e9conomie circulaire.<\/li>\n<\/ul>\n<p>[\/et_pb_text][\/et_pb_column][\/et_pb_row][et_pb_row column_structure=\u00a0\u00bb1_3,2_3&Prime; _builder_version=\u00a0\u00bb4.23.1&Prime; _module_preset=\u00a0\u00bbdefault\u00a0\u00bb global_colors_info=\u00a0\u00bb{}\u00a0\u00bb][et_pb_column type=\u00a0\u00bb1_3&Prime; _builder_version=\u00a0\u00bb4.23.1&Prime; _module_preset=\u00a0\u00bbdefault\u00a0\u00bb global_colors_info=\u00a0\u00bb{}\u00a0\u00bb][et_pb_text _builder_version=\u00a0\u00bb4.23.1&Prime; _module_preset=\u00a0\u00bbdefault\u00a0\u00bb header_4_font=\u00a0\u00bb|600|||||||\u00a0\u00bb global_colors_info=\u00a0\u00bb{}\u00a0\u00bb]<\/p>\n<h4>L&rsquo;industrie europ\u00e9enne des moquettes sur la voie de l\u2019\u00e9conomie circulaire<\/h4>\n<p>[\/et_pb_text][\/et_pb_column][et_pb_column type=\u00a0\u00bb2_3&Prime; _builder_version=\u00a0\u00bb4.23.1&Prime; _module_preset=\u00a0\u00bbdefault\u00a0\u00bb global_colors_info=\u00a0\u00bb{}\u00a0\u00bb][et_pb_text _builder_version=\u00a0\u00bb4.23.1&Prime; _module_preset=\u00a0\u00bbdefault\u00a0\u00bb global_colors_info=\u00a0\u00bb{}\u00a0\u00bb]<\/p>\n<p>Foyers priv\u00e9s, bureaux, voitures, avions ou installations sportives\u00a0: les moquettes sont utilis\u00e9es dans de nombreux domaines de notre vie quotidienne. La consommation annuelle de moquettes ou de rev\u00eatements de sol textiles (et aussi des rev\u00eatements de surface en g\u00e9n\u00e9rale) au sein de l&rsquo;Union europ\u00e9enne correspond env. \u00e0 685 millions de m\u00e8tres carr\u00e9s. La majorit\u00e9 de ces rev\u00eatements de sol textiles ou plus pr\u00e9cis\u00e9ment les fils textiles de ces rev\u00eatements sont fabriqu\u00e9s en polym\u00e8res synth\u00e9tiques qui sont eux-m\u00eames produits \u00e0 partir de p\u00e9trole. Il existe cependant une multitude de mat\u00e9riaux et de compositions de mat\u00e9riaux ainsi que de proc\u00e9d\u00e9s de production et la plupart des rev\u00eatements de sol textiles ont \u00e9t\u00e9 con\u00e7us ou fabriqu\u00e9s pour une dur\u00e9e d&rsquo;utilisation de 10\u00a0ans. Voil\u00e0 pourquoi la transition vers une \u00e9conomie circulaire \u00ab\u00a0europ\u00e9enne\u00a0\u00bb est un processus de longue haleine.<\/p>\n<p>La strat\u00e9gie du secteur cible une mise en \u0153uvre du principe de l\u2019\u00e9conomie circulaire en trois \u00e9tapes sur le long terme\u00a0:<\/p>\n<\/p>\n<ul>\n<li>Au cours de la premi\u00e8re \u00e9tape, les rev\u00eatements de sol textiles existants ou pos\u00e9s doivent \u00eatre recycl\u00e9s de la meilleure fa\u00e7on possible \u00e0 la fin de leur cycle de vie.<\/li>\n<li>Dans la deuxi\u00e8me \u00e9tape qui a d\u00e9j\u00e0 \u00e9t\u00e9 lanc\u00e9e en parall\u00e8le, il convient d\u2019\u00e9tablir une approche commune europ\u00e9enne des mat\u00e9riaux et de la conception des rev\u00eatements de sol textiles (en tenant compte du fait que des produits existants seront \u00ab\u00a0abandonn\u00e9s\u00a0\u00bb \u00e0 court terme) qui permet de recycler et de r\u00e9utiliser les mat\u00e9riaux de mani\u00e8re efficiente et, si possible, interminable.<\/li>\n<li>La troisi\u00e8me \u00e9tape consiste \u00e0 l\u2019\u00e9chelle europ\u00e9enne \u00e0 utiliser sans cesse des ressources et \u00e0 promouvoir en permanence les mat\u00e9riaux, produits et m\u00e9thodes de fabrication qui sont les meilleurs et les plus avanc\u00e9s pour atteindre l\u2019objectif cibl\u00e9. Et ce, non seulement par des lois et des r\u00e8glements, mais aussi par des mesures d\u2019incitation correspondantes pour les approches les plus avanc\u00e9es en termes d\u2019\u00e9conomie circulaire dans l&rsquo;industrie des rev\u00eatements de sol textiles.<\/li>\n<\/ul>\n<p>[\/et_pb_text][\/et_pb_column][\/et_pb_row][et_pb_row column_structure=\u00a0\u00bb1_3,2_3&Prime; _builder_version=\u00a0\u00bb4.23.1&Prime; _module_preset=\u00a0\u00bbdefault\u00a0\u00bb custom_padding=\u00a0\u00bb||60px|||\u00a0\u00bb global_colors_info=\u00a0\u00bb{}\u00a0\u00bb][et_pb_column type=\u00a0\u00bb1_3&Prime; _builder_version=\u00a0\u00bb4.23.1&Prime; _module_preset=\u00a0\u00bbdefault\u00a0\u00bb global_colors_info=\u00a0\u00bb{}\u00a0\u00bb][et_pb_text _builder_version=\u00a0\u00bb4.23.1&Prime; _module_preset=\u00a0\u00bbdefault\u00a0\u00bb header_4_font=\u00a0\u00bb|600|||||||\u00a0\u00bb global_colors_info=\u00a0\u00bb{}\u00a0\u00bb]<\/p>\n<h4>Vous souhaitez des informations compl\u00e9mentaires sur le th\u00e8me de la durabilit\u00e9 et de l\u2019\u00e9conomie circulaire dans l&rsquo;industrie des moquettes?<\/h4>\n<p>[\/et_pb_text][\/et_pb_column][et_pb_column type=\u00a0\u00bb2_3&Prime; _builder_version=\u00a0\u00bb4.23.1&Prime; _module_preset=\u00a0\u00bbdefault\u00a0\u00bb global_colors_info=\u00a0\u00bb{}\u00a0\u00bb][et_pb_text _builder_version=\u00a0\u00bb4.23.1&Prime; _module_preset=\u00a0\u00bbdefault\u00a0\u00bb global_colors_info=\u00a0\u00bb{}\u00a0\u00bb]<\/p>\n<p>N\u2019h\u00e9sitez pas \u00e0 nous contacter. Nous vous enverrons des informations correspondantes. Envoyez un e-mail \u00e0 l\u2019adresse :\u00a0<a href=\"mailto:mail@gut-ev.de\">mail@gut-ev.de<\/a>\u00a0<\/p>\n<p>[\/et_pb_text][et_pb_button button_url=\u00a0\u00bbhttps:\/\/ecra.eu\/carpets\/CirEco\/\u00a0\u00bb button_text=\u00a0\u00bbLeading the Carpet industry towards circular economy\u00a0\u00bb _builder_version=\u00a0\u00bb4.23.1&Prime; _module_preset=\u00a0\u00bbdefault\u00a0\u00bb custom_button=\u00a0\u00bbon\u00a0\u00bb button_text_size=\u00a0\u00bb18px\u00a0\u00bb button_text_color=\u00a0\u00bb#FFFFFF\u00a0\u00bb button_bg_color=\u00a0\u00bb#3FA535&Prime; button_border_width=\u00a0\u00bb0px\u00a0\u00bb button_border_color=\u00a0\u00bbRGBA(255,255,255,0)\u00a0\u00bb button_border_radius=\u00a0\u00bb10px\u00a0\u00bb button_font=\u00a0\u00bb|||on|||||\u00a0\u00bb button_use_icon=\u00a0\u00bboff\u00a0\u00bb locked=\u00a0\u00bboff\u00a0\u00bb global_colors_info=\u00a0\u00bb{}\u00a0\u00bb][\/et_pb_button][\/et_pb_column][\/et_pb_row][\/et_pb_section]<\/p>\n","protected":false},"excerpt":{"rendered":"<p>L\u2019\u00e9conomie circulairedans l&rsquo;industrie des rev\u00eatements de sol textiles\u00c9viter les d\u00e9chets, m\u00e9nager les ressources et r\u00e9duire les gaz \u00e0 effet de serre nuisibles au climat sont des d\u00e9fis qu\u2019on retrouve aussi dans l\u2019industrie des moquettes. L\u2019association GUT soutient le processus de migration vers une \u00e9conomie circulaire dans l&rsquo;industrie des rev\u00eatements de sol textiles. D\u00e9couvrez ici de [&hellip;]<\/p>\n","protected":false},"author":2,"featured_media":0,"parent":0,"menu_order":0,"comment_status":"closed","ping_status":"closed","template":"","meta":{"_et_pb_use_builder":"on","_et_pb_old_content":"","_et_gb_content_width":"","footnotes":""},"dipi_cpt_category":[],"class_list":["post-1538","page","type-page","status-publish","hentry"],"yoast_head":"<!-- This site is optimized with the Yoast SEO plugin v27.4 - https:\/\/yoast.com\/product\/yoast-seo-wordpress\/ -->\n<title>\u00c9conomie circulaire dans la production de moquettes<\/title>\n<meta name=\"description\" content=\"D\u00e9couvrez comment l\u2019association GUT encourage le processus de migration vers une \u00e9conomie circulaire dans l&#039;industrie des rev\u00eatements de sol textiles.\" \/>\n<meta name=\"robots\" content=\"index, follow, max-snippet:-1, max-image-preview:large, max-video-preview:-1\" \/>\n<link rel=\"canonical\" href=\"https:\/\/gut-prodis.eu\/fr\/economie-circulaire\/\" \/>\n<meta property=\"og:locale\" content=\"fr_FR\" \/>\n<meta property=\"og:type\" content=\"article\" \/>\n<meta property=\"og:title\" content=\"\u00c9conomie circulaire dans la production de moquettes\" \/>\n<meta property=\"og:description\" content=\"D\u00e9couvrez comment l\u2019association GUT encourage le processus de migration vers une \u00e9conomie circulaire dans l&#039;industrie des rev\u00eatements de sol textiles.\" \/>\n<meta property=\"og:url\" content=\"https:\/\/gut-prodis.eu\/fr\/economie-circulaire\/\" \/>\n<meta property=\"og:site_name\" content=\"Gemeinschaft umweltfreundlicher Teppichboden e.V. (GUT)\" \/>\n<meta property=\"article:modified_time\" content=\"2024-01-22T10:15:46+00:00\" \/>\n<meta name=\"twitter:label1\" content=\"Dur\u00e9e de lecture estim\u00e9e\" \/>\n\t<meta name=\"twitter:data1\" content=\"6 minutes\" \/>\n<script type=\"application\/ld+json\" class=\"yoast-schema-graph\">{\"@context\":\"https:\\\/\\\/schema.org\",\"@graph\":[{\"@type\":\"WebPage\",\"@id\":\"https:\\\/\\\/gut-prodis.eu\\\/fr\\\/economie-circulaire\\\/\",\"url\":\"https:\\\/\\\/gut-prodis.eu\\\/fr\\\/economie-circulaire\\\/\",\"name\":\"\u00c9conomie circulaire dans la production de moquettes\",\"isPartOf\":{\"@id\":\"https:\\\/\\\/gut-prodis.eu\\\/fr\\\/#website\"},\"datePublished\":\"2023-11-17T11:27:09+00:00\",\"dateModified\":\"2024-01-22T10:15:46+00:00\",\"description\":\"D\u00e9couvrez comment l\u2019association GUT encourage le processus de migration vers une \u00e9conomie circulaire dans l'industrie des rev\u00eatements de sol textiles.\",\"breadcrumb\":{\"@id\":\"https:\\\/\\\/gut-prodis.eu\\\/fr\\\/economie-circulaire\\\/#breadcrumb\"},\"inLanguage\":\"fr-FR\",\"potentialAction\":[{\"@type\":\"ReadAction\",\"target\":[\"https:\\\/\\\/gut-prodis.eu\\\/fr\\\/economie-circulaire\\\/\"]}]},{\"@type\":\"BreadcrumbList\",\"@id\":\"https:\\\/\\\/gut-prodis.eu\\\/fr\\\/economie-circulaire\\\/#breadcrumb\",\"itemListElement\":[{\"@type\":\"ListItem\",\"position\":1,\"name\":\"Startseite\",\"item\":\"https:\\\/\\\/gut-prodis.eu\\\/fr\\\/\"},{\"@type\":\"ListItem\",\"position\":2,\"name\":\"economie-circulaire\"}]},{\"@type\":\"WebSite\",\"@id\":\"https:\\\/\\\/gut-prodis.eu\\\/fr\\\/#website\",\"url\":\"https:\\\/\\\/gut-prodis.eu\\\/fr\\\/\",\"name\":\"Gemeinschaft umweltfreundlicher Teppichboden e.V. (GUT)\",\"description\":\"\",\"publisher\":{\"@id\":\"https:\\\/\\\/gut-prodis.eu\\\/fr\\\/#organization\"},\"potentialAction\":[{\"@type\":\"SearchAction\",\"target\":{\"@type\":\"EntryPoint\",\"urlTemplate\":\"https:\\\/\\\/gut-prodis.eu\\\/fr\\\/?s={search_term_string}\"},\"query-input\":{\"@type\":\"PropertyValueSpecification\",\"valueRequired\":true,\"valueName\":\"search_term_string\"}}],\"inLanguage\":\"fr-FR\"},{\"@type\":\"Organization\",\"@id\":\"https:\\\/\\\/gut-prodis.eu\\\/fr\\\/#organization\",\"name\":\"Gemeinschaft umweltfreundlicher Teppichboden e.V. (GUT)\",\"url\":\"https:\\\/\\\/gut-prodis.eu\\\/fr\\\/\",\"logo\":{\"@type\":\"ImageObject\",\"inLanguage\":\"fr-FR\",\"@id\":\"https:\\\/\\\/gut-prodis.eu\\\/fr\\\/#\\\/schema\\\/logo\\\/image\\\/\",\"url\":\"https:\\\/\\\/gut-prodis.eu\\\/wp-content\\\/uploads\\\/2023\\\/10\\\/gut-teppichboden-logo.svg\",\"contentUrl\":\"https:\\\/\\\/gut-prodis.eu\\\/wp-content\\\/uploads\\\/2023\\\/10\\\/gut-teppichboden-logo.svg\",\"width\":1,\"height\":1,\"caption\":\"Gemeinschaft umweltfreundlicher Teppichboden e.V. (GUT)\"},\"image\":{\"@id\":\"https:\\\/\\\/gut-prodis.eu\\\/fr\\\/#\\\/schema\\\/logo\\\/image\\\/\"},\"sameAs\":[\"https:\\\/\\\/www.linkedin.com\\\/company\\\/gut-ev\\\/\"]}]}<\/script>\n<!-- \/ Yoast SEO plugin. -->","yoast_head_json":{"title":"\u00c9conomie circulaire dans la production de moquettes","description":"D\u00e9couvrez comment l\u2019association GUT encourage le processus de migration vers une \u00e9conomie circulaire dans l'industrie des rev\u00eatements de sol textiles.","robots":{"index":"index","follow":"follow","max-snippet":"max-snippet:-1","max-image-preview":"max-image-preview:large","max-video-preview":"max-video-preview:-1"},"canonical":"https:\/\/gut-prodis.eu\/fr\/economie-circulaire\/","og_locale":"fr_FR","og_type":"article","og_title":"\u00c9conomie circulaire dans la production de moquettes","og_description":"D\u00e9couvrez comment l\u2019association GUT encourage le processus de migration vers une \u00e9conomie circulaire dans l'industrie des rev\u00eatements de sol textiles.","og_url":"https:\/\/gut-prodis.eu\/fr\/economie-circulaire\/","og_site_name":"Gemeinschaft umweltfreundlicher Teppichboden e.V. (GUT)","article_modified_time":"2024-01-22T10:15:46+00:00","twitter_misc":{"Dur\u00e9e de lecture estim\u00e9e":"6 minutes"},"schema":{"@context":"https:\/\/schema.org","@graph":[{"@type":"WebPage","@id":"https:\/\/gut-prodis.eu\/fr\/economie-circulaire\/","url":"https:\/\/gut-prodis.eu\/fr\/economie-circulaire\/","name":"\u00c9conomie circulaire dans la production de moquettes","isPartOf":{"@id":"https:\/\/gut-prodis.eu\/fr\/#website"},"datePublished":"2023-11-17T11:27:09+00:00","dateModified":"2024-01-22T10:15:46+00:00","description":"D\u00e9couvrez comment l\u2019association GUT encourage le processus de migration vers une \u00e9conomie circulaire dans l'industrie des rev\u00eatements de sol textiles.","breadcrumb":{"@id":"https:\/\/gut-prodis.eu\/fr\/economie-circulaire\/#breadcrumb"},"inLanguage":"fr-FR","potentialAction":[{"@type":"ReadAction","target":["https:\/\/gut-prodis.eu\/fr\/economie-circulaire\/"]}]},{"@type":"BreadcrumbList","@id":"https:\/\/gut-prodis.eu\/fr\/economie-circulaire\/#breadcrumb","itemListElement":[{"@type":"ListItem","position":1,"name":"Startseite","item":"https:\/\/gut-prodis.eu\/fr\/"},{"@type":"ListItem","position":2,"name":"economie-circulaire"}]},{"@type":"WebSite","@id":"https:\/\/gut-prodis.eu\/fr\/#website","url":"https:\/\/gut-prodis.eu\/fr\/","name":"Gemeinschaft umweltfreundlicher Teppichboden e.V. (GUT)","description":"","publisher":{"@id":"https:\/\/gut-prodis.eu\/fr\/#organization"},"potentialAction":[{"@type":"SearchAction","target":{"@type":"EntryPoint","urlTemplate":"https:\/\/gut-prodis.eu\/fr\/?s={search_term_string}"},"query-input":{"@type":"PropertyValueSpecification","valueRequired":true,"valueName":"search_term_string"}}],"inLanguage":"fr-FR"},{"@type":"Organization","@id":"https:\/\/gut-prodis.eu\/fr\/#organization","name":"Gemeinschaft umweltfreundlicher Teppichboden e.V. (GUT)","url":"https:\/\/gut-prodis.eu\/fr\/","logo":{"@type":"ImageObject","inLanguage":"fr-FR","@id":"https:\/\/gut-prodis.eu\/fr\/#\/schema\/logo\/image\/","url":"https:\/\/gut-prodis.eu\/wp-content\/uploads\/2023\/10\/gut-teppichboden-logo.svg","contentUrl":"https:\/\/gut-prodis.eu\/wp-content\/uploads\/2023\/10\/gut-teppichboden-logo.svg","width":1,"height":1,"caption":"Gemeinschaft umweltfreundlicher Teppichboden e.V. (GUT)"},"image":{"@id":"https:\/\/gut-prodis.eu\/fr\/#\/schema\/logo\/image\/"},"sameAs":["https:\/\/www.linkedin.com\/company\/gut-ev\/"]}]}},"_links":{"self":[{"href":"https:\/\/gut-prodis.eu\/fr\/wp-json\/wp\/v2\/pages\/1538","targetHints":{"allow":["GET"]}}],"collection":[{"href":"https:\/\/gut-prodis.eu\/fr\/wp-json\/wp\/v2\/pages"}],"about":[{"href":"https:\/\/gut-prodis.eu\/fr\/wp-json\/wp\/v2\/types\/page"}],"author":[{"embeddable":true,"href":"https:\/\/gut-prodis.eu\/fr\/wp-json\/wp\/v2\/users\/2"}],"replies":[{"embeddable":true,"href":"https:\/\/gut-prodis.eu\/fr\/wp-json\/wp\/v2\/comments?post=1538"}],"version-history":[{"count":3,"href":"https:\/\/gut-prodis.eu\/fr\/wp-json\/wp\/v2\/pages\/1538\/revisions"}],"predecessor-version":[{"id":3985,"href":"https:\/\/gut-prodis.eu\/fr\/wp-json\/wp\/v2\/pages\/1538\/revisions\/3985"}],"wp:attachment":[{"href":"https:\/\/gut-prodis.eu\/fr\/wp-json\/wp\/v2\/media?parent=1538"}],"wp:term":[{"taxonomy":"dipi_cpt_category","embeddable":true,"href":"https:\/\/gut-prodis.eu\/fr\/wp-json\/wp\/v2\/dipi_cpt_category?post=1538"}],"curies":[{"name":"wp","href":"https:\/\/api.w.org\/{rel}","templated":true}]}}