{"id":1468,"date":"2023-11-17T12:15:42","date_gmt":"2023-11-17T11:15:42","guid":{"rendered":"https:\/\/produktpass-teppichboden.de\/geruchspruefung\/"},"modified":"2024-01-22T10:56:00","modified_gmt":"2024-01-22T09:56:00","slug":"examen-olfactif","status":"publish","type":"page","link":"https:\/\/gut-prodis.eu\/fr\/examen-olfactif\/","title":{"rendered":"Examen olfactif"},"content":{"rendered":"<p>[et_pb_section fb_built=\u00a0\u00bb1&Prime; _builder_version=\u00a0\u00bb4.23.1&Prime; _module_preset=\u00a0\u00bbdefault\u00a0\u00bb background_color=\u00a0\u00bbrgba(10,0,0,0.28)\u00a0\u00bb background_image=\u00a0\u00bbhttps:\/\/produktpass-teppichboden.de\/wp-content\/uploads\/2023\/11\/GUT_Gemeinschaft_umweltfreundlicher_Teppichboeden_ev_header4.jpg\u00a0\u00bb background_blend=\u00a0\u00bbmultiply\u00a0\u00bb height=\u00a0\u00bb32vh\u00a0\u00bb height_tablet=\u00a0\u00bb32vh\u00a0\u00bb height_phone=\u00a0\u00bb36vh\u00a0\u00bb height_last_edited=\u00a0\u00bbon|phone\u00a0\u00bb custom_margin=\u00a0\u00bb0px|0px|0px|0px|false|false\u00a0\u00bb custom_padding=\u00a0\u00bb0px|0px|0px|0px|false|false\u00a0\u00bb global_colors_info=\u00a0\u00bb{}\u00a0\u00bb][et_pb_row column_structure=\u00a0\u00bb1_2,1_2&Prime; _builder_version=\u00a0\u00bb4.23.1&Prime; _module_preset=\u00a0\u00bbdefault\u00a0\u00bb max_width=\u00a0\u00bb100%\u00a0\u00bb min_height=\u00a0\u00bb100%\u00a0\u00bb height=\u00a0\u00bb100%\u00a0\u00bb max_height=\u00a0\u00bb100%\u00a0\u00bb locked=\u00a0\u00bboff\u00a0\u00bb global_colors_info=\u00a0\u00bb{}\u00a0\u00bb][et_pb_column type=\u00a0\u00bb1_2&Prime; _builder_version=\u00a0\u00bb4.22.1&Prime; _module_preset=\u00a0\u00bbdefault\u00a0\u00bb global_colors_info=\u00a0\u00bb{}\u00a0\u00bb][\/et_pb_column][et_pb_column type=\u00a0\u00bb1_2&Prime; _builder_version=\u00a0\u00bb4.22.1&Prime; _module_preset=\u00a0\u00bbdefault\u00a0\u00bb global_colors_info=\u00a0\u00bb{}\u00a0\u00bb][et_pb_text _builder_version=\u00a0\u00bb4.23.1&Prime; _module_preset=\u00a0\u00bbdefault\u00a0\u00bb header_font=\u00a0\u00bb|||on|||||\u00a0\u00bb header_text_color=\u00a0\u00bb#FFFFFF\u00a0\u00bb header_line_height=\u00a0\u00bb1.1em\u00a0\u00bb custom_margin=\u00a0\u00bb10vh||8px||false|false\u00a0\u00bb custom_margin_tablet=\u00a0\u00bb7vh||||false|false\u00a0\u00bb custom_margin_phone=\u00a0\u00bb7vh||||false|false\u00a0\u00bb custom_margin_last_edited=\u00a0\u00bbon|phone\u00a0\u00bb global_colors_info=\u00a0\u00bb{}\u00a0\u00bb]<\/p>\n<h1>Examen olfactif<\/h1>\n<p>[\/et_pb_text][et_pb_text _builder_version=\u00a0\u00bb4.23.1&Prime; _module_preset=\u00a0\u00bbdefault\u00a0\u00bb text_font=\u00a0\u00bb|||on|||||\u00a0\u00bb text_text_color=\u00a0\u00bb#FFFFFF\u00a0\u00bb text_font_size=\u00a0\u00bb24px\u00a0\u00bb global_colors_info=\u00a0\u00bb{}\u00a0\u00bb]<\/p>\n<p>dans le cadre<br \/>du test de produit GUT<\/p>\n<p>[\/et_pb_text][\/et_pb_column][\/et_pb_row][\/et_pb_section][et_pb_section fb_built=\u00a0\u00bb1&Prime; _builder_version=\u00a0\u00bb4.22.1&Prime; _module_preset=\u00a0\u00bbdefault\u00a0\u00bb custom_padding=\u00a0\u00bb||43px|||\u00a0\u00bb global_colors_info=\u00a0\u00bb{}\u00a0\u00bb][et_pb_row _builder_version=\u00a0\u00bb4.22.1&Prime; _module_preset=\u00a0\u00bbdefault\u00a0\u00bb custom_padding=\u00a0\u00bb0px|||||\u00a0\u00bb global_colors_info=\u00a0\u00bb{}\u00a0\u00bb][et_pb_column type=\u00a0\u00bb4_4&Prime; _builder_version=\u00a0\u00bb4.22.1&Prime; _module_preset=\u00a0\u00bbdefault\u00a0\u00bb global_colors_info=\u00a0\u00bb{}\u00a0\u00bb][et_pb_text _builder_version=\u00a0\u00bb4.23.1&Prime; _module_preset=\u00a0\u00bbdefault\u00a0\u00bb text_line_height=\u00a0\u00bb1.3em\u00a0\u00bb global_colors_info=\u00a0\u00bb{}\u00a0\u00bb]<\/p>\n<p>L\u2019examen olfactif repr\u00e9sente une partie int\u00e9grante centrale pour l\u2019homologation et la surveillance des rev\u00eatements de sol textiles au sein du syst\u00e8me de contr\u00f4le de l\u2019association GUT. Cette importance n\u2019est pas \u00e9tonnante, car les odeurs jouent un r\u00f4le important dans la vie quotidienne et, lorsqu\u2019il s\u2019agit de locaux int\u00e9rieurs, elles ont un impact d\u00e9cisif sur le bien-\u00eatre des occupants. Cette page explique la raison de l&rsquo;importance de l\u2019examen olfactif, la nature des odeurs d\u00e9rangeantes qui peuvent devenir de v\u00e9ritables nuisances olfactives ainsi que les origines de celles-ci.<\/p>\n<p>[\/et_pb_text][dipi_faq faq_categories=\u00a0\u00bb6&Prime; _builder_version=\u00a0\u00bb4.23.1&Prime; _module_preset=\u00a0\u00bbdefault\u00a0\u00bb title_closed_font=\u00a0\u00bb|600|||||||\u00a0\u00bb title_closed_text_color=\u00a0\u00bb#23295B\u00a0\u00bb title_closed_font_size=\u00a0\u00bb26px\u00a0\u00bb title_closed_font_size_tablet=\u00a0\u00bb26px\u00a0\u00bb title_closed_font_size_phone=\u00a0\u00bb24px\u00a0\u00bb title_closed_font_size_last_edited=\u00a0\u00bbon|phone\u00a0\u00bb global_colors_info=\u00a0\u00bb{}\u00a0\u00bb][\/dipi_faq][\/et_pb_column][\/et_pb_row][\/et_pb_section][et_pb_section fb_built=\u00a0\u00bb1&Prime; _builder_version=\u00a0\u00bb4.23.1&Prime; _module_preset=\u00a0\u00bbdefault\u00a0\u00bb custom_margin=\u00a0\u00bb0px||50px||false|false\u00a0\u00bb custom_margin_tablet=\u00a0\u00bb||100px||false|false\u00a0\u00bb custom_margin_phone=\u00a0\u00bb||100px||false|false\u00a0\u00bb custom_margin_last_edited=\u00a0\u00bbon|tablet\u00a0\u00bb custom_padding=\u00a0\u00bb0px||49px||false|false\u00a0\u00bb global_colors_info=\u00a0\u00bb{}\u00a0\u00bb][et_pb_row _builder_version=\u00a0\u00bb4.22.1&Prime; _module_preset=\u00a0\u00bbdefault\u00a0\u00bb custom_margin=\u00a0\u00bb||0px||false|false\u00a0\u00bb custom_padding=\u00a0\u00bb||0px||false|false\u00a0\u00bb global_colors_info=\u00a0\u00bb{}\u00a0\u00bb][et_pb_column type=\u00a0\u00bb4_4&Prime; _builder_version=\u00a0\u00bb4.22.1&Prime; _module_preset=\u00a0\u00bbdefault\u00a0\u00bb global_colors_info=\u00a0\u00bb{}\u00a0\u00bb][et_pb_text _builder_version=\u00a0\u00bb4.23.1&Prime; _module_preset=\u00a0\u00bbdefault\u00a0\u00bb header_2_font=\u00a0\u00bb|700||on|||||\u00a0\u00bb header_2_text_color=\u00a0\u00bb#23295B\u00a0\u00bb header_3_font=\u00a0\u00bb|700||on|||||\u00a0\u00bb header_3_text_color=\u00a0\u00bb#23295B\u00a0\u00bb custom_margin=\u00a0\u00bb||0px||false|false\u00a0\u00bb custom_padding=\u00a0\u00bb||21px|||\u00a0\u00bb global_colors_info=\u00a0\u00bb{}\u00a0\u00bb]<\/p>\n<h2>Examen olfactif selon la m\u00e9thode du dessiccateur<\/h2>\n<p>[\/et_pb_text][et_pb_image src=\u00a0\u00bbhttps:\/\/produktpass-teppichboden.de\/wp-content\/uploads\/2023\/11\/GUT_Gemeinschaft_umweltfreundlicher_Teppichboeden_ev_produktpruefung_geruchspruefung_methode.png\u00a0\u00bb title_text=\u00a0\u00bbGUT_Gemeinschaft_umweltfreundlicher_Teppichboeden_ev_produktpruefung_geruchspruefung_methode\u00a0\u00bb show_in_lightbox=\u00a0\u00bbon\u00a0\u00bb align=\u00a0\u00bbcenter\u00a0\u00bb _builder_version=\u00a0\u00bb4.23.1&Prime; _module_preset=\u00a0\u00bbdefault\u00a0\u00bb custom_margin=\u00a0\u00bb||38px|||\u00a0\u00bb box_shadow_style=\u00a0\u00bbpreset1&Prime; global_colors_info=\u00a0\u00bb{}\u00a0\u00bb][\/et_pb_image][\/et_pb_column][\/et_pb_row][\/et_pb_section]<\/p>\n","protected":false},"excerpt":{"rendered":"<p>Examen olfactifdans le cadredu test de produit GUTL\u2019examen olfactif repr\u00e9sente une partie int\u00e9grante centrale pour l\u2019homologation et la surveillance des rev\u00eatements de sol textiles au sein du syst\u00e8me de contr\u00f4le de l\u2019association GUT. Cette importance n\u2019est pas \u00e9tonnante, car les odeurs jouent un r\u00f4le important dans la vie quotidienne et, lorsqu\u2019il s\u2019agit de locaux int\u00e9rieurs, [&hellip;]<\/p>\n","protected":false},"author":2,"featured_media":0,"parent":0,"menu_order":0,"comment_status":"closed","ping_status":"closed","template":"","meta":{"_et_pb_use_builder":"on","_et_pb_old_content":"","_et_gb_content_width":"","footnotes":""},"dipi_cpt_category":[],"class_list":["post-1468","page","type-page","status-publish","hentry"],"yoast_head":"<!-- This site is optimized with the Yoast SEO plugin v27.3 - https:\/\/yoast.com\/product\/yoast-seo-wordpress\/ -->\n<title>Examen olfactif pour rev\u00eatements de sol textiles<\/title>\n<meta name=\"description\" content=\"Nous vous informons sur l\u2019importance de l\u2019examen olfactif pour moquettes, sur les odeurs d\u00e9rangeantes et sur leurs origines.\" \/>\n<meta name=\"robots\" content=\"index, follow, max-snippet:-1, max-image-preview:large, max-video-preview:-1\" \/>\n<link rel=\"canonical\" href=\"https:\/\/gut-prodis.eu\/fr\/examen-olfactif\/\" \/>\n<meta property=\"og:locale\" content=\"fr_FR\" \/>\n<meta property=\"og:type\" content=\"article\" \/>\n<meta property=\"og:title\" content=\"Examen olfactif pour rev\u00eatements de sol textiles\" \/>\n<meta property=\"og:description\" content=\"Nous vous informons sur l\u2019importance de l\u2019examen olfactif pour moquettes, sur les odeurs d\u00e9rangeantes et sur leurs origines.\" \/>\n<meta property=\"og:url\" content=\"https:\/\/gut-prodis.eu\/fr\/examen-olfactif\/\" \/>\n<meta property=\"og:site_name\" content=\"Gemeinschaft umweltfreundlicher Teppichboden e.V. (GUT)\" \/>\n<meta property=\"article:modified_time\" content=\"2024-01-22T09:56:00+00:00\" \/>\n<meta name=\"twitter:label1\" content=\"Dur\u00e9e de lecture estim\u00e9e\" \/>\n\t<meta name=\"twitter:data1\" content=\"3 minutes\" \/>\n<script type=\"application\/ld+json\" class=\"yoast-schema-graph\">{\"@context\":\"https:\\\/\\\/schema.org\",\"@graph\":[{\"@type\":\"WebPage\",\"@id\":\"https:\\\/\\\/gut-prodis.eu\\\/fr\\\/examen-olfactif\\\/\",\"url\":\"https:\\\/\\\/gut-prodis.eu\\\/fr\\\/examen-olfactif\\\/\",\"name\":\"Examen olfactif pour rev\u00eatements de sol textiles\",\"isPartOf\":{\"@id\":\"https:\\\/\\\/gut-prodis.eu\\\/fr\\\/#website\"},\"datePublished\":\"2023-11-17T11:15:42+00:00\",\"dateModified\":\"2024-01-22T09:56:00+00:00\",\"description\":\"Nous vous informons sur l\u2019importance de l\u2019examen olfactif pour moquettes, sur les odeurs d\u00e9rangeantes et sur leurs origines.\",\"breadcrumb\":{\"@id\":\"https:\\\/\\\/gut-prodis.eu\\\/fr\\\/examen-olfactif\\\/#breadcrumb\"},\"inLanguage\":\"fr-FR\",\"potentialAction\":[{\"@type\":\"ReadAction\",\"target\":[\"https:\\\/\\\/gut-prodis.eu\\\/fr\\\/examen-olfactif\\\/\"]}]},{\"@type\":\"BreadcrumbList\",\"@id\":\"https:\\\/\\\/gut-prodis.eu\\\/fr\\\/examen-olfactif\\\/#breadcrumb\",\"itemListElement\":[{\"@type\":\"ListItem\",\"position\":1,\"name\":\"Startseite\",\"item\":\"https:\\\/\\\/gut-prodis.eu\\\/fr\\\/\"},{\"@type\":\"ListItem\",\"position\":2,\"name\":\"Examen olfactif\"}]},{\"@type\":\"WebSite\",\"@id\":\"https:\\\/\\\/gut-prodis.eu\\\/fr\\\/#website\",\"url\":\"https:\\\/\\\/gut-prodis.eu\\\/fr\\\/\",\"name\":\"Gemeinschaft umweltfreundlicher Teppichboden e.V. (GUT)\",\"description\":\"\",\"publisher\":{\"@id\":\"https:\\\/\\\/gut-prodis.eu\\\/fr\\\/#organization\"},\"potentialAction\":[{\"@type\":\"SearchAction\",\"target\":{\"@type\":\"EntryPoint\",\"urlTemplate\":\"https:\\\/\\\/gut-prodis.eu\\\/fr\\\/?s={search_term_string}\"},\"query-input\":{\"@type\":\"PropertyValueSpecification\",\"valueRequired\":true,\"valueName\":\"search_term_string\"}}],\"inLanguage\":\"fr-FR\"},{\"@type\":\"Organization\",\"@id\":\"https:\\\/\\\/gut-prodis.eu\\\/fr\\\/#organization\",\"name\":\"Gemeinschaft umweltfreundlicher Teppichboden e.V. (GUT)\",\"url\":\"https:\\\/\\\/gut-prodis.eu\\\/fr\\\/\",\"logo\":{\"@type\":\"ImageObject\",\"inLanguage\":\"fr-FR\",\"@id\":\"https:\\\/\\\/gut-prodis.eu\\\/fr\\\/#\\\/schema\\\/logo\\\/image\\\/\",\"url\":\"https:\\\/\\\/gut-prodis.eu\\\/wp-content\\\/uploads\\\/2023\\\/10\\\/gut-teppichboden-logo.svg\",\"contentUrl\":\"https:\\\/\\\/gut-prodis.eu\\\/wp-content\\\/uploads\\\/2023\\\/10\\\/gut-teppichboden-logo.svg\",\"width\":1,\"height\":1,\"caption\":\"Gemeinschaft umweltfreundlicher Teppichboden e.V. (GUT)\"},\"image\":{\"@id\":\"https:\\\/\\\/gut-prodis.eu\\\/fr\\\/#\\\/schema\\\/logo\\\/image\\\/\"},\"sameAs\":[\"https:\\\/\\\/www.linkedin.com\\\/company\\\/gut-ev\\\/\"]}]}<\/script>\n<!-- \/ Yoast SEO plugin. -->","yoast_head_json":{"title":"Examen olfactif pour rev\u00eatements de sol textiles","description":"Nous vous informons sur l\u2019importance de l\u2019examen olfactif pour moquettes, sur les odeurs d\u00e9rangeantes et sur leurs origines.","robots":{"index":"index","follow":"follow","max-snippet":"max-snippet:-1","max-image-preview":"max-image-preview:large","max-video-preview":"max-video-preview:-1"},"canonical":"https:\/\/gut-prodis.eu\/fr\/examen-olfactif\/","og_locale":"fr_FR","og_type":"article","og_title":"Examen olfactif pour rev\u00eatements de sol textiles","og_description":"Nous vous informons sur l\u2019importance de l\u2019examen olfactif pour moquettes, sur les odeurs d\u00e9rangeantes et sur leurs origines.","og_url":"https:\/\/gut-prodis.eu\/fr\/examen-olfactif\/","og_site_name":"Gemeinschaft umweltfreundlicher Teppichboden e.V. (GUT)","article_modified_time":"2024-01-22T09:56:00+00:00","twitter_misc":{"Dur\u00e9e de lecture estim\u00e9e":"3 minutes"},"schema":{"@context":"https:\/\/schema.org","@graph":[{"@type":"WebPage","@id":"https:\/\/gut-prodis.eu\/fr\/examen-olfactif\/","url":"https:\/\/gut-prodis.eu\/fr\/examen-olfactif\/","name":"Examen olfactif pour rev\u00eatements de sol textiles","isPartOf":{"@id":"https:\/\/gut-prodis.eu\/fr\/#website"},"datePublished":"2023-11-17T11:15:42+00:00","dateModified":"2024-01-22T09:56:00+00:00","description":"Nous vous informons sur l\u2019importance de l\u2019examen olfactif pour moquettes, sur les odeurs d\u00e9rangeantes et sur leurs origines.","breadcrumb":{"@id":"https:\/\/gut-prodis.eu\/fr\/examen-olfactif\/#breadcrumb"},"inLanguage":"fr-FR","potentialAction":[{"@type":"ReadAction","target":["https:\/\/gut-prodis.eu\/fr\/examen-olfactif\/"]}]},{"@type":"BreadcrumbList","@id":"https:\/\/gut-prodis.eu\/fr\/examen-olfactif\/#breadcrumb","itemListElement":[{"@type":"ListItem","position":1,"name":"Startseite","item":"https:\/\/gut-prodis.eu\/fr\/"},{"@type":"ListItem","position":2,"name":"Examen olfactif"}]},{"@type":"WebSite","@id":"https:\/\/gut-prodis.eu\/fr\/#website","url":"https:\/\/gut-prodis.eu\/fr\/","name":"Gemeinschaft umweltfreundlicher Teppichboden e.V. (GUT)","description":"","publisher":{"@id":"https:\/\/gut-prodis.eu\/fr\/#organization"},"potentialAction":[{"@type":"SearchAction","target":{"@type":"EntryPoint","urlTemplate":"https:\/\/gut-prodis.eu\/fr\/?s={search_term_string}"},"query-input":{"@type":"PropertyValueSpecification","valueRequired":true,"valueName":"search_term_string"}}],"inLanguage":"fr-FR"},{"@type":"Organization","@id":"https:\/\/gut-prodis.eu\/fr\/#organization","name":"Gemeinschaft umweltfreundlicher Teppichboden e.V. (GUT)","url":"https:\/\/gut-prodis.eu\/fr\/","logo":{"@type":"ImageObject","inLanguage":"fr-FR","@id":"https:\/\/gut-prodis.eu\/fr\/#\/schema\/logo\/image\/","url":"https:\/\/gut-prodis.eu\/wp-content\/uploads\/2023\/10\/gut-teppichboden-logo.svg","contentUrl":"https:\/\/gut-prodis.eu\/wp-content\/uploads\/2023\/10\/gut-teppichboden-logo.svg","width":1,"height":1,"caption":"Gemeinschaft umweltfreundlicher Teppichboden e.V. (GUT)"},"image":{"@id":"https:\/\/gut-prodis.eu\/fr\/#\/schema\/logo\/image\/"},"sameAs":["https:\/\/www.linkedin.com\/company\/gut-ev\/"]}]}},"_links":{"self":[{"href":"https:\/\/gut-prodis.eu\/fr\/wp-json\/wp\/v2\/pages\/1468","targetHints":{"allow":["GET"]}}],"collection":[{"href":"https:\/\/gut-prodis.eu\/fr\/wp-json\/wp\/v2\/pages"}],"about":[{"href":"https:\/\/gut-prodis.eu\/fr\/wp-json\/wp\/v2\/types\/page"}],"author":[{"embeddable":true,"href":"https:\/\/gut-prodis.eu\/fr\/wp-json\/wp\/v2\/users\/2"}],"replies":[{"embeddable":true,"href":"https:\/\/gut-prodis.eu\/fr\/wp-json\/wp\/v2\/comments?post=1468"}],"version-history":[{"count":3,"href":"https:\/\/gut-prodis.eu\/fr\/wp-json\/wp\/v2\/pages\/1468\/revisions"}],"predecessor-version":[{"id":3970,"href":"https:\/\/gut-prodis.eu\/fr\/wp-json\/wp\/v2\/pages\/1468\/revisions\/3970"}],"wp:attachment":[{"href":"https:\/\/gut-prodis.eu\/fr\/wp-json\/wp\/v2\/media?parent=1468"}],"wp:term":[{"taxonomy":"dipi_cpt_category","embeddable":true,"href":"https:\/\/gut-prodis.eu\/fr\/wp-json\/wp\/v2\/dipi_cpt_category?post=1468"}],"curies":[{"name":"wp","href":"https:\/\/api.w.org\/{rel}","templated":true}]}}