{"id":1618,"date":"2023-11-17T12:28:50","date_gmt":"2023-11-17T11:28:50","guid":{"rendered":"https:\/\/produktpass-teppichboden.de\/laerm-geraeusche\/"},"modified":"2023-12-04T11:46:02","modified_gmt":"2023-12-04T10:46:02","slug":"noise-sounds","status":"publish","type":"page","link":"https:\/\/gut-prodis.eu\/en\/noise-sounds\/","title":{"rendered":"noise-sounds"},"content":{"rendered":"<p>[et_pb_section fb_built=&#8221;1&#8243; _builder_version=&#8221;4.23.1&#8243; _module_preset=&#8221;default&#8221; background_color=&#8221;rgba(10,0,0,0.28)&#8221; background_image=&#8221;https:\/\/produktpass-teppichboden.de\/wp-content\/uploads\/2023\/11\/GUT_Gemeinschaft_umweltfreundlicher_Teppichboeden_ev_header15.jpg&#8221; background_position=&#8221;bottom_center&#8221; background_vertical_offset=&#8221;21%&#8221; background_blend=&#8221;multiply&#8221; height=&#8221;32vh&#8221; height_tablet=&#8221;32vh&#8221; height_phone=&#8221;36vh&#8221; height_last_edited=&#8221;on|phone&#8221; custom_margin=&#8221;0px|0px|0px|0px|false|false&#8221; custom_padding=&#8221;0px|0px|0px|0px|false|false&#8221; locked=&#8221;off&#8221; global_colors_info=&#8221;{}&#8221;][et_pb_row column_structure=&#8221;1_2,1_2&#8243; _builder_version=&#8221;4.23.1&#8243; _module_preset=&#8221;default&#8221; max_width=&#8221;100%&#8221; min_height=&#8221;100%&#8221; height=&#8221;100%&#8221; max_height=&#8221;100%&#8221; locked=&#8221;off&#8221; global_colors_info=&#8221;{}&#8221;][et_pb_column type=&#8221;1_2&#8243; _builder_version=&#8221;4.22.1&#8243; _module_preset=&#8221;default&#8221; global_colors_info=&#8221;{}&#8221;][\/et_pb_column][et_pb_column type=&#8221;1_2&#8243; _builder_version=&#8221;4.22.1&#8243; _module_preset=&#8221;default&#8221; global_colors_info=&#8221;{}&#8221;][et_pb_text _builder_version=&#8221;4.23.1&#8243; _module_preset=&#8221;default&#8221; header_font=&#8221;|||on|||||&#8221; header_text_color=&#8221;#FFFFFF&#8221; header_line_height=&#8221;1.1em&#8221; custom_margin=&#8221;10vh||8px||false|false&#8221; custom_margin_tablet=&#8221;7vh||||false|false&#8221; custom_margin_phone=&#8221;7vh||||false|false&#8221; custom_margin_last_edited=&#8221;on|phone&#8221; hover_enabled=&#8221;0&#8243; global_colors_info=&#8221;{}&#8221; sticky_enabled=&#8221;0&#8243;]<\/p>\n<h1>Noise &amp; sounds<\/h1>\n<p>[\/et_pb_text][et_pb_text _builder_version=&#8221;4.23.1&#8243; _module_preset=&#8221;default&#8221; text_font=&#8221;|||on|||||&#8221; text_text_color=&#8221;#FFFFFF&#8221; text_font_size=&#8221;24px&#8221; hover_enabled=&#8221;0&#8243; locked=&#8221;off&#8221; global_colors_info=&#8221;{}&#8221; sticky_enabled=&#8221;0&#8243;]<\/p>\n<p>Carpet: the best floor covering to fight unwanted noise<\/p>\n<p>[\/et_pb_text][\/et_pb_column][\/et_pb_row][\/et_pb_section][et_pb_section fb_built=&#8221;1&#8243; _builder_version=&#8221;4.23.1&#8243; _module_preset=&#8221;default&#8221; custom_margin=&#8221;||20px||false|false&#8221; global_colors_info=&#8221;{}&#8221;][et_pb_row _builder_version=&#8221;4.23.1&#8243; _module_preset=&#8221;default&#8221; custom_padding=&#8221;0px|||||&#8221; global_colors_info=&#8221;{}&#8221;][et_pb_column type=&#8221;4_4&#8243; _builder_version=&#8221;4.22.1&#8243; _module_preset=&#8221;default&#8221; global_colors_info=&#8221;{}&#8221;][et_pb_text _builder_version=&#8221;4.23.1&#8243; _module_preset=&#8221;default&#8221; text_line_height=&#8221;1.3em&#8221; hover_enabled=&#8221;0&#8243; global_colors_info=&#8221;{}&#8221; sticky_enabled=&#8221;0&#8243;]<\/p>\n<p>Noise and sounds are a burden in our everyday lives. Learn more about the benefits of textile floor coverings in living and working areas to reduce sounds and noise.<\/p>\n<p>[\/et_pb_text][\/et_pb_column][\/et_pb_row][et_pb_row _builder_version=&#8221;4.23.1&#8243; _module_preset=&#8221;default&#8221; custom_padding=&#8221;||0px||false|false&#8221; locked=&#8221;off&#8221; global_colors_info=&#8221;{}&#8221;][et_pb_column type=&#8221;4_4&#8243; _builder_version=&#8221;4.23.1&#8243; _module_preset=&#8221;default&#8221; global_colors_info=&#8221;{}&#8221;][et_pb_text _builder_version=&#8221;4.23.1&#8243; _module_preset=&#8221;default&#8221; header_font=&#8221;|||on|||||&#8221; header_3_font=&#8221;|600||on|||||&#8221; header_3_text_color=&#8221;#23295B&#8221; custom_margin=&#8221;||0px||false|false&#8221; hover_enabled=&#8221;0&#8243; locked=&#8221;off&#8221; global_colors_info=&#8221;{}&#8221; sticky_enabled=&#8221;0&#8243;]<\/p>\n<h3>Carpeting helps to avoid unwanted noise<\/h3>\n<p>[\/et_pb_text][et_pb_text _builder_version=&#8221;4.23.1&#8243; _module_preset=&#8221;default&#8221; hover_enabled=&#8221;0&#8243; global_colors_info=&#8221;{}&#8221; sticky_enabled=&#8221;0&#8243;]<\/p>\n<p>Noise is one of the most pervasive pollutants today. Noise from road traffic, airplanes, construction works creates the audible litter that is routinely transmitted through the air.<\/p>\n<ul>\n<li>Excessive noise levels affect mental concentration, becoming an obstacle to normal activity. At extreme levels, they generate pain and loss of hearing.<\/li>\n<li>Noise disturbs the sleep, reducing vitality and concentration. It creates stress, inducing hormonal change and increasing the production of cortisol and adrenalin.<\/li>\n<li>It leads to nervous, digestive and cardiovascular diseases. It reduces the hearing.<\/li>\n<li>A study conducted in Berlin has shown that the risk of heart failure is increased by 30% for people living in noisy streets. (Source: UBA, Press Release 19\/2004)<\/li>\n<\/ul>\n<p>[\/et_pb_text][\/et_pb_column][\/et_pb_row][et_pb_row _builder_version=&#8221;4.23.1&#8243; _module_preset=&#8221;default&#8221; custom_padding=&#8221;65px|||||&#8221; global_colors_info=&#8221;{}&#8221;][et_pb_column type=&#8221;4_4&#8243; _builder_version=&#8221;4.23.1&#8243; _module_preset=&#8221;default&#8221; global_colors_info=&#8221;{}&#8221;][et_pb_divider _builder_version=&#8221;4.23.1&#8243; _module_preset=&#8221;default&#8221; global_colors_info=&#8221;{}&#8221;][\/et_pb_divider][\/et_pb_column][\/et_pb_row][et_pb_row column_structure=&#8221;2_3,1_3&#8243; _builder_version=&#8221;4.23.1&#8243; _module_preset=&#8221;default&#8221; custom_padding=&#8221;0px||3px||false|false&#8221; locked=&#8221;off&#8221; global_colors_info=&#8221;{}&#8221;][et_pb_column type=&#8221;2_3&#8243; _builder_version=&#8221;4.23.1&#8243; _module_preset=&#8221;default&#8221; global_colors_info=&#8221;{}&#8221;][et_pb_text _builder_version=&#8221;4.23.1&#8243; _module_preset=&#8221;default&#8221; header_font=&#8221;|||on|||||&#8221; header_3_font=&#8221;|600||on|||||&#8221; header_3_text_color=&#8221;#23295B&#8221; custom_margin=&#8221;||0px||false|false&#8221; hover_enabled=&#8221;0&#8243; locked=&#8221;off&#8221; global_colors_info=&#8221;{}&#8221; sticky_enabled=&#8221;0&#8243;]<\/p>\n<h3>How to keep friendly neighbours<\/h3>\n<p>[\/et_pb_text][et_pb_text _builder_version=&#8221;4.23.1&#8243; _module_preset=&#8221;default&#8221; hover_enabled=&#8221;0&#8243; global_colors_info=&#8221;{}&#8221; sticky_enabled=&#8221;0&#8243;]<\/p>\n<section id=\"section-id-1620380284152\" class=\"sppb-section\">\n<div class=\"sppb-row-container\">\n<div class=\"sppb-row\">\n<div id=\"column-wrap-id-1620380284150\" class=\"sppb-col-md-12\">\n<div id=\"column-id-1620380284150\" class=\"sppb-column\">\n<div class=\"sppb-column-addons\">\n<div id=\"sppb-addon-wrapper-1620380284178\" class=\"sppb-addon-wrapper\">\n<div id=\"sppb-addon-1620380284178\" class=\"clearfix \">\n<div class=\"sppb-addon sppb-addon-text-block sppb-text-center \">\n<div class=\"sppb-addon-content\">\n<div>\n<p>Neighbour impact noise becomes a problem once it reaches excessive levels. Impact noise from footfalls is a quite unique problem as the exposed dwellers feel they are unable to avoid it. This then creates a strong lack of control feeling over their own environment, even though the person upstairs may be carrying out normal living activities.<\/p>\n<p>Impact noise from adjacent dwellings may act indirectly as a catalyst towards detrimental health through a variety of mechanisms. The extent of the effect on health and well-being is dependent on an individual\u2019s sensitivity, health profile, circumstances and perception of, or control over, the noise problem.<\/p>\n<\/div>\n<\/div>\n<\/div>\n<\/div>\n<\/div>\n<\/div>\n<\/div>\n<\/div>\n<\/div>\n<\/div>\n<\/section>\n<section id=\"section-id-1620384232079\" class=\"sppb-section\">\n<div class=\"sppb-row-container\">\n<div class=\"sppb-row\">\n<div id=\"column-wrap-id-1620384232080\" class=\"sppb-col-md-8\">\n<div id=\"column-id-1620384232080\" class=\"sppb-column\">\n<div class=\"sppb-column-addons\">\n<div id=\"sppb-addon-wrapper-1620384232081\" class=\"sppb-addon-wrapper\">\n<div id=\"sppb-addon-1620384232081\" class=\"clearfix \">\n<div class=\"sppb-addon sppb-addon-text-block sppb-text-center \">\n<div class=\"sppb-addon-content\">\n<div>\n<p>Non-auditory effects of domestic noise are identified as:<\/p>\n<ul>\n<li>sleep disturbance<\/li>\n<li>activity disturbance<\/li>\n<li>annoyance<\/li>\n<li>emotional response<\/li>\n<\/ul>\n<p>Activities such as resting and listening to television\/radio are the most common noise-disrupted activities and this unwanted noise may cause feelings of anger, depression and fear. Thus, noise transmission between dwellings increases tensions between neighbours and can lead to disputes, at times even physical assaults.<\/p>\n<\/div>\n<\/div>\n<\/div>\n<\/div>\n<\/div>\n<\/div>\n<\/div>\n<\/div>\n<\/div>\n<\/div>\n<\/section>\n<p>[\/et_pb_text][\/et_pb_column][et_pb_column type=&#8221;1_3&#8243; _builder_version=&#8221;4.23.1&#8243; _module_preset=&#8221;default&#8221; global_colors_info=&#8221;{}&#8221;][et_pb_image src=&#8221;https:\/\/produktpass-teppichboden.de\/wp-content\/uploads\/2023\/11\/trittschall_teppichboden_gut_de.jpg&#8221; title_text=&#8221;trittschall_teppichboden_gut_de&#8221; align=&#8221;center&#8221; _builder_version=&#8221;4.23.1&#8243; _module_preset=&#8221;default&#8221; max_width=&#8221;80%&#8221; global_colors_info=&#8221;{}&#8221;][\/et_pb_image][\/et_pb_column][\/et_pb_row][et_pb_row _builder_version=&#8221;4.23.1&#8243; _module_preset=&#8221;default&#8221; custom_padding=&#8221;65px|||||&#8221; global_colors_info=&#8221;{}&#8221;][et_pb_column type=&#8221;4_4&#8243; _builder_version=&#8221;4.23.1&#8243; _module_preset=&#8221;default&#8221; global_colors_info=&#8221;{}&#8221;][et_pb_divider _builder_version=&#8221;4.23.1&#8243; _module_preset=&#8221;default&#8221; global_colors_info=&#8221;{}&#8221;][\/et_pb_divider][\/et_pb_column][\/et_pb_row][et_pb_row column_structure=&#8221;2_3,1_3&#8243; _builder_version=&#8221;4.23.1&#8243; _module_preset=&#8221;default&#8221; custom_padding=&#8221;0px||0px||false|false&#8221; locked=&#8221;off&#8221; global_colors_info=&#8221;{}&#8221;][et_pb_column type=&#8221;2_3&#8243; _builder_version=&#8221;4.23.1&#8243; _module_preset=&#8221;default&#8221; global_colors_info=&#8221;{}&#8221;][et_pb_text _builder_version=&#8221;4.23.1&#8243; _module_preset=&#8221;default&#8221; header_font=&#8221;|||on|||||&#8221; header_3_font=&#8221;|600||on|||||&#8221; header_3_text_color=&#8221;#23295B&#8221; custom_margin=&#8221;||0px||false|false&#8221; locked=&#8221;off&#8221; global_colors_info=&#8221;{}&#8221;]<\/p>\n<h3>Teppichboden verbessert Wahrnehmung von Behaglichkeit<\/h3>\n<p>[\/et_pb_text][et_pb_text _builder_version=&#8221;4.23.1&#8243; _module_preset=&#8221;default&#8221; global_colors_info=&#8221;{}&#8221;]<\/p>\n<p>Tats\u00e4chlich verbessert ein Teppichboden sowohl die physiologische als auch die psychologische Wahrnehmung von Behaglichkeit: In einem mit Teppichboden ausgelegten Raum f\u00fchlen sich Bewohner auch dann noch wohl, wenn die Zimmertemperatur 1 bis 2\u00b0C niedriger ist als in R\u00e4umen ohne Teppichboden. Die optimale Raumtemperatur richtet sich auch nach dem Verwendungszweck und den T\u00e4tigkeiten.<\/p>\n<p>Bei sitzender T\u00e4tigkeit und leichter Bekleidung sollte die Raumtemperatur nicht unter 20 \u00b0C und nicht \u00fcber 22 \u00b0C liegen. Bei erh\u00f6hter k\u00f6rperlicher T\u00e4tigkeit oder gut isolierender Kleidung kann die Raumtemperatur entsprechend abgesenkt werden.<\/p>\n<p>Aus bauphysikalischer Sicht gibt es einen klar definierten Bereich, in dem sich der Mensch in geschlossenen R\u00e4umen am wohlsten f\u00fchlt: dem \u201cBehaglichkeitsfeld\u201d! (siehe Abbildung)<\/p>\n<p>Dieses \u201cBehaglichkeitsfeld\u201d definiert sich durch die bereits erw\u00e4hnten optimalen Raumtemperaturen und der Temperatur der umschlie\u00dfenden Fl\u00e4chen.<\/p>\n<p>[\/et_pb_text][\/et_pb_column][et_pb_column type=&#8221;1_3&#8243; _builder_version=&#8221;4.23.1&#8243; _module_preset=&#8221;default&#8221; global_colors_info=&#8221;{}&#8221;][et_pb_image src=&#8221;https:\/\/produktpass-teppichboden.de\/wp-content\/uploads\/2023\/11\/leaflet-comfort-du-08-01-2015-lr-2_08.jpg&#8221; title_text=&#8221;leaflet-comfort-du-08-01-2015-lr-2_08&#8243; show_in_lightbox=&#8221;on&#8221; align=&#8221;center&#8221; _builder_version=&#8221;4.23.1&#8243; _module_preset=&#8221;default&#8221; max_width=&#8221;80%&#8221; global_colors_info=&#8221;{}&#8221;][\/et_pb_image][\/et_pb_column][\/et_pb_row][et_pb_row _builder_version=&#8221;4.23.1&#8243; _module_preset=&#8221;default&#8221; custom_padding=&#8221;65px|||||&#8221; global_colors_info=&#8221;{}&#8221;][et_pb_column type=&#8221;4_4&#8243; _builder_version=&#8221;4.23.1&#8243; _module_preset=&#8221;default&#8221; global_colors_info=&#8221;{}&#8221;][et_pb_divider _builder_version=&#8221;4.23.1&#8243; _module_preset=&#8221;default&#8221; global_colors_info=&#8221;{}&#8221;][\/et_pb_divider][\/et_pb_column][\/et_pb_row][et_pb_row _builder_version=&#8221;4.23.1&#8243; _module_preset=&#8221;default&#8221; custom_padding=&#8221;0px||55px||false|false&#8221; global_colors_info=&#8221;{}&#8221;][et_pb_column type=&#8221;4_4&#8243; _builder_version=&#8221;4.23.1&#8243; _module_preset=&#8221;default&#8221; global_colors_info=&#8221;{}&#8221;][et_pb_text _builder_version=&#8221;4.23.1&#8243; _module_preset=&#8221;default&#8221; header_font=&#8221;|||on|||||&#8221; header_3_font=&#8221;|600||on|||||&#8221; header_3_text_color=&#8221;#23295B&#8221; custom_margin=&#8221;||0px||false|false&#8221; locked=&#8221;off&#8221; global_colors_info=&#8221;{}&#8221;]<\/p>\n<h3>Download Informationsblatt: Wohlbefinden &amp; Komfort mit textilen Bodenbel\u00e4gen<\/h3>\n<p>[\/et_pb_text][et_pb_text _builder_version=&#8221;4.23.1&#8243; _module_preset=&#8221;default&#8221; global_colors_info=&#8221;{}&#8221;]Laden Sie sich hier unser Informationsblatt zu diesem Thema als PDF herunter.[\/et_pb_text][et_pb_button button_url=&#8221;https:\/\/produktpass-teppichboden.de\/wp-content\/uploads\/2023\/11\/komfortwohlbefinden_mit_teppichboeden_gut_gemeinschaft_-umweltfreundlicher_-teppichboden_de.pdf&#8221; url_new_window=&#8221;on&#8221; button_text=&#8221;Hier downloaden&#8221; button_alignment=&#8221;center&#8221; _builder_version=&#8221;4.23.1&#8243; _module_preset=&#8221;default&#8221; custom_button=&#8221;on&#8221; button_text_size=&#8221;18px&#8221; button_text_color=&#8221;#FFFFFF&#8221; button_bg_color=&#8221;#3FA535&#8243; button_border_width=&#8221;0px&#8221; button_border_color=&#8221;RGBA(255,255,255,0)&#8221; button_border_radius=&#8221;10px&#8221; button_font=&#8221;|||on|||||&#8221; button_use_icon=&#8221;off&#8221; custom_margin=&#8221;13px|||||&#8221; global_colors_info=&#8221;{}&#8221;][\/et_pb_button][\/et_pb_column][\/et_pb_row][\/et_pb_section]<\/p>\n","protected":false},"excerpt":{"rendered":"<p>Noise &amp; soundsCarpet: the best floor covering to fight unwanted noiseNoise and sounds are a burden in our everyday lives. Learn more about the benefits of textile floor coverings in living and working areas to reduce sounds and noise.Carpeting helps to avoid unwanted noiseNoise is one of the most pervasive pollutants today. Noise from road [&hellip;]<\/p>\n","protected":false},"author":2,"featured_media":0,"parent":0,"menu_order":0,"comment_status":"closed","ping_status":"closed","template":"","meta":{"_et_pb_use_builder":"on","_et_pb_old_content":"","_et_gb_content_width":"","footnotes":""},"dipi_cpt_category":[],"class_list":["post-1618","page","type-page","status-publish","hentry"],"yoast_head":"<!-- This site is optimized with the Yoast SEO plugin v27.4 - https:\/\/yoast.com\/product\/yoast-seo-wordpress\/ -->\n<title>noise-sounds - Gemeinschaft umweltfreundlicher Teppichboden e.V. (GUT)<\/title>\n<meta name=\"robots\" content=\"index, follow, max-snippet:-1, max-image-preview:large, max-video-preview:-1\" \/>\n<link rel=\"canonical\" href=\"https:\/\/gut-prodis.eu\/en\/noise-sounds\/\" \/>\n<meta property=\"og:locale\" content=\"en_US\" \/>\n<meta property=\"og:type\" content=\"article\" \/>\n<meta property=\"og:title\" content=\"noise-sounds - Gemeinschaft umweltfreundlicher Teppichboden e.V. (GUT)\" \/>\n<meta property=\"og:description\" content=\"Noise &amp; soundsCarpet: the best floor covering to fight unwanted noiseNoise and sounds are a burden in our everyday lives. Learn more about the benefits of textile floor coverings in living and working areas to reduce sounds and noise.Carpeting helps to avoid unwanted noiseNoise is one of the most pervasive pollutants today. Noise from road [&hellip;]\" \/>\n<meta property=\"og:url\" content=\"https:\/\/gut-prodis.eu\/en\/noise-sounds\/\" \/>\n<meta property=\"og:site_name\" content=\"Gemeinschaft umweltfreundlicher Teppichboden e.V. (GUT)\" \/>\n<meta property=\"article:modified_time\" content=\"2023-12-04T10:46:02+00:00\" \/>\n<meta name=\"twitter:label1\" content=\"Est. reading time\" \/>\n\t<meta name=\"twitter:data1\" content=\"7 minutes\" \/>\n<script type=\"application\/ld+json\" class=\"yoast-schema-graph\">{\"@context\":\"https:\\\/\\\/schema.org\",\"@graph\":[{\"@type\":\"WebPage\",\"@id\":\"https:\\\/\\\/gut-prodis.eu\\\/en\\\/noise-sounds\\\/\",\"url\":\"https:\\\/\\\/gut-prodis.eu\\\/en\\\/noise-sounds\\\/\",\"name\":\"noise-sounds - Gemeinschaft umweltfreundlicher Teppichboden e.V. (GUT)\",\"isPartOf\":{\"@id\":\"https:\\\/\\\/gut-prodis.eu\\\/en\\\/#website\"},\"datePublished\":\"2023-11-17T11:28:50+00:00\",\"dateModified\":\"2023-12-04T10:46:02+00:00\",\"breadcrumb\":{\"@id\":\"https:\\\/\\\/gut-prodis.eu\\\/en\\\/noise-sounds\\\/#breadcrumb\"},\"inLanguage\":\"en-US\",\"potentialAction\":[{\"@type\":\"ReadAction\",\"target\":[\"https:\\\/\\\/gut-prodis.eu\\\/en\\\/noise-sounds\\\/\"]}]},{\"@type\":\"BreadcrumbList\",\"@id\":\"https:\\\/\\\/gut-prodis.eu\\\/en\\\/noise-sounds\\\/#breadcrumb\",\"itemListElement\":[{\"@type\":\"ListItem\",\"position\":1,\"name\":\"Startseite\",\"item\":\"https:\\\/\\\/gut-prodis.eu\\\/en\\\/\"},{\"@type\":\"ListItem\",\"position\":2,\"name\":\"noise-sounds\"}]},{\"@type\":\"WebSite\",\"@id\":\"https:\\\/\\\/gut-prodis.eu\\\/en\\\/#website\",\"url\":\"https:\\\/\\\/gut-prodis.eu\\\/en\\\/\",\"name\":\"Gemeinschaft umweltfreundlicher Teppichboden e.V. (GUT)\",\"description\":\"\",\"publisher\":{\"@id\":\"https:\\\/\\\/gut-prodis.eu\\\/en\\\/#organization\"},\"potentialAction\":[{\"@type\":\"SearchAction\",\"target\":{\"@type\":\"EntryPoint\",\"urlTemplate\":\"https:\\\/\\\/gut-prodis.eu\\\/en\\\/?s={search_term_string}\"},\"query-input\":{\"@type\":\"PropertyValueSpecification\",\"valueRequired\":true,\"valueName\":\"search_term_string\"}}],\"inLanguage\":\"en-US\"},{\"@type\":\"Organization\",\"@id\":\"https:\\\/\\\/gut-prodis.eu\\\/en\\\/#organization\",\"name\":\"Gemeinschaft umweltfreundlicher Teppichboden e.V. (GUT)\",\"url\":\"https:\\\/\\\/gut-prodis.eu\\\/en\\\/\",\"logo\":{\"@type\":\"ImageObject\",\"inLanguage\":\"en-US\",\"@id\":\"https:\\\/\\\/gut-prodis.eu\\\/en\\\/#\\\/schema\\\/logo\\\/image\\\/\",\"url\":\"https:\\\/\\\/gut-prodis.eu\\\/wp-content\\\/uploads\\\/2023\\\/10\\\/gut-teppichboden-logo.svg\",\"contentUrl\":\"https:\\\/\\\/gut-prodis.eu\\\/wp-content\\\/uploads\\\/2023\\\/10\\\/gut-teppichboden-logo.svg\",\"width\":1,\"height\":1,\"caption\":\"Gemeinschaft umweltfreundlicher Teppichboden e.V. (GUT)\"},\"image\":{\"@id\":\"https:\\\/\\\/gut-prodis.eu\\\/en\\\/#\\\/schema\\\/logo\\\/image\\\/\"},\"sameAs\":[\"https:\\\/\\\/www.linkedin.com\\\/company\\\/gut-ev\\\/\"]}]}<\/script>\n<!-- \/ Yoast SEO plugin. -->","yoast_head_json":{"title":"noise-sounds - Gemeinschaft umweltfreundlicher Teppichboden e.V. (GUT)","robots":{"index":"index","follow":"follow","max-snippet":"max-snippet:-1","max-image-preview":"max-image-preview:large","max-video-preview":"max-video-preview:-1"},"canonical":"https:\/\/gut-prodis.eu\/en\/noise-sounds\/","og_locale":"en_US","og_type":"article","og_title":"noise-sounds - Gemeinschaft umweltfreundlicher Teppichboden e.V. (GUT)","og_description":"Noise &amp; soundsCarpet: the best floor covering to fight unwanted noiseNoise and sounds are a burden in our everyday lives. Learn more about the benefits of textile floor coverings in living and working areas to reduce sounds and noise.Carpeting helps to avoid unwanted noiseNoise is one of the most pervasive pollutants today. Noise from road [&hellip;]","og_url":"https:\/\/gut-prodis.eu\/en\/noise-sounds\/","og_site_name":"Gemeinschaft umweltfreundlicher Teppichboden e.V. (GUT)","article_modified_time":"2023-12-04T10:46:02+00:00","twitter_misc":{"Est. reading time":"7 minutes"},"schema":{"@context":"https:\/\/schema.org","@graph":[{"@type":"WebPage","@id":"https:\/\/gut-prodis.eu\/en\/noise-sounds\/","url":"https:\/\/gut-prodis.eu\/en\/noise-sounds\/","name":"noise-sounds - Gemeinschaft umweltfreundlicher Teppichboden e.V. (GUT)","isPartOf":{"@id":"https:\/\/gut-prodis.eu\/en\/#website"},"datePublished":"2023-11-17T11:28:50+00:00","dateModified":"2023-12-04T10:46:02+00:00","breadcrumb":{"@id":"https:\/\/gut-prodis.eu\/en\/noise-sounds\/#breadcrumb"},"inLanguage":"en-US","potentialAction":[{"@type":"ReadAction","target":["https:\/\/gut-prodis.eu\/en\/noise-sounds\/"]}]},{"@type":"BreadcrumbList","@id":"https:\/\/gut-prodis.eu\/en\/noise-sounds\/#breadcrumb","itemListElement":[{"@type":"ListItem","position":1,"name":"Startseite","item":"https:\/\/gut-prodis.eu\/en\/"},{"@type":"ListItem","position":2,"name":"noise-sounds"}]},{"@type":"WebSite","@id":"https:\/\/gut-prodis.eu\/en\/#website","url":"https:\/\/gut-prodis.eu\/en\/","name":"Gemeinschaft umweltfreundlicher Teppichboden e.V. (GUT)","description":"","publisher":{"@id":"https:\/\/gut-prodis.eu\/en\/#organization"},"potentialAction":[{"@type":"SearchAction","target":{"@type":"EntryPoint","urlTemplate":"https:\/\/gut-prodis.eu\/en\/?s={search_term_string}"},"query-input":{"@type":"PropertyValueSpecification","valueRequired":true,"valueName":"search_term_string"}}],"inLanguage":"en-US"},{"@type":"Organization","@id":"https:\/\/gut-prodis.eu\/en\/#organization","name":"Gemeinschaft umweltfreundlicher Teppichboden e.V. (GUT)","url":"https:\/\/gut-prodis.eu\/en\/","logo":{"@type":"ImageObject","inLanguage":"en-US","@id":"https:\/\/gut-prodis.eu\/en\/#\/schema\/logo\/image\/","url":"https:\/\/gut-prodis.eu\/wp-content\/uploads\/2023\/10\/gut-teppichboden-logo.svg","contentUrl":"https:\/\/gut-prodis.eu\/wp-content\/uploads\/2023\/10\/gut-teppichboden-logo.svg","width":1,"height":1,"caption":"Gemeinschaft umweltfreundlicher Teppichboden e.V. (GUT)"},"image":{"@id":"https:\/\/gut-prodis.eu\/en\/#\/schema\/logo\/image\/"},"sameAs":["https:\/\/www.linkedin.com\/company\/gut-ev\/"]}]}},"_links":{"self":[{"href":"https:\/\/gut-prodis.eu\/en\/wp-json\/wp\/v2\/pages\/1618","targetHints":{"allow":["GET"]}}],"collection":[{"href":"https:\/\/gut-prodis.eu\/en\/wp-json\/wp\/v2\/pages"}],"about":[{"href":"https:\/\/gut-prodis.eu\/en\/wp-json\/wp\/v2\/types\/page"}],"author":[{"embeddable":true,"href":"https:\/\/gut-prodis.eu\/en\/wp-json\/wp\/v2\/users\/2"}],"replies":[{"embeddable":true,"href":"https:\/\/gut-prodis.eu\/en\/wp-json\/wp\/v2\/comments?post=1618"}],"version-history":[{"count":2,"href":"https:\/\/gut-prodis.eu\/en\/wp-json\/wp\/v2\/pages\/1618\/revisions"}],"predecessor-version":[{"id":1626,"href":"https:\/\/gut-prodis.eu\/en\/wp-json\/wp\/v2\/pages\/1618\/revisions\/1626"}],"wp:attachment":[{"href":"https:\/\/gut-prodis.eu\/en\/wp-json\/wp\/v2\/media?parent=1618"}],"wp:term":[{"taxonomy":"dipi_cpt_category","embeddable":true,"href":"https:\/\/gut-prodis.eu\/en\/wp-json\/wp\/v2\/dipi_cpt_category?post=1618"}],"curies":[{"name":"wp","href":"https:\/\/api.w.org\/{rel}","templated":true}]}}