{"id":1564,"date":"2023-11-17T12:28:01","date_gmt":"2023-11-17T11:28:01","guid":{"rendered":"https:\/\/produktpass-teppichboden.de\/feinstaub-hausstaub\/"},"modified":"2024-01-22T10:47:04","modified_gmt":"2024-01-22T09:47:04","slug":"fine-dust-indoors","status":"publish","type":"page","link":"https:\/\/gut-prodis.eu\/en\/fine-dust-indoors\/","title":{"rendered":"fine-dust-indoors"},"content":{"rendered":"<p>[et_pb_section fb_built=&#8221;1&#8243; _builder_version=&#8221;4.23.1&#8243; _module_preset=&#8221;default&#8221; background_color=&#8221;rgba(10,0,0,0.28)&#8221; background_image=&#8221;https:\/\/produktpass-teppichboden.de\/wp-content\/uploads\/2023\/11\/GUT_Gemeinschaft_umweltfreundlicher_Teppichboeden_ev_header1.jpg&#8221; background_position=&#8221;top_center&#8221; background_vertical_offset=&#8221;36%&#8221; background_blend=&#8221;multiply&#8221; height=&#8221;32vh&#8221; height_tablet=&#8221;32vh&#8221; height_phone=&#8221;36vh&#8221; height_last_edited=&#8221;on|phone&#8221; custom_margin=&#8221;0px|0px|0px|0px|false|false&#8221; custom_padding=&#8221;0px|0px|0px|0px|false|false&#8221; locked=&#8221;off&#8221; global_colors_info=&#8221;{}&#8221;][et_pb_row column_structure=&#8221;1_2,1_2&#8243; _builder_version=&#8221;4.23.1&#8243; _module_preset=&#8221;default&#8221; max_width=&#8221;100%&#8221; min_height=&#8221;100%&#8221; height=&#8221;100%&#8221; max_height=&#8221;100%&#8221; locked=&#8221;off&#8221; global_colors_info=&#8221;{}&#8221;][et_pb_column type=&#8221;1_2&#8243; _builder_version=&#8221;4.22.1&#8243; _module_preset=&#8221;default&#8221; global_colors_info=&#8221;{}&#8221;][\/et_pb_column][et_pb_column type=&#8221;1_2&#8243; _builder_version=&#8221;4.22.1&#8243; _module_preset=&#8221;default&#8221; global_colors_info=&#8221;{}&#8221;][et_pb_text _builder_version=&#8221;4.23.1&#8243; _module_preset=&#8221;default&#8221; header_font=&#8221;|||on|||||&#8221; header_text_color=&#8221;#FFFFFF&#8221; header_line_height=&#8221;1.1em&#8221; custom_margin=&#8221;10vh||8px||false|false&#8221; custom_margin_tablet=&#8221;7vh||||false|false&#8221; custom_margin_phone=&#8221;7vh||||false|false&#8221; custom_margin_last_edited=&#8221;on|phone&#8221; global_colors_info=&#8221;{}&#8221;]<\/p>\n<h1>Fine Dust indoors<\/h1>\n<p>[\/et_pb_text][\/et_pb_column][\/et_pb_row][\/et_pb_section][et_pb_section fb_built=&#8221;1&#8243; _builder_version=&#8221;4.23.1&#8243; _module_preset=&#8221;default&#8221; custom_margin=&#8221;||20px||false|false&#8221; global_colors_info=&#8221;{}&#8221;][et_pb_row _builder_version=&#8221;4.22.1&#8243; _module_preset=&#8221;default&#8221; custom_margin=&#8221;||0px||false|false&#8221; custom_padding=&#8221;0px||0px||false|false&#8221; global_colors_info=&#8221;{}&#8221;][et_pb_column type=&#8221;4_4&#8243; _builder_version=&#8221;4.22.1&#8243; _module_preset=&#8221;default&#8221; global_colors_info=&#8221;{}&#8221;][et_pb_text _builder_version=&#8221;4.23.1&#8243; _module_preset=&#8221;default&#8221; text_line_height=&#8221;1.3em&#8221; global_colors_info=&#8221;{}&#8221;]<\/p>\n<p>For those allergy sufferers, particulates and endotoxins in the air are not only a nuisance as they can trigger asthma attacks, but can also cause other diseases. Studies prove that the use of textile flooring can reduce the amount of fine dust particles in the air and therefore significantly reduce the risk of breathing related health issues.<\/p>\n<p>[\/et_pb_text][\/et_pb_column][\/et_pb_row][et_pb_row _builder_version=&#8221;4.23.1&#8243; _module_preset=&#8221;default&#8221; custom_padding=&#8221;50px|||||&#8221; locked=&#8221;off&#8221; global_colors_info=&#8221;{}&#8221;][et_pb_column type=&#8221;4_4&#8243; _builder_version=&#8221;4.23.1&#8243; _module_preset=&#8221;default&#8221; global_colors_info=&#8221;{}&#8221;][et_pb_text _builder_version=&#8221;4.23.1&#8243; _module_preset=&#8221;default&#8221; header_4_font=&#8221;|600|||||||&#8221; global_colors_info=&#8221;{}&#8221;]<\/p>\n<h4>Feinstaub in der Raumluft<\/h4>\n<p>Durch die Verwendung eines Teppichbodens wird das Risiko einer erh\u00f6hten Feinstaubbelastung in Innenr\u00e4umen, im Gegensatz zu einem glatten Boden, deutlich gemindert. Glatte und harte Oberfl\u00e4chen, wie Parkett, Laminat oder Fliesen, weisen keine Staubbindekapazit\u00e4t auf, sodass der Staub durch die Raumluft wirbelt. Teppichb\u00f6den k\u00f6nnen dies verhindern, indem der Staub in der textilen Oberfl\u00e4che, dem sogenannten Flor, gebunden wird. Auf diese Weise gelangt der Staub nicht in die Raumluft und kann dadurch nicht eingeatmet werden. Die Feinstaubkonzentration eines Innenraums mit Hartboden ist doppelt so hoch wie die in einem Innenraum, der mit Teppichboden ausgelegt ist.[\/et_pb_text][\/et_pb_column][\/et_pb_row][et_pb_row column_structure=&#8221;3_5,2_5&#8243; _builder_version=&#8221;4.23.1&#8243; _module_preset=&#8221;default&#8221; global_colors_info=&#8221;{}&#8221;][et_pb_column type=&#8221;3_5&#8243; _builder_version=&#8221;4.23.1&#8243; _module_preset=&#8221;default&#8221; global_colors_info=&#8221;{}&#8221;][et_pb_text _builder_version=&#8221;4.23.1&#8243; _module_preset=&#8221;default&#8221; header_4_font=&#8221;|600|||||||&#8221; global_colors_info=&#8221;{}&#8221;]<\/p>\n<h4>Fine dust in Indoor Air<\/h4>\n<p>The use of a carpet significantly reduces the risk of fine dust pollution indoors. Unlike smooth flooring such as parquet, laminate, wood or ceramic tiles which have no dust-binding capacity and the dust is whirled through the air, carpets prevent this by trapping the dust in the surface pile. Therefore, the dust cannot get into the indoor air and consequently cannot be inhaled.<span class=\"Apple-converted-space\">\u00a0\u00a0<\/span>Generally, the concentration of fine dust in an interior with hard flooring is twice as high as in an interior with a carpeted floor.<\/p>\n<p>[\/et_pb_text][\/et_pb_column][et_pb_column type=&#8221;2_5&#8243; _builder_version=&#8221;4.23.1&#8243; _module_preset=&#8221;default&#8221; global_colors_info=&#8221;{}&#8221;][et_pb_image src=&#8221;https:\/\/produktpass-teppichboden.de\/wp-content\/uploads\/2023\/11\/feinstaubkonzentration-nach-bodenbelagsart-gut.gif&#8221; title_text=&#8221;feinstaubkonzentration-nach-bodenbelagsart-gut&#8221; _builder_version=&#8221;4.23.1&#8243; _module_preset=&#8221;default&#8221; global_colors_info=&#8221;{}&#8221;][\/et_pb_image][et_pb_text _builder_version=&#8221;4.23.1&#8243; _module_preset=&#8221;default&#8221; global_colors_info=&#8221;{}&#8221;]<\/p>\n<p><em>The fine dust concentration in an interior with hard flooring is twice as high as in an interior with carpet<\/em><\/p>\n<p>[\/et_pb_text][\/et_pb_column][\/et_pb_row][et_pb_row column_structure=&#8221;1_3,2_3&#8243; _builder_version=&#8221;4.23.1&#8243; _module_preset=&#8221;default&#8221; custom_padding=&#8221;||60px|||&#8221; global_colors_info=&#8221;{}&#8221;][et_pb_column type=&#8221;1_3&#8243; _builder_version=&#8221;4.23.1&#8243; _module_preset=&#8221;default&#8221; global_colors_info=&#8221;{}&#8221;][et_pb_image src=&#8221;https:\/\/produktpass-teppichboden.de\/wp-content\/uploads\/2023\/11\/hausstaubmilben-teppichboden-gut.jpg&#8221; title_text=&#8221;hausstaubmilben-teppichboden-gut&#8221; _builder_version=&#8221;4.23.1&#8243; _module_preset=&#8221;default&#8221; global_colors_info=&#8221;{}&#8221;][\/et_pb_image][\/et_pb_column][et_pb_column type=&#8221;2_3&#8243; _builder_version=&#8221;4.23.1&#8243; _module_preset=&#8221;default&#8221; global_colors_info=&#8221;{}&#8221;][et_pb_text _builder_version=&#8221;4.23.1&#8243; _module_preset=&#8221;default&#8221; header_4_font=&#8221;|600|||||||&#8221; global_colors_info=&#8221;{}&#8221;]<\/p>\n<h4>Facts about house dust mites<\/h4>\n<p class=\"p1\">Carpet is a far from ideal habitat for dust mites as they need food, moisture and warmth to survive. Therefore, they are far more likely to be found in beds and upholstered furniture which provide the right levels of humidity, warmth and low light levels for populations to thrive. In fact, the occurrence of house dust mite allergens in mattresses is 1.5x higher than the number in the dust in bedroom carpets.\u00a0<\/p>\n<p class=\"p1\">The house dust mite itself is not the problem for asthma sufferers, instead it is the allergen which is in their faecal matter which is inhaled with the air which causes asthma. As heat and moisture do not occur in carpet, dust mites are unable to survive as they cannot reproduce in this environment. However, as dust mites and allergens can travel in the air, good ventilation which controls humidity, in critical areas such as bedrooms, ensures that the dust mite population is kept in check.<span class=\"Apple-converted-space\">\u00a0\u00a0<\/span>Regular vacuuming of the carpet also removes any remaining allergen particles.<\/p>\n<p>[\/et_pb_text][\/et_pb_column][\/et_pb_row][et_pb_row _builder_version=&#8221;4.23.1&#8243; _module_preset=&#8221;default&#8221; custom_padding=&#8221;||57px|||&#8221; global_colors_info=&#8221;{}&#8221;][et_pb_column type=&#8221;4_4&#8243; _builder_version=&#8221;4.23.1&#8243; _module_preset=&#8221;default&#8221; global_colors_info=&#8221;{}&#8221;][et_pb_text _builder_version=&#8221;4.23.1&#8243; _module_preset=&#8221;default&#8221; header_2_font=&#8221;|700||on|||||&#8221; header_2_text_color=&#8221;#23295B&#8221; header_3_font=&#8221;|700||on|||||&#8221; header_3_text_color=&#8221;#23295B&#8221; custom_margin=&#8221;||0px||false|false&#8221; global_colors_info=&#8221;{}&#8221;]<\/p>\n<h2 class=\"sppb-addon-title\">Dust mites are almost never found in offices<\/h2>\n<p>[\/et_pb_text][et_pb_text _builder_version=&#8221;4.23.1&#8243; _module_preset=&#8221;default&#8221; global_colors_info=&#8221;{}&#8221;]<\/p>\n<p>Dust mites are almost never found in offices, and in a study comparing carpets from twenty seven randomly selected offices with 30 bedroom carpets, the level of house dust mite allergen was found to be 0.32 \u03bcg\/g compared to 18.4 \u03bcg\/g in the bedrooms. Therefore the conclusion is that working in a carpeted office does not pose an increased risk to allergy sufferers.<\/p>\n<p>[\/et_pb_text][\/et_pb_column][\/et_pb_row][\/et_pb_section]<\/p>\n","protected":false},"excerpt":{"rendered":"<p>Fine Dust indoorsFor those allergy sufferers, particulates and endotoxins in the air are not only a nuisance as they can trigger asthma attacks, but can also cause other diseases. Studies prove that the use of textile flooring can reduce the amount of fine dust particles in the air and therefore significantly reduce the risk of [&hellip;]<\/p>\n","protected":false},"author":2,"featured_media":0,"parent":0,"menu_order":0,"comment_status":"closed","ping_status":"closed","template":"","meta":{"_et_pb_use_builder":"on","_et_pb_old_content":"","_et_gb_content_width":"","footnotes":""},"dipi_cpt_category":[],"class_list":["post-1564","page","type-page","status-publish","hentry"],"yoast_head":"<!-- This site is optimized with the Yoast SEO plugin v27.4 - https:\/\/yoast.com\/product\/yoast-seo-wordpress\/ -->\n<title>Advantages of carpets in relation to fine dust &amp; house dust<\/title>\n<meta name=\"description\" content=\"Textile floor coverings help to reduce the concentration of fine dust in indoor air and therefore have a positive effect on the Indoor Air Quality\" \/>\n<meta name=\"robots\" content=\"index, follow, max-snippet:-1, max-image-preview:large, max-video-preview:-1\" \/>\n<link rel=\"canonical\" href=\"https:\/\/gut-prodis.eu\/en\/fine-dust-indoors\/\" \/>\n<meta property=\"og:locale\" content=\"en_US\" \/>\n<meta property=\"og:type\" content=\"article\" \/>\n<meta property=\"og:title\" content=\"Advantages of carpets in relation to fine dust &amp; house dust\" \/>\n<meta property=\"og:description\" content=\"Textile floor coverings help to reduce the concentration of fine dust in indoor air and therefore have a positive effect on the Indoor Air Quality\" \/>\n<meta property=\"og:url\" content=\"https:\/\/gut-prodis.eu\/en\/fine-dust-indoors\/\" \/>\n<meta property=\"og:site_name\" content=\"Gemeinschaft umweltfreundlicher Teppichboden e.V. (GUT)\" \/>\n<meta property=\"article:modified_time\" content=\"2024-01-22T09:47:04+00:00\" \/>\n<meta name=\"twitter:label1\" content=\"Est. reading time\" \/>\n\t<meta name=\"twitter:data1\" content=\"5 minutes\" \/>\n<script type=\"application\/ld+json\" class=\"yoast-schema-graph\">{\"@context\":\"https:\\\/\\\/schema.org\",\"@graph\":[{\"@type\":\"WebPage\",\"@id\":\"https:\\\/\\\/gut-prodis.eu\\\/en\\\/fine-dust-indoors\\\/\",\"url\":\"https:\\\/\\\/gut-prodis.eu\\\/en\\\/fine-dust-indoors\\\/\",\"name\":\"Advantages of carpets in relation to fine dust & house dust\",\"isPartOf\":{\"@id\":\"https:\\\/\\\/gut-prodis.eu\\\/en\\\/#website\"},\"datePublished\":\"2023-11-17T11:28:01+00:00\",\"dateModified\":\"2024-01-22T09:47:04+00:00\",\"description\":\"Textile floor coverings help to reduce the concentration of fine dust in indoor air and therefore have a positive effect on the Indoor Air Quality\",\"breadcrumb\":{\"@id\":\"https:\\\/\\\/gut-prodis.eu\\\/en\\\/fine-dust-indoors\\\/#breadcrumb\"},\"inLanguage\":\"en-US\",\"potentialAction\":[{\"@type\":\"ReadAction\",\"target\":[\"https:\\\/\\\/gut-prodis.eu\\\/en\\\/fine-dust-indoors\\\/\"]}]},{\"@type\":\"BreadcrumbList\",\"@id\":\"https:\\\/\\\/gut-prodis.eu\\\/en\\\/fine-dust-indoors\\\/#breadcrumb\",\"itemListElement\":[{\"@type\":\"ListItem\",\"position\":1,\"name\":\"Startseite\",\"item\":\"https:\\\/\\\/gut-prodis.eu\\\/en\\\/\"},{\"@type\":\"ListItem\",\"position\":2,\"name\":\"fine-dust-indoors\"}]},{\"@type\":\"WebSite\",\"@id\":\"https:\\\/\\\/gut-prodis.eu\\\/en\\\/#website\",\"url\":\"https:\\\/\\\/gut-prodis.eu\\\/en\\\/\",\"name\":\"Gemeinschaft umweltfreundlicher Teppichboden e.V. (GUT)\",\"description\":\"\",\"publisher\":{\"@id\":\"https:\\\/\\\/gut-prodis.eu\\\/en\\\/#organization\"},\"potentialAction\":[{\"@type\":\"SearchAction\",\"target\":{\"@type\":\"EntryPoint\",\"urlTemplate\":\"https:\\\/\\\/gut-prodis.eu\\\/en\\\/?s={search_term_string}\"},\"query-input\":{\"@type\":\"PropertyValueSpecification\",\"valueRequired\":true,\"valueName\":\"search_term_string\"}}],\"inLanguage\":\"en-US\"},{\"@type\":\"Organization\",\"@id\":\"https:\\\/\\\/gut-prodis.eu\\\/en\\\/#organization\",\"name\":\"Gemeinschaft umweltfreundlicher Teppichboden e.V. (GUT)\",\"url\":\"https:\\\/\\\/gut-prodis.eu\\\/en\\\/\",\"logo\":{\"@type\":\"ImageObject\",\"inLanguage\":\"en-US\",\"@id\":\"https:\\\/\\\/gut-prodis.eu\\\/en\\\/#\\\/schema\\\/logo\\\/image\\\/\",\"url\":\"https:\\\/\\\/gut-prodis.eu\\\/wp-content\\\/uploads\\\/2023\\\/10\\\/gut-teppichboden-logo.svg\",\"contentUrl\":\"https:\\\/\\\/gut-prodis.eu\\\/wp-content\\\/uploads\\\/2023\\\/10\\\/gut-teppichboden-logo.svg\",\"width\":1,\"height\":1,\"caption\":\"Gemeinschaft umweltfreundlicher Teppichboden e.V. (GUT)\"},\"image\":{\"@id\":\"https:\\\/\\\/gut-prodis.eu\\\/en\\\/#\\\/schema\\\/logo\\\/image\\\/\"},\"sameAs\":[\"https:\\\/\\\/www.linkedin.com\\\/company\\\/gut-ev\\\/\"]}]}<\/script>\n<!-- \/ Yoast SEO plugin. -->","yoast_head_json":{"title":"Advantages of carpets in relation to fine dust & house dust","description":"Textile floor coverings help to reduce the concentration of fine dust in indoor air and therefore have a positive effect on the Indoor Air Quality","robots":{"index":"index","follow":"follow","max-snippet":"max-snippet:-1","max-image-preview":"max-image-preview:large","max-video-preview":"max-video-preview:-1"},"canonical":"https:\/\/gut-prodis.eu\/en\/fine-dust-indoors\/","og_locale":"en_US","og_type":"article","og_title":"Advantages of carpets in relation to fine dust & house dust","og_description":"Textile floor coverings help to reduce the concentration of fine dust in indoor air and therefore have a positive effect on the Indoor Air Quality","og_url":"https:\/\/gut-prodis.eu\/en\/fine-dust-indoors\/","og_site_name":"Gemeinschaft umweltfreundlicher Teppichboden e.V. (GUT)","article_modified_time":"2024-01-22T09:47:04+00:00","twitter_misc":{"Est. reading time":"5 minutes"},"schema":{"@context":"https:\/\/schema.org","@graph":[{"@type":"WebPage","@id":"https:\/\/gut-prodis.eu\/en\/fine-dust-indoors\/","url":"https:\/\/gut-prodis.eu\/en\/fine-dust-indoors\/","name":"Advantages of carpets in relation to fine dust & house dust","isPartOf":{"@id":"https:\/\/gut-prodis.eu\/en\/#website"},"datePublished":"2023-11-17T11:28:01+00:00","dateModified":"2024-01-22T09:47:04+00:00","description":"Textile floor coverings help to reduce the concentration of fine dust in indoor air and therefore have a positive effect on the Indoor Air Quality","breadcrumb":{"@id":"https:\/\/gut-prodis.eu\/en\/fine-dust-indoors\/#breadcrumb"},"inLanguage":"en-US","potentialAction":[{"@type":"ReadAction","target":["https:\/\/gut-prodis.eu\/en\/fine-dust-indoors\/"]}]},{"@type":"BreadcrumbList","@id":"https:\/\/gut-prodis.eu\/en\/fine-dust-indoors\/#breadcrumb","itemListElement":[{"@type":"ListItem","position":1,"name":"Startseite","item":"https:\/\/gut-prodis.eu\/en\/"},{"@type":"ListItem","position":2,"name":"fine-dust-indoors"}]},{"@type":"WebSite","@id":"https:\/\/gut-prodis.eu\/en\/#website","url":"https:\/\/gut-prodis.eu\/en\/","name":"Gemeinschaft umweltfreundlicher Teppichboden e.V. (GUT)","description":"","publisher":{"@id":"https:\/\/gut-prodis.eu\/en\/#organization"},"potentialAction":[{"@type":"SearchAction","target":{"@type":"EntryPoint","urlTemplate":"https:\/\/gut-prodis.eu\/en\/?s={search_term_string}"},"query-input":{"@type":"PropertyValueSpecification","valueRequired":true,"valueName":"search_term_string"}}],"inLanguage":"en-US"},{"@type":"Organization","@id":"https:\/\/gut-prodis.eu\/en\/#organization","name":"Gemeinschaft umweltfreundlicher Teppichboden e.V. (GUT)","url":"https:\/\/gut-prodis.eu\/en\/","logo":{"@type":"ImageObject","inLanguage":"en-US","@id":"https:\/\/gut-prodis.eu\/en\/#\/schema\/logo\/image\/","url":"https:\/\/gut-prodis.eu\/wp-content\/uploads\/2023\/10\/gut-teppichboden-logo.svg","contentUrl":"https:\/\/gut-prodis.eu\/wp-content\/uploads\/2023\/10\/gut-teppichboden-logo.svg","width":1,"height":1,"caption":"Gemeinschaft umweltfreundlicher Teppichboden e.V. (GUT)"},"image":{"@id":"https:\/\/gut-prodis.eu\/en\/#\/schema\/logo\/image\/"},"sameAs":["https:\/\/www.linkedin.com\/company\/gut-ev\/"]}]}},"_links":{"self":[{"href":"https:\/\/gut-prodis.eu\/en\/wp-json\/wp\/v2\/pages\/1564","targetHints":{"allow":["GET"]}}],"collection":[{"href":"https:\/\/gut-prodis.eu\/en\/wp-json\/wp\/v2\/pages"}],"about":[{"href":"https:\/\/gut-prodis.eu\/en\/wp-json\/wp\/v2\/types\/page"}],"author":[{"embeddable":true,"href":"https:\/\/gut-prodis.eu\/en\/wp-json\/wp\/v2\/users\/2"}],"replies":[{"embeddable":true,"href":"https:\/\/gut-prodis.eu\/en\/wp-json\/wp\/v2\/comments?post=1564"}],"version-history":[{"count":3,"href":"https:\/\/gut-prodis.eu\/en\/wp-json\/wp\/v2\/pages\/1564\/revisions"}],"predecessor-version":[{"id":3961,"href":"https:\/\/gut-prodis.eu\/en\/wp-json\/wp\/v2\/pages\/1564\/revisions\/3961"}],"wp:attachment":[{"href":"https:\/\/gut-prodis.eu\/en\/wp-json\/wp\/v2\/media?parent=1564"}],"wp:term":[{"taxonomy":"dipi_cpt_category","embeddable":true,"href":"https:\/\/gut-prodis.eu\/en\/wp-json\/wp\/v2\/dipi_cpt_category?post=1564"}],"curies":[{"name":"wp","href":"https:\/\/api.w.org\/{rel}","templated":true}]}}